{"id":275,"date":"2019-12-27T02:32:58","date_gmt":"2019-12-27T02:32:58","guid":{"rendered":"http:\/\/mp.aleph-consult.de\/?page_id=275"},"modified":"2022-04-19T13:22:52","modified_gmt":"2022-04-19T11:22:52","slug":"fit-fur-das-russlandgeschaft","status":"publish","type":"page","link":"https:\/\/mp.aleph-consult.de\/ru\/fit-fur-auslandsmarkte\/fit-fur-das-russlandgeschaft\/","title":{"rendered":"Fit f\u00fcr das Russlandgesch\u00e4ft"},"content":{"rendered":"\r\n<p><strong>Alle Aktivit\u00e4ten mit Russland wurden aufgrund des Angriffs auf die Ukraine im M\u00e4rz 2022 suspendiert.<\/strong><\/p>\r\n<p>Das Training zielt auf die Anbahnung von Gesch\u00e4ftskontakten und Wirtschaftskooperationen mit russischen Unternehmen und vermittelt das dazu notwendige Know-how.<br \/>\r\nRussland ist ein wichtiger Export- und Investitionsmarkt f\u00fcr deutsche Unternehmen. Der Modernisierungsbedarf der russischen Wirtschaft ist nach wie vor umfassend. Dadurch bietet das Land vielf\u00e4ltige Chancen f\u00fcr deutsche Unternehmen \u2013 auch jenseits von Moskau. Gerade in den russischen Regionen liegen unerschlossene Wachstumspotentiale f\u00fcr die wirtschaftliche Zusammenarbeit zwischen deutschen und russischen Unternehmen. Kooperationen sollten jedoch nicht unvorbereitet geschlossen werden, sie bed\u00fcrfen der sorgf\u00e4ltigen Planung. F\u00fcr eine erfolgreiche Zusammenarbeit sind Mitarbeiter mit Russlandkompetenzen und -erfahrung ein entscheidender Schl\u00fcssel zum Erfolg.<\/p>\r\n\r\n\r\n<p>Das Programm \u201eFit f\u00fcr das Russlandgesch\u00e4ft\u201c gr\u00fcndet auf der gemeinsamen Erkl\u00e4rung der Regierungen der Bundesrepublik Deutschland und der Russischen F\u00f6deration \u00fcber die Zusammenarbeit bei der Fortbildung von deutschen und russischen F\u00fchrungskr\u00e4ften der Wirtschaft.<br \/>\r\nEs wird von der Russischen F\u00f6deration dem Ministerium f\u00fcr wirtschaftliche Entwicklung finanziert und vom Bundesministerium f\u00fcr Wirtschaft und Klimaschutz (BMWK) gef\u00f6rdert. Mit der Programmkoordination und -durchf\u00fchrung sind die Deutsche Gesellschaft f\u00fcr Internationale Zusammenarbeit (GIZ) und das russische F\u00f6derale Ressourcenzentrum in Moskau beauftragt.<\/p>\r\n\r\n\r\n<p><strong><a href=\"http:\/\/mp.aleph-consult.de\/wp-content\/uploads\/2020\/11\/Interessenbekundung-2020.pdf\" target=\"_blank\" rel=\"noopener noreferrer\">Interessenbekundung<\/a><\/strong><br \/>\r\n<strong><a href=\"http:\/\/mp.aleph-consult.de\/wp-content\/uploads\/2019\/12\/bmwi-flyer-fit-fu_r-russland-din-lang-0117-bf_final.pdf\" target=\"_blank\" rel=\"noopener noreferrer\">Download Flyer<\/a><\/strong><\/p>\r\n\r\n\r\n<p><strong><a href=\"http:\/\/mp.aleph-consult.de\/uber-die-programme\/\">Beispiele aus der Praxis<\/a><\/strong><\/p>\r\n<p><strong>\r\n<\/strong><\/p>\r\n<p><strong><a href=\"http:\/\/mp.aleph-consult.de\/fit-fur-auslandsmarkte\/\" target=\"_blank\" rel=\"noopener noreferrer\">Markus Szirmay, Teilnehmer des Programms \u201eFit f\u00fcr das Russlandgesch\u00e4ft\u201c unterwegs in Sibirien<\/a><\/strong><\/p>\r\n<p>&nbsp;<\/p>\r\n\r\n<h2>Impressionen aus dem Programm &#8220;Fit f\u00fcr das Russlandgesch\u00e4ft&#8221;<\/h2>\r\n<!-- default-view.php -->\n<div\n\tclass=\"ngg-galleryoverview default-view \"\n\tid=\"ngg-gallery-c86105953aa20e2f8692f0f27d4f7a21-1\">\n\n\t\t<!-- Thumbnails -->\n\t\t\t\t<div id=\"ngg-image-0\" class=\"ngg-gallery-thumbnail-box \" >\n\t\t\t\t        <div class=\"ngg-gallery-thumbnail\">\n            <a href=\"https:\/\/mp.aleph-consult.de\/wp-content\/gallery\/ffr\/DSC_0054.jpg\"\n               title=\"\"\n               data-src=\"https:\/\/mp.aleph-consult.de\/wp-content\/gallery\/ffr\/DSC_0054.jpg\"\n               data-thumbnail=\"https:\/\/mp.aleph-consult.de\/wp-content\/gallery\/ffr\/thumbs\/thumbs_DSC_0054.jpg\"\n               data-image-id=\"473\"\n               data-title=\"Impressionen aus dem Programm &quot;Fit f\u00fcr das Russlandgesch\u00e4ft&quot;\"\n               data-description=\"\"\n               data-image-slug=\"dsc_0054\"\n               class=\"ngg-simplelightbox\" rel=\"c86105953aa20e2f8692f0f27d4f7a21\">\n                <img\n                    title=\"Impressionen aus dem Programm &quot;Fit f\u00fcr das Russlandgesch\u00e4ft&quot;\"\n                    alt=\"Impressionen aus dem Programm &quot;Fit f\u00fcr das Russlandgesch\u00e4ft&quot;\"\n                    src=\"https:\/\/mp.aleph-consult.de\/wp-content\/gallery\/ffr\/thumbs\/thumbs_DSC_0054.jpg\"\n                    width=\"240\"\n                    height=\"160\"\n                    style=\"max-width:100%;\"\n                \/>\n            <\/a>\n        <\/div>\n\t\t\t\t\t\t\t<\/div> \n\t\t\t\n\t\t\t\t<div id=\"ngg-image-1\" class=\"ngg-gallery-thumbnail-box \" >\n\t\t\t\t        <div class=\"ngg-gallery-thumbnail\">\n            <a href=\"https:\/\/mp.aleph-consult.de\/wp-content\/gallery\/ffr\/DSC_0707.jpg\"\n               title=\"\"\n               data-src=\"https:\/\/mp.aleph-consult.de\/wp-content\/gallery\/ffr\/DSC_0707.jpg\"\n               data-thumbnail=\"https:\/\/mp.aleph-consult.de\/wp-content\/gallery\/ffr\/thumbs\/thumbs_DSC_0707.jpg\"\n               data-image-id=\"474\"\n               data-title=\"Impressionen aus dem Programm &quot;Fit f\u00fcr das Russlandgesch\u00e4ft&quot;\"\n               data-description=\"\"\n               data-image-slug=\"dsc_0707\"\n               class=\"ngg-simplelightbox\" rel=\"c86105953aa20e2f8692f0f27d4f7a21\">\n                <img\n                    title=\"Impressionen aus dem Programm &quot;Fit f\u00fcr das Russlandgesch\u00e4ft&quot;\"\n                    alt=\"Impressionen aus dem Programm &quot;Fit f\u00fcr das Russlandgesch\u00e4ft&quot;\"\n                    src=\"https:\/\/mp.aleph-consult.de\/wp-content\/gallery\/ffr\/thumbs\/thumbs_DSC_0707.jpg\"\n                    width=\"240\"\n                    height=\"160\"\n                    style=\"max-width:100%;\"\n                \/>\n            <\/a>\n        <\/div>\n\t\t\t\t\t\t\t<\/div> \n\t\t\t\n\t\t\t\t<div id=\"ngg-image-2\" class=\"ngg-gallery-thumbnail-box \" >\n\t\t\t\t        <div class=\"ngg-gallery-thumbnail\">\n            <a href=\"https:\/\/mp.aleph-consult.de\/wp-content\/gallery\/ffr\/DSC_0772.jpg\"\n               title=\"\"\n               data-src=\"https:\/\/mp.aleph-consult.de\/wp-content\/gallery\/ffr\/DSC_0772.jpg\"\n               data-thumbnail=\"https:\/\/mp.aleph-consult.de\/wp-content\/gallery\/ffr\/thumbs\/thumbs_DSC_0772.jpg\"\n               data-image-id=\"476\"\n               data-title=\"Impressionen aus dem Programm &quot;Fit f\u00fcr das Russlandgesch\u00e4ft&quot;\"\n               data-description=\"\"\n               data-image-slug=\"dsc_0772\"\n               class=\"ngg-simplelightbox\" rel=\"c86105953aa20e2f8692f0f27d4f7a21\">\n                <img\n                    title=\"Impressionen aus dem Programm &quot;Fit f\u00fcr das Russlandgesch\u00e4ft&quot;\"\n                    alt=\"Impressionen aus dem Programm &quot;Fit f\u00fcr das Russlandgesch\u00e4ft&quot;\"\n                    src=\"https:\/\/mp.aleph-consult.de\/wp-content\/gallery\/ffr\/thumbs\/thumbs_DSC_0772.jpg\"\n                    width=\"240\"\n                    height=\"160\"\n                    style=\"max-width:100%;\"\n                \/>\n            <\/a>\n        <\/div>\n\t\t\t\t\t\t\t<\/div> \n\t\t\t\n\t\t\t\t<div id=\"ngg-image-3\" class=\"ngg-gallery-thumbnail-box \" >\n\t\t\t\t        <div class=\"ngg-gallery-thumbnail\">\n            <a href=\"https:\/\/mp.aleph-consult.de\/wp-content\/gallery\/ffr\/DSC03761.jpg\"\n               title=\"\"\n               data-src=\"https:\/\/mp.aleph-consult.de\/wp-content\/gallery\/ffr\/DSC03761.jpg\"\n               data-thumbnail=\"https:\/\/mp.aleph-consult.de\/wp-content\/gallery\/ffr\/thumbs\/thumbs_DSC03761.jpg\"\n               data-image-id=\"477\"\n               data-title=\"Impressionen aus dem Programm &quot;Fit f\u00fcr das Russlandgesch\u00e4ft&quot;\"\n               data-description=\"\"\n               data-image-slug=\"dsc03761\"\n               class=\"ngg-simplelightbox\" rel=\"c86105953aa20e2f8692f0f27d4f7a21\">\n                <img\n                    title=\"Impressionen aus dem Programm &quot;Fit f\u00fcr das Russlandgesch\u00e4ft&quot;\"\n                    alt=\"Impressionen aus dem Programm &quot;Fit f\u00fcr das Russlandgesch\u00e4ft&quot;\"\n                    src=\"https:\/\/mp.aleph-consult.de\/wp-content\/gallery\/ffr\/thumbs\/thumbs_DSC03761.jpg\"\n                    width=\"240\"\n                    height=\"160\"\n                    style=\"max-width:100%;\"\n                \/>\n            <\/a>\n        <\/div>\n\t\t\t\t\t\t\t<\/div> \n\t\t\t\n\t\t\t\t<div id=\"ngg-image-4\" class=\"ngg-gallery-thumbnail-box \" >\n\t\t\t\t        <div class=\"ngg-gallery-thumbnail\">\n            <a href=\"https:\/\/mp.aleph-consult.de\/wp-content\/gallery\/ffr\/DSC03861-002.jpg\"\n               title=\"\"\n               data-src=\"https:\/\/mp.aleph-consult.de\/wp-content\/gallery\/ffr\/DSC03861-002.jpg\"\n               data-thumbnail=\"https:\/\/mp.aleph-consult.de\/wp-content\/gallery\/ffr\/thumbs\/thumbs_DSC03861-002.jpg\"\n               data-image-id=\"478\"\n               data-title=\"Impressionen aus dem Programm &quot;Fit f\u00fcr das Russlandgesch\u00e4ft&quot;\"\n               data-description=\"\"\n               data-image-slug=\"dsc03861-002\"\n               class=\"ngg-simplelightbox\" rel=\"c86105953aa20e2f8692f0f27d4f7a21\">\n                <img\n                    title=\"Impressionen aus dem Programm &quot;Fit f\u00fcr das Russlandgesch\u00e4ft&quot;\"\n                    alt=\"Impressionen aus dem Programm &quot;Fit f\u00fcr das Russlandgesch\u00e4ft&quot;\"\n                    src=\"https:\/\/mp.aleph-consult.de\/wp-content\/gallery\/ffr\/thumbs\/thumbs_DSC03861-002.jpg\"\n                    width=\"240\"\n                    height=\"160\"\n                    style=\"max-width:100%;\"\n                \/>\n            <\/a>\n        <\/div>\n\t\t\t\t\t\t\t<\/div> \n\t\t\t\n\t\t\t\t<div id=\"ngg-image-5\" class=\"ngg-gallery-thumbnail-box \" >\n\t\t\t\t        <div class=\"ngg-gallery-thumbnail\">\n            <a href=\"https:\/\/mp.aleph-consult.de\/wp-content\/gallery\/ffr\/DSC04080-002.jpg\"\n               title=\"\"\n               data-src=\"https:\/\/mp.aleph-consult.de\/wp-content\/gallery\/ffr\/DSC04080-002.jpg\"\n               data-thumbnail=\"https:\/\/mp.aleph-consult.de\/wp-content\/gallery\/ffr\/thumbs\/thumbs_DSC04080-002.jpg\"\n               data-image-id=\"479\"\n               data-title=\"Impressionen aus dem Programm &quot;Fit f\u00fcr das Russlandgesch\u00e4ft&quot;\"\n               data-description=\"\"\n               data-image-slug=\"dsc04080-002\"\n               class=\"ngg-simplelightbox\" rel=\"c86105953aa20e2f8692f0f27d4f7a21\">\n                <img\n                    title=\"Impressionen aus dem Programm &quot;Fit f\u00fcr das Russlandgesch\u00e4ft&quot;\"\n                    alt=\"Impressionen aus dem Programm &quot;Fit f\u00fcr das Russlandgesch\u00e4ft&quot;\"\n                    src=\"https:\/\/mp.aleph-consult.de\/wp-content\/gallery\/ffr\/thumbs\/thumbs_DSC04080-002.jpg\"\n                    width=\"240\"\n                    height=\"160\"\n                    style=\"max-width:100%;\"\n                \/>\n            <\/a>\n        <\/div>\n\t\t\t\t\t\t\t<\/div> \n\t\t\t\n\t\t\t\t<div id=\"ngg-image-6\" class=\"ngg-gallery-thumbnail-box \" >\n\t\t\t\t        <div class=\"ngg-gallery-thumbnail\">\n            <a href=\"https:\/\/mp.aleph-consult.de\/wp-content\/gallery\/ffr\/IMG_20191031_071506.jpg\"\n               title=\"\"\n               data-src=\"https:\/\/mp.aleph-consult.de\/wp-content\/gallery\/ffr\/IMG_20191031_071506.jpg\"\n               data-thumbnail=\"https:\/\/mp.aleph-consult.de\/wp-content\/gallery\/ffr\/thumbs\/thumbs_IMG_20191031_071506.jpg\"\n               data-image-id=\"480\"\n               data-title=\"Impressionen aus dem Programm &quot;Fit f\u00fcr das Russlandgesch\u00e4ft&quot;\"\n               data-description=\"\"\n               data-image-slug=\"img_20191031_071506\"\n               class=\"ngg-simplelightbox\" rel=\"c86105953aa20e2f8692f0f27d4f7a21\">\n                <img\n                    title=\"Impressionen aus dem Programm &quot;Fit f\u00fcr das Russlandgesch\u00e4ft&quot;\"\n                    alt=\"Impressionen aus dem Programm &quot;Fit f\u00fcr das Russlandgesch\u00e4ft&quot;\"\n                    src=\"https:\/\/mp.aleph-consult.de\/wp-content\/gallery\/ffr\/thumbs\/thumbs_IMG_20191031_071506.jpg\"\n                    width=\"240\"\n                    height=\"160\"\n                    style=\"max-width:100%;\"\n                \/>\n            <\/a>\n        <\/div>\n\t\t\t\t\t\t\t<\/div> \n\t\t\t\n\t\t\t\t<div id=\"ngg-image-7\" class=\"ngg-gallery-thumbnail-box \" >\n\t\t\t\t        <div class=\"ngg-gallery-thumbnail\">\n            <a href=\"https:\/\/mp.aleph-consult.de\/wp-content\/gallery\/ffr\/IMG_20191101_102413.jpg\"\n               title=\"\"\n               data-src=\"https:\/\/mp.aleph-consult.de\/wp-content\/gallery\/ffr\/IMG_20191101_102413.jpg\"\n               data-thumbnail=\"https:\/\/mp.aleph-consult.de\/wp-content\/gallery\/ffr\/thumbs\/thumbs_IMG_20191101_102413.jpg\"\n               data-image-id=\"481\"\n               data-title=\"Impressionen aus dem Programm &quot;Fit f\u00fcr das Russlandgesch\u00e4ft&quot;\"\n               data-description=\"\"\n               data-image-slug=\"img_20191101_102413\"\n               class=\"ngg-simplelightbox\" rel=\"c86105953aa20e2f8692f0f27d4f7a21\">\n                <img\n                    title=\"Impressionen aus dem Programm &quot;Fit f\u00fcr das Russlandgesch\u00e4ft&quot;\"\n                    alt=\"Impressionen aus dem Programm &quot;Fit f\u00fcr das Russlandgesch\u00e4ft&quot;\"\n                    src=\"https:\/\/mp.aleph-consult.de\/wp-content\/gallery\/ffr\/thumbs\/thumbs_IMG_20191101_102413.jpg\"\n                    width=\"240\"\n                    height=\"160\"\n                    style=\"max-width:100%;\"\n                \/>\n            <\/a>\n        <\/div>\n\t\t\t\t\t\t\t<\/div> \n\t\t\t\n\t\t\t\t<div id=\"ngg-image-8\" class=\"ngg-gallery-thumbnail-box \" >\n\t\t\t\t        <div class=\"ngg-gallery-thumbnail\">\n            <a href=\"https:\/\/mp.aleph-consult.de\/wp-content\/gallery\/ffr\/IMG-20191025-WA0009.jpg\"\n               title=\"\"\n               data-src=\"https:\/\/mp.aleph-consult.de\/wp-content\/gallery\/ffr\/IMG-20191025-WA0009.jpg\"\n               data-thumbnail=\"https:\/\/mp.aleph-consult.de\/wp-content\/gallery\/ffr\/thumbs\/thumbs_IMG-20191025-WA0009.jpg\"\n               data-image-id=\"482\"\n               data-title=\"Impressionen aus dem Programm &quot;Fit f\u00fcr das Russlandgesch\u00e4ft&quot;\"\n               data-description=\"\"\n               data-image-slug=\"img-20191025-wa0009\"\n               class=\"ngg-simplelightbox\" rel=\"c86105953aa20e2f8692f0f27d4f7a21\">\n                <img\n                    title=\"Impressionen aus dem Programm &quot;Fit f\u00fcr das Russlandgesch\u00e4ft&quot;\"\n                    alt=\"Impressionen aus dem Programm &quot;Fit f\u00fcr das Russlandgesch\u00e4ft&quot;\"\n                    src=\"https:\/\/mp.aleph-consult.de\/wp-content\/gallery\/ffr\/thumbs\/thumbs_IMG-20191025-WA0009.jpg\"\n                    width=\"240\"\n                    height=\"160\"\n                    style=\"max-width:100%;\"\n                \/>\n            <\/a>\n        <\/div>\n\t\t\t\t\t\t\t<\/div> \n\t\t\t\n\t\t\t\t<div id=\"ngg-image-9\" class=\"ngg-gallery-thumbnail-box \" >\n\t\t\t\t        <div class=\"ngg-gallery-thumbnail\">\n            <a href=\"https:\/\/mp.aleph-consult.de\/wp-content\/gallery\/ffr\/P1000783.JPG\"\n               title=\"\"\n               data-src=\"https:\/\/mp.aleph-consult.de\/wp-content\/gallery\/ffr\/P1000783.JPG\"\n               data-thumbnail=\"https:\/\/mp.aleph-consult.de\/wp-content\/gallery\/ffr\/thumbs\/thumbs_P1000783.JPG\"\n               data-image-id=\"483\"\n               data-title=\"Impressionen aus dem Programm &quot;Fit f\u00fcr das Russlandgesch\u00e4ft&quot;\"\n               data-description=\"\"\n               data-image-slug=\"p1000783\"\n               class=\"ngg-simplelightbox\" rel=\"c86105953aa20e2f8692f0f27d4f7a21\">\n                <img\n                    title=\"Impressionen aus dem Programm &quot;Fit f\u00fcr das Russlandgesch\u00e4ft&quot;\"\n                    alt=\"Impressionen aus dem Programm &quot;Fit f\u00fcr das Russlandgesch\u00e4ft&quot;\"\n                    src=\"https:\/\/mp.aleph-consult.de\/wp-content\/gallery\/ffr\/thumbs\/thumbs_P1000783.JPG\"\n                    width=\"240\"\n                    height=\"160\"\n                    style=\"max-width:100%;\"\n                \/>\n            <\/a>\n        <\/div>\n\t\t\t\t\t\t\t<\/div> \n\t\t\t\n\t\t\t\t<div id=\"ngg-image-10\" class=\"ngg-gallery-thumbnail-box \" >\n\t\t\t\t        <div class=\"ngg-gallery-thumbnail\">\n            <a href=\"https:\/\/mp.aleph-consult.de\/wp-content\/gallery\/ffr\/P10008342.jpg\"\n               title=\"\"\n               data-src=\"https:\/\/mp.aleph-consult.de\/wp-content\/gallery\/ffr\/P10008342.jpg\"\n               data-thumbnail=\"https:\/\/mp.aleph-consult.de\/wp-content\/gallery\/ffr\/thumbs\/thumbs_P10008342.jpg\"\n               data-image-id=\"486\"\n               data-title=\"Impressionen aus dem Programm &quot;Fit f\u00fcr das Russlandgesch\u00e4ft&quot;\"\n               data-description=\"\"\n               data-image-slug=\"p10008342\"\n               class=\"ngg-simplelightbox\" rel=\"c86105953aa20e2f8692f0f27d4f7a21\">\n                <img\n                    title=\"Impressionen aus dem Programm &quot;Fit f\u00fcr das Russlandgesch\u00e4ft&quot;\"\n                    alt=\"Impressionen aus dem Programm &quot;Fit f\u00fcr das Russlandgesch\u00e4ft&quot;\"\n                    src=\"https:\/\/mp.aleph-consult.de\/wp-content\/gallery\/ffr\/thumbs\/thumbs_P10008342.jpg\"\n                    width=\"240\"\n                    height=\"160\"\n                    style=\"max-width:100%;\"\n                \/>\n            <\/a>\n        <\/div>\n\t\t\t\t\t\t\t<\/div> \n\t\t\t\n\t\t\t\t<div id=\"ngg-image-11\" class=\"ngg-gallery-thumbnail-box \" >\n\t\t\t\t        <div class=\"ngg-gallery-thumbnail\">\n            <a href=\"https:\/\/mp.aleph-consult.de\/wp-content\/gallery\/ffr\/DSC_07335.jpg\"\n               title=\"\"\n               data-src=\"https:\/\/mp.aleph-consult.de\/wp-content\/gallery\/ffr\/DSC_07335.jpg\"\n               data-thumbnail=\"https:\/\/mp.aleph-consult.de\/wp-content\/gallery\/ffr\/thumbs\/thumbs_DSC_07335.jpg\"\n               data-image-id=\"488\"\n               data-title=\"Impressionen aus dem Programm &quot;Fit f\u00fcr das Russlandgesch\u00e4ft&quot;\"\n               data-description=\"\"\n               data-image-slug=\"dsc_07335\"\n               class=\"ngg-simplelightbox\" rel=\"c86105953aa20e2f8692f0f27d4f7a21\">\n                <img\n                    title=\"Impressionen aus dem Programm &quot;Fit f\u00fcr das Russlandgesch\u00e4ft&quot;\"\n                    alt=\"Impressionen aus dem Programm &quot;Fit f\u00fcr das Russlandgesch\u00e4ft&quot;\"\n                    src=\"https:\/\/mp.aleph-consult.de\/wp-content\/gallery\/ffr\/thumbs\/thumbs_DSC_07335.jpg\"\n                    width=\"240\"\n                    height=\"160\"\n                    style=\"max-width:100%;\"\n                \/>\n            <\/a>\n        <\/div>\n\t\t\t\t\t\t\t<\/div> \n\t\t\t\n\t\n\t<br style=\"clear: both\" \/>\n\n\t\n\t\t<!-- Pagination -->\n\t<div class='ngg-clear'><\/div>\t<\/div>\n","protected":false},"excerpt":{"rendered":"<p>Alle Aktivit\u00e4ten mit Russland wurden aufgrund des Angriffs auf die Ukraine im M\u00e4rz 2022 suspendiert. Das Training zielt auf die Anbahnung von Gesch\u00e4ftskontakten und Wirtschaftskooperationen mit russischen Unternehmen und vermittelt das dazu notwendige Know-how. Russland ist ein wichtiger Export- und Investitionsmarkt f\u00fcr deutsche Unternehmen. Der Modernisierungsbedarf der russischen Wirtschaft ist nach wie vor umfassend. Dadurch &hellip; <\/p>\n<p class=\"link-more\"><a href=\"https:\/\/mp.aleph-consult.de\/ru\/fit-fur-auslandsmarkte\/fit-fur-das-russlandgeschaft\/\" class=\"more-link\">\u0427\u0438\u0442\u0430\u0442\u044c \u0434\u0430\u043b\u0435\u0435<span class=\"screen-reader-text\"> \u00abFit f\u00fcr das Russlandgesch\u00e4ft\u00bb<\/span><\/a><\/p>\n","protected":false},"author":1,"featured_media":0,"parent":259,"menu_order":0,"comment_status":"closed","ping_status":"closed","template":"","meta":{"ngg_post_thumbnail":0,"_EventAllDay":false,"_EventTimezone":"","_EventStartDate":"","_EventEndDate":"","_EventStartDateUTC":"","_EventEndDateUTC":"","_EventShowMap":false,"_EventShowMapLink":false,"_EventURL":"","_EventCost":"","_EventCostDescription":"","_EventCurrencySymbol":"","_EventCurrencyPosition":"","_EventDateTimeSeparator":"","_EventTimeRangeSeparator":"","_EventOrganizerID":[],"_EventVenueID":0,"_OrganizerEmail":"","_OrganizerPhone":"","_OrganizerWebsite":"","_VenueAddress":"","_VenueCity":"","_VenueCountry":"","_VenueProvince":"","_VenueZip":"","_VenuePhone":"","_VenueURL":"","_VenueStateProvince":"","_VenueLat":"","_VenueLng":""},"folder":[58],"_links":{"self":[{"href":"https:\/\/mp.aleph-consult.de\/ru\/wp-json\/wp\/v2\/pages\/275"}],"collection":[{"href":"https:\/\/mp.aleph-consult.de\/ru\/wp-json\/wp\/v2\/pages"}],"about":[{"href":"https:\/\/mp.aleph-consult.de\/ru\/wp-json\/wp\/v2\/types\/page"}],"author":[{"embeddable":true,"href":"https:\/\/mp.aleph-consult.de\/ru\/wp-json\/wp\/v2\/users\/1"}],"replies":[{"embeddable":true,"href":"https:\/\/mp.aleph-consult.de\/ru\/wp-json\/wp\/v2\/comments?post=275"}],"version-history":[{"count":17,"href":"https:\/\/mp.aleph-consult.de\/ru\/wp-json\/wp\/v2\/pages\/275\/revisions"}],"predecessor-version":[{"id":33139,"href":"https:\/\/mp.aleph-consult.de\/ru\/wp-json\/wp\/v2\/pages\/275\/revisions\/33139"}],"up":[{"embeddable":true,"href":"https:\/\/mp.aleph-consult.de\/ru\/wp-json\/wp\/v2\/pages\/259"}],"wp:attachment":[{"href":"https:\/\/mp.aleph-consult.de\/ru\/wp-json\/wp\/v2\/media?parent=275"}],"wp:term":[{"taxonomy":"folder","embeddable":true,"href":"https:\/\/mp.aleph-consult.de\/ru\/wp-json\/wp\/v2\/folder?post=275"}],"curies":[{"name":"wp","href":"https:\/\/api.w.org\/{rel}","templated":true}]}}