{"id":259,"date":"2019-12-26T16:09:05","date_gmt":"2019-12-26T16:09:05","guid":{"rendered":"http:\/\/mp.aleph-consult.de\/?page_id=259"},"modified":"2022-05-09T16:35:26","modified_gmt":"2022-05-09T14:35:26","slug":"fit-fur-auslandsmarkte","status":"publish","type":"page","link":"https:\/\/mp.aleph-consult.de\/ru\/fit-fur-auslandsmarkte\/","title":{"rendered":"Fit f\u00fcr Auslandsm\u00e4rkte"},"content":{"rendered":"<p>Praxisorientierte Fortbildung f\u00fcr Mitarbeiter deutscher Unternehmen in ausgew\u00e4hlten Wirtschaftszentren in Russland<strong><sup>\u2217<\/sup><\/strong> und China.<br \/>\r\nDie Programme sind staatlich gef\u00f6rderte Projekte der L\u00e4nder Russland und China, unterst\u00fctzt von dem Bundesministerium f\u00fcr Wirtschaft und Klimaschutz. Das Managerfortbildungsprogramm ist ein Modul des deutschen Auslandsmarkterschlie\u00dfungsprogramms.<\/p>\r\n<p><!-- \/wp:paragraph --><\/p>\r\n<figure class=\"wp-block-video\"><div class=\"wonderplugin-video\" style=\"width:1280px;height:720px;position:relative;display:block;background-color:#000;overflow:hidden;max-width:100%;margin:0 auto;\" data-aspectratio=\"1.7777777777778\"><div class=\"wpve-videoplayer\" style=\"display:block;position:relative;width:100%;height:100%;\" data-mp4=\"http:\/\/mp.aleph-consult.de\/wp-content\/uploads\/2019\/12\/GIZ_UH_Sibirien_Feinschnitt_DE_korr.mp4\" data-skinfolder=\"https:\/\/mp.aleph-consult.de\/wp-content\/plugins\/wonderplugin-video-embed\/engine\/\" data-poster=\"http:\/\/mp.aleph-consult.de\/wp-content\/uploads\/2019\/12\/815x459-SIBIRIEN-DT_rdax_460x259_80.jpg\" data-playbutton=\"http:\/\/mp.aleph-consult.de\/wp-content\/plugins\/wonderplugin-video-embed\/engine\/playvideo-64-64-0.png\"><\/div><\/div><br \/>\r\n<p><span style=\"font-size: 10pt;\">Markus Szirmay, Teilnehmer des Programms \u201eFit f\u00fcr das Russlandgesch\u00e4ft\u201c unterwegs in Sibirien<\/span><\/p>\r\n<\/figure>\r\n<p><!-- \/wp:video --><\/p>\r\n<p><!-- wp:paragraph --><\/p>\r\n<p>Fit f\u00fcr Auslandsm\u00e4rkte dient der F\u00f6rderung der Wirtschaftskooperationen und unterst\u00fctzt deutsche Unternehmen beim Auf- und Ausbau Ihrer Gesch\u00e4ftst\u00e4tigkeit in den zwei L\u00e4ndern.<\/p>\r\n<p><!-- \/wp:paragraph --><\/p>\r\n<p><!-- wp:paragraph --><\/p>\r\n<p>Die praxisorientierte Fortbildung f\u00fcr F\u00fchrungskr\u00e4fte deutscher Unternehmen vermittelt ein tieferes Verst\u00e4ndnis der Gesch\u00e4ftspraktiken russischer und chinesischer Unternehmen und deren Gesch\u00e4ftskultur mit der Erh\u00f6hung von interkulturellen Kompetenzen durch Trainings. Gleichzeitig erhalten sie die Gelegenheit, Kontakte zu russischen und chinesischen Unternehmen, Kammern und Verb\u00e4nden aufzubauen, als Grundlage f\u00fcr erfolgreiche Gesch\u00e4ftsaktivit\u00e4ten in Russland und China.<\/p>\r\n<p><!-- \/wp:paragraph --><\/p>\r\n<p><!-- wp:paragraph --><\/p>\r\n<p>Deutsche Unternehmen, die F\u00fchrungskr\u00e4fte mit dem Programm nach Russland oder Chinaentsenden, gewinnen so einen Kompetenztr\u00e4ger f\u00fcr ihr Russland-, bzw. Chinagesch\u00e4ft, sie werden \u201efit\u201c f\u00fcr das Russland oder Chinagesch\u00e4ft.<\/p>\r\n<p>&nbsp;<\/p>\r\n<p><!-- \/wp:paragraph --><\/p>\r\n<p><!-- wp:image {\"align\":\"left\",\"id\":253,\"width\":170,\"sizeSlug\":\"large\"} --><\/p>\r\n<div class=\"wp-block-image\"><strong><a href=\"http:\/\/mp.aleph-consult.de\/fit-fur-auslandsmarkte\/fit-fur-das-chinageschaft\/\">Fit f\u00fcr das Chinagesch\u00e4ft<\/a><\/strong><br \/>\r\nSie interessieren sich f\u00fcr den chinesischen Markt und sind auf der Suche nach Kontakten zu chinesischen Unternehmen? Dann kann dieses Programm f\u00fcr Sie der \u201eSchl\u00fcssel\u201c zum chinesischen Markt sein.<\/div>\r\n<p><!-- \/wp:image --><\/p>\r\n<p><!-- wp:paragraph --><\/p>\r\n<p><a href=\"http:\/\/mp.aleph-consult.de\/fit-fur-auslandsmarkte\/fit-fur-das-russlandgeschaft\/\"><strong>Fit f\u00fcr das Russlandgesch\u00e4ft<sup>\u2217<\/sup><\/strong><br \/>\r\n<\/a> Praxisorientierte Fortbildung f\u00fcr Mitarbeiter deutscher Unternehmen in ausgew\u00e4hlten russischen Wirtschaftszentren. Die russische Regierung und das Bundesministerium f\u00fcr Wirtschaft und Klimaschutz (BMWK) laden Sie zu einer zweiw\u00f6chigen Fortbildung nach Russland ein!\u00a0<\/p>\r\n<p><!-- \/wp:paragraph --><\/p>\r\n<p><!-- wp:image {\"align\":\"left\",\"id\":254,\"width\":170,\"sizeSlug\":\"large\"} --><\/p>\r\n<p><!-- \/wp:image --><\/p>\r\n<p><!-- wp:paragraph --><\/p>\r\n<p><strong><sup>\u2217<\/sup><\/strong><em>Alle Aktivit\u00e4ten mit Russland wurden aufgrund des Angriffs auf die Ukraine im M\u00e4rz 2022 suspendiert.<\/em><\/p>\r\n<p><!-- \/wp:paragraph --><\/p>","protected":false},"excerpt":{"rendered":"<p>Praxisorientierte Fortbildung f\u00fcr Mitarbeiter deutscher Unternehmen in ausgew\u00e4hlten Wirtschaftszentren in Russland\u2217 und China. Die Programme sind staatlich gef\u00f6rderte Projekte der L\u00e4nder Russland und China, unterst\u00fctzt von dem Bundesministerium f\u00fcr Wirtschaft und Klimaschutz. Das Managerfortbildungsprogramm ist ein Modul des deutschen Auslandsmarkterschlie\u00dfungsprogramms. Markus Szirmay, Teilnehmer des Programms \u201eFit f\u00fcr das Russlandgesch\u00e4ft\u201c unterwegs in Sibirien Fit f\u00fcr Auslandsm\u00e4rkte &hellip; <\/p>\n<p class=\"link-more\"><a href=\"https:\/\/mp.aleph-consult.de\/ru\/fit-fur-auslandsmarkte\/\" class=\"more-link\">\u0427\u0438\u0442\u0430\u0442\u044c \u0434\u0430\u043b\u0435\u0435<span class=\"screen-reader-text\"> \u00abFit f\u00fcr Auslandsm\u00e4rkte\u00bb<\/span><\/a><\/p>\n","protected":false},"author":1,"featured_media":0,"parent":0,"menu_order":0,"comment_status":"closed","ping_status":"closed","template":"","meta":{"ngg_post_thumbnail":0,"_EventAllDay":false,"_EventTimezone":"","_EventStartDate":"","_EventEndDate":"","_EventStartDateUTC":"","_EventEndDateUTC":"","_EventShowMap":false,"_EventShowMapLink":false,"_EventURL":"","_EventCost":"","_EventCostDescription":"","_EventCurrencySymbol":"","_EventCurrencyPosition":"","_EventDateTimeSeparator":"","_EventTimeRangeSeparator":"","_EventOrganizerID":[],"_EventVenueID":0,"_OrganizerEmail":"","_OrganizerPhone":"","_OrganizerWebsite":"","_VenueAddress":"","_VenueCity":"","_VenueCountry":"","_VenueProvince":"","_VenueZip":"","_VenuePhone":"","_VenueURL":"","_VenueStateProvince":"","_VenueLat":"","_VenueLng":""},"folder":[61],"_links":{"self":[{"href":"https:\/\/mp.aleph-consult.de\/ru\/wp-json\/wp\/v2\/pages\/259"}],"collection":[{"href":"https:\/\/mp.aleph-consult.de\/ru\/wp-json\/wp\/v2\/pages"}],"about":[{"href":"https:\/\/mp.aleph-consult.de\/ru\/wp-json\/wp\/v2\/types\/page"}],"author":[{"embeddable":true,"href":"https:\/\/mp.aleph-consult.de\/ru\/wp-json\/wp\/v2\/users\/1"}],"replies":[{"embeddable":true,"href":"https:\/\/mp.aleph-consult.de\/ru\/wp-json\/wp\/v2\/comments?post=259"}],"version-history":[{"count":39,"href":"https:\/\/mp.aleph-consult.de\/ru\/wp-json\/wp\/v2\/pages\/259\/revisions"}],"predecessor-version":[{"id":33205,"href":"https:\/\/mp.aleph-consult.de\/ru\/wp-json\/wp\/v2\/pages\/259\/revisions\/33205"}],"wp:attachment":[{"href":"https:\/\/mp.aleph-consult.de\/ru\/wp-json\/wp\/v2\/media?parent=259"}],"wp:term":[{"taxonomy":"folder","embeddable":true,"href":"https:\/\/mp.aleph-consult.de\/ru\/wp-json\/wp\/v2\/folder?post=259"}],"curies":[{"name":"wp","href":"https:\/\/api.w.org\/{rel}","templated":true}]}}