{"id":19648,"date":"2020-02-07T06:49:38","date_gmt":"2020-02-07T05:49:38","guid":{"rendered":"http:\/\/mp.aleph-consult.de\/?page_id=19648"},"modified":"2022-03-28T10:55:44","modified_gmt":"2022-03-28T08:55:44","slug":"kosten-und-finanzierung","status":"publish","type":"page","link":"https:\/\/mp.aleph-consult.de\/ru\/fit-fur-auslandsmarkte\/kosten-und-finanzierung\/","title":{"rendered":"Kosten und Finanzierung"},"content":{"rendered":"<article id=\"post-367\" class=\"content post-367 page type-page status-publish hentry\">\n<p>Bei erfolgreicher Bewerbung besteht die Verpflichtung zur Teilnahme am Vorbereitungsseminar in Bonn. Die Teilnehmer tragen die Kosten f\u00fcr die Tagungspauschale von 130 Euro (Zweit\u00e4giges Seminar) bzw. 196 Euro (Dreit\u00e4giges Seminar) zzgl. MwSt., Hin- und R\u00fcckfahrt nach Bonn und \u00dcbernachtung sowie f\u00fcr den Flug nach Russland oder China und zur\u00fcck.<br \/>\nDie Fortbildungskosten f\u00fcr das Vorbereitungsseminar in Bonn werden vom BMWK finanziert.<\/p>\n<p>Der zweiw\u00f6chige Aufenthalt in den Partnerl\u00e4ndern findet auf Einladung der jeweiligen Regierungen statt, die die Kosten f\u00fcr<\/p>\n<ul>\n<li>Fortbildung<\/li>\n<li>programmbedingte Transfers<\/li>\n<li>Visum<\/li>\n<li>Verpflegung<\/li>\n<li>Unterkunft<\/li>\n<\/ul>\n<p>vor Ort \u00fcbernehmen.<\/p>\n<p>Bei zu geringer Teilnehmerzahl kann der Veranstalter die Fortbildung stornieren. Ein Anspruch auf Erstattung von Ausfallkosten besteht nicht. Programm\u00e4nderungen aus dringlichem Anlass beh\u00e4lt sich die GIZ vor.<\/p>\n<\/article>\n<aside class=\"sub-navigation ui-list sidebar\"><\/aside>\n","protected":false},"excerpt":{"rendered":"<p>Bei erfolgreicher Bewerbung besteht die Verpflichtung zur Teilnahme am Vorbereitungsseminar in Bonn. Die Teilnehmer tragen die Kosten f\u00fcr die Tagungspauschale von 130 Euro (Zweit\u00e4giges Seminar) bzw. 196 Euro (Dreit\u00e4giges Seminar) zzgl. MwSt., Hin- und R\u00fcckfahrt nach Bonn und \u00dcbernachtung sowie f\u00fcr den Flug nach Russland oder China und zur\u00fcck. Die Fortbildungskosten f\u00fcr das Vorbereitungsseminar in &hellip; <\/p>\n<p class=\"link-more\"><a href=\"https:\/\/mp.aleph-consult.de\/ru\/fit-fur-auslandsmarkte\/kosten-und-finanzierung\/\" class=\"more-link\">\u0427\u0438\u0442\u0430\u0442\u044c \u0434\u0430\u043b\u0435\u0435<span class=\"screen-reader-text\"> \u00abKosten und Finanzierung\u00bb<\/span><\/a><\/p>\n","protected":false},"author":1,"featured_media":0,"parent":259,"menu_order":0,"comment_status":"closed","ping_status":"closed","template":"","meta":{"ngg_post_thumbnail":0,"_EventAllDay":false,"_EventTimezone":"","_EventStartDate":"","_EventEndDate":"","_EventStartDateUTC":"","_EventEndDateUTC":"","_EventShowMap":false,"_EventShowMapLink":false,"_EventURL":"","_EventCost":"","_EventCostDescription":"","_EventCurrencySymbol":"","_EventCurrencyPosition":"","_EventDateTimeSeparator":"","_EventTimeRangeSeparator":"","_EventOrganizerID":[],"_EventVenueID":0,"_OrganizerEmail":"","_OrganizerPhone":"","_OrganizerWebsite":"","_VenueAddress":"","_VenueCity":"","_VenueCountry":"","_VenueProvince":"","_VenueZip":"","_VenuePhone":"","_VenueURL":"","_VenueStateProvince":"","_VenueLat":"","_VenueLng":""},"folder":[58],"_links":{"self":[{"href":"https:\/\/mp.aleph-consult.de\/ru\/wp-json\/wp\/v2\/pages\/19648"}],"collection":[{"href":"https:\/\/mp.aleph-consult.de\/ru\/wp-json\/wp\/v2\/pages"}],"about":[{"href":"https:\/\/mp.aleph-consult.de\/ru\/wp-json\/wp\/v2\/types\/page"}],"author":[{"embeddable":true,"href":"https:\/\/mp.aleph-consult.de\/ru\/wp-json\/wp\/v2\/users\/1"}],"replies":[{"embeddable":true,"href":"https:\/\/mp.aleph-consult.de\/ru\/wp-json\/wp\/v2\/comments?post=19648"}],"version-history":[{"count":5,"href":"https:\/\/mp.aleph-consult.de\/ru\/wp-json\/wp\/v2\/pages\/19648\/revisions"}],"predecessor-version":[{"id":32952,"href":"https:\/\/mp.aleph-consult.de\/ru\/wp-json\/wp\/v2\/pages\/19648\/revisions\/32952"}],"up":[{"embeddable":true,"href":"https:\/\/mp.aleph-consult.de\/ru\/wp-json\/wp\/v2\/pages\/259"}],"wp:attachment":[{"href":"https:\/\/mp.aleph-consult.de\/ru\/wp-json\/wp\/v2\/media?parent=19648"}],"wp:term":[{"taxonomy":"folder","embeddable":true,"href":"https:\/\/mp.aleph-consult.de\/ru\/wp-json\/wp\/v2\/folder?post=19648"}],"curies":[{"name":"wp","href":"https:\/\/api.w.org\/{rel}","templated":true}]}}