{"id":19580,"date":"2020-02-07T06:26:51","date_gmt":"2020-02-07T05:26:51","guid":{"rendered":"http:\/\/mp.aleph-consult.de\/?page_id=19580"},"modified":"2022-04-20T14:32:56","modified_gmt":"2022-04-20T12:32:56","slug":"termine-und-regionen","status":"publish","type":"page","link":"https:\/\/mp.aleph-consult.de\/ru\/fit-fur-auslandsmarkte\/fit-fur-das-russlandgeschaft\/termine-und-regionen\/","title":{"rendered":"Termine und Regionen"},"content":{"rendered":"<p><strong>Alle Aktivit\u00e4ten mit Russland wurden aufgrund des Angriffs auf die Ukraine im M\u00e4rz 2022 suspendiert.<\/strong><\/p>\n<p style=\"text-align: left;\">Alle Vorbereitungsmodule f\u00fcr das Programm \u201eFit f\u00fcr das Russlandgesch\u00e4ft\u201c werden 2021 aufgrund der pandemiebedingten Beschr\u00e4nkungen f\u00fcr Reisen und Gesch\u00e4ftstreffen im Online-Format angeboten. F\u00fcr das 4. Quartal 2021 ist eine 10-t\u00e4gige Fortbildung in den russischen Regionen geplant.<\/p>\n<p style=\"text-align: left;\"><strong>Ab April 2021:<\/strong> <a href=\"http:\/\/mp.aleph-consult.de\/fit-fur-auslandsmarkte\/programmablauf\/\" target=\"_blank\" rel=\"noopener noreferrer\">Vorbereitungsseminar<\/a> (5 Module \u00e0 3,5 Stunden einmal pro Monat, online)<\/p>\n<p style=\"text-align: left;\"><strong>Im 4. Quartal 2021:<\/strong> 10-t\u00e4gige Fortbildung in russische Wirtschaftszentren. Voraussetzung ist eine Aufhebung aller Reisebeschr\u00e4nkungen.<\/p>\n<p style=\"text-align: left;\"><strong><em>Programm 1<\/em><\/strong><em>:<\/em> <strong>Rostow am Don und Krasnodar<\/strong> f\u00fcr Unternehmen aus den Bereichen Landtechnik, Verarbeitung landwirtschaftlicher Produkte, Verpackungsindustrie.<\/p>\n<p style=\"text-align: left;\"><strong><em>Programm 2<\/em><\/strong><em>:<\/em> <strong>Kasan und Nischni Nowgorod<\/strong> f\u00fcr Unternehmen des produzierenden Gewerbes, der Verfahrenstechnologie und des Maschinenbaus.<\/p>\n<p style=\"text-align: left;\">Die 10-t\u00e4gige Fortbildung in Russland besteht aus einem Gruppenprogramm mit Fachvortr\u00e4gen und Unternehmensbesuchen sowie Kooperationsb\u00f6rsen und einem individuellen Programmteil mit drei bis f\u00fcnf individuellen Gespr\u00e4chsterminen mit russischen Unternehmern. Dar\u00fcber hinaus gibt es Treffen mit Vertretern von Alumnivereinigungen des Managerfortbildungsprogramms in den jeweiligen Regionen.<\/p>\n<p style=\"text-align: left;\"><strong>Bei Interesse<\/strong> an dem Programm schicken Sie uns folgendes Dokument ausgef\u00fcllte zu:<\/p>\n<ul>\n<li>\u00a0<a href=\"http:\/\/mp.aleph-consult.de\/wp-content\/uploads\/2020\/11\/Interessenbekundung-2020.pdf\" target=\"_blank\" rel=\"noopener noreferrer\">Interessenbekundung <\/a><\/li>\n<\/ul>\n<p><strong>F\u00fcr die Teilnahme:<\/strong><\/p>\n<p>Bitte schicken Sie folgende Dokumente ausgef\u00fcllt an die darin angegebene E-Mail-Adresse:<\/p>\n<ul>\n<li><a href=\"http:\/\/mp.aleph-consult.de\/wp-content\/uploads\/2020\/11\/Bewerbungsformular_RU_CN_2021.pdf\" target=\"_blank\" rel=\"noopener noreferrer\">Teilnahmeerkl\u00e4rung<\/a><\/li>\n<li><a href=\"http:\/\/mp.aleph-consult.de\/wp-content\/uploads\/2021\/01\/Datenschutzerklaerung_MP_Auslandsmaerkte-01-2021.pdf\" target=\"_blank\" rel=\"noopener noreferrer\">Datenschutzerkl\u00e4rung<\/a><\/li>\n<\/ul>\n","protected":false},"excerpt":{"rendered":"<p>Alle Aktivit\u00e4ten mit Russland wurden aufgrund des Angriffs auf die Ukraine im M\u00e4rz 2022 suspendiert. Alle Vorbereitungsmodule f\u00fcr das Programm \u201eFit f\u00fcr das Russlandgesch\u00e4ft\u201c werden 2021 aufgrund der pandemiebedingten Beschr\u00e4nkungen f\u00fcr Reisen und Gesch\u00e4ftstreffen im Online-Format angeboten. F\u00fcr das 4. Quartal 2021 ist eine 10-t\u00e4gige Fortbildung in den russischen Regionen geplant. Ab April 2021: Vorbereitungsseminar &hellip; <\/p>\n<p class=\"link-more\"><a href=\"https:\/\/mp.aleph-consult.de\/ru\/fit-fur-auslandsmarkte\/fit-fur-das-russlandgeschaft\/termine-und-regionen\/\" class=\"more-link\">\u0427\u0438\u0442\u0430\u0442\u044c \u0434\u0430\u043b\u0435\u0435<span class=\"screen-reader-text\"> \u00abTermine und Regionen\u00bb<\/span><\/a><\/p>\n","protected":false},"author":1,"featured_media":0,"parent":275,"menu_order":0,"comment_status":"closed","ping_status":"closed","template":"","meta":{"ngg_post_thumbnail":0,"_EventAllDay":false,"_EventTimezone":"","_EventStartDate":"","_EventEndDate":"","_EventStartDateUTC":"","_EventEndDateUTC":"","_EventShowMap":false,"_EventShowMapLink":false,"_EventURL":"","_EventCost":"","_EventCostDescription":"","_EventCurrencySymbol":"","_EventCurrencyPosition":"","_EventDateTimeSeparator":"","_EventTimeRangeSeparator":"","_EventOrganizerID":[],"_EventVenueID":0,"_OrganizerEmail":"","_OrganizerPhone":"","_OrganizerWebsite":"","_VenueAddress":"","_VenueCity":"","_VenueCountry":"","_VenueProvince":"","_VenueZip":"","_VenuePhone":"","_VenueURL":"","_VenueStateProvince":"","_VenueLat":"","_VenueLng":""},"folder":[58],"_links":{"self":[{"href":"https:\/\/mp.aleph-consult.de\/ru\/wp-json\/wp\/v2\/pages\/19580"}],"collection":[{"href":"https:\/\/mp.aleph-consult.de\/ru\/wp-json\/wp\/v2\/pages"}],"about":[{"href":"https:\/\/mp.aleph-consult.de\/ru\/wp-json\/wp\/v2\/types\/page"}],"author":[{"embeddable":true,"href":"https:\/\/mp.aleph-consult.de\/ru\/wp-json\/wp\/v2\/users\/1"}],"replies":[{"embeddable":true,"href":"https:\/\/mp.aleph-consult.de\/ru\/wp-json\/wp\/v2\/comments?post=19580"}],"version-history":[{"count":20,"href":"https:\/\/mp.aleph-consult.de\/ru\/wp-json\/wp\/v2\/pages\/19580\/revisions"}],"predecessor-version":[{"id":33167,"href":"https:\/\/mp.aleph-consult.de\/ru\/wp-json\/wp\/v2\/pages\/19580\/revisions\/33167"}],"up":[{"embeddable":true,"href":"https:\/\/mp.aleph-consult.de\/ru\/wp-json\/wp\/v2\/pages\/275"}],"wp:attachment":[{"href":"https:\/\/mp.aleph-consult.de\/ru\/wp-json\/wp\/v2\/media?parent=19580"}],"wp:term":[{"taxonomy":"folder","embeddable":true,"href":"https:\/\/mp.aleph-consult.de\/ru\/wp-json\/wp\/v2\/folder?post=19580"}],"curies":[{"name":"wp","href":"https:\/\/api.w.org\/{rel}","templated":true}]}}