{"id":19498,"date":"2020-02-07T06:11:41","date_gmt":"2020-02-07T05:11:41","guid":{"rendered":"http:\/\/mp.aleph-consult.de\/?page_id=19498"},"modified":"2022-04-25T13:54:38","modified_gmt":"2022-04-25T11:54:38","slug":"teilnehmer-werden","status":"publish","type":"page","link":"https:\/\/mp.aleph-consult.de\/ru\/fit-fur-auslandsmarkte\/teilnehmer-werden\/","title":{"rendered":"Teilnehmer werden"},"content":{"rendered":"<p>Das Fortbildungsprogramm richtet sich an Fach- und F\u00fchrungskr\u00e4fte aus Unternehmen und Verb\u00e4nden die \u00fcber mehrj\u00e4hrige Berufs- und F\u00fchrungserfahrung verf\u00fcgen, die f\u00fcr den russischen<strong><sup>\u2217<\/sup><\/strong> oder chinesischen \u00a0Markt zust\u00e4ndig sind. Voraussetzung sind gute Englischkenntnisse.<\/p>\n<p>Deutsche Unternehmen \u2013 kleine, mittlere oder gro\u00dfe aus allen Branchen und Bundesl\u00e4ndern \u2013 sehen in der Fortbildung ihres Mitarbeiters die Chance, einen Kompetenztr\u00e4ger f\u00fcr das Russland<strong><sup>\u2217<\/sup><\/strong>&#8211; oder Chinagesch\u00e4ft zu gewinnen. Sie sind daran interessiert, die wirtschaftlichen Aktivit\u00e4ten ihrer Firma auf dem russischen oder chinesischen\u00a0 Markt auf- oder auszubauen und\/oder Gesch\u00e4ftsbeziehungen zu dortigen Firmen zu entwickeln. Russische und chinesische Unternehmen, die deutsche F\u00fchrungskr\u00e4fte zu Unternehmensbesuchen empfangen, unterhalten bereits Au\u00dfenwirtschaftskontakte und\/oder sind an deren Aufbau interessiert. Sie werden entsprechend der Kontaktw\u00fcnsche der Teilnehmer ausgew\u00e4hlt. \u00dcber die Teilnahme am Programm entscheidet eine Auswahlkommission bestehend aus der GIZ und der lokalen Partnerinstitution im jeweiligen Land. Grundlage f\u00fcr die Auswahl ist die Einreichung der unten aufgef\u00fchrten Unterlagen und das pers\u00f6nliche Interview.<\/p>\n<p>Bitte schicken Sie folgende Dokumente ausgef\u00fcllt an die in der Teilnahmeerkl\u00e4rung angegebene E-Mail-Adresse:<\/p>\n<ul>\n<li><a href=\"http:\/\/mp.aleph-consult.de\/wp-content\/uploads\/2020\/11\/Bewerbungsformular_RU_CN_2021.pdf\" target=\"_blank\" rel=\"noopener noreferrer\"><strong>Teilnahmeerkl\u00e4rung China\/Russland<sup>\u2217<\/sup>\u00a0<\/strong><\/a><\/li>\n<li><strong><a href=\"http:\/\/mp.aleph-consult.de\/wp-content\/uploads\/2021\/01\/Datenschutzerklaerung_MP_Auslandsmaerkte-01-2021.pdf\" target=\"_blank\" rel=\"noopener noreferrer\">Datenschutzerkl\u00e4rung<\/a><\/strong><\/li>\n<\/ul>\n<p>(Bitte verwenden Sie zum Ausf\u00fcllen unbedingt den original Adobe Reader, keine Drittsoftware)<\/p>\n<p><strong><sup>\u2217<\/sup><\/strong><em>Alle Aktivit\u00e4ten mit Russland wurden aufgrund des Angriffs auf die Ukraine im M\u00e4rz 2022 suspendiert.<\/em><\/p>\n","protected":false},"excerpt":{"rendered":"<p>Das Fortbildungsprogramm richtet sich an Fach- und F\u00fchrungskr\u00e4fte aus Unternehmen und Verb\u00e4nden die \u00fcber mehrj\u00e4hrige Berufs- und F\u00fchrungserfahrung verf\u00fcgen, die f\u00fcr den russischen\u2217 oder chinesischen \u00a0Markt zust\u00e4ndig sind. Voraussetzung sind gute Englischkenntnisse. Deutsche Unternehmen \u2013 kleine, mittlere oder gro\u00dfe aus allen Branchen und Bundesl\u00e4ndern \u2013 sehen in der Fortbildung ihres Mitarbeiters die Chance, einen Kompetenztr\u00e4ger &hellip; <\/p>\n<p class=\"link-more\"><a href=\"https:\/\/mp.aleph-consult.de\/ru\/fit-fur-auslandsmarkte\/teilnehmer-werden\/\" class=\"more-link\">\u0427\u0438\u0442\u0430\u0442\u044c \u0434\u0430\u043b\u0435\u0435<span class=\"screen-reader-text\"> \u00abTeilnehmer werden\u00bb<\/span><\/a><\/p>\n","protected":false},"author":1,"featured_media":0,"parent":259,"menu_order":0,"comment_status":"closed","ping_status":"closed","template":"","meta":{"ngg_post_thumbnail":0,"_EventAllDay":false,"_EventTimezone":"","_EventStartDate":"","_EventEndDate":"","_EventStartDateUTC":"","_EventEndDateUTC":"","_EventShowMap":false,"_EventShowMapLink":false,"_EventURL":"","_EventCost":"","_EventCostDescription":"","_EventCurrencySymbol":"","_EventCurrencyPosition":"","_EventDateTimeSeparator":"","_EventTimeRangeSeparator":"","_EventOrganizerID":[],"_EventVenueID":0,"_OrganizerEmail":"","_OrganizerPhone":"","_OrganizerWebsite":"","_VenueAddress":"","_VenueCity":"","_VenueCountry":"","_VenueProvince":"","_VenueZip":"","_VenuePhone":"","_VenueURL":"","_VenueStateProvince":"","_VenueLat":"","_VenueLng":""},"folder":[58],"_links":{"self":[{"href":"https:\/\/mp.aleph-consult.de\/ru\/wp-json\/wp\/v2\/pages\/19498"}],"collection":[{"href":"https:\/\/mp.aleph-consult.de\/ru\/wp-json\/wp\/v2\/pages"}],"about":[{"href":"https:\/\/mp.aleph-consult.de\/ru\/wp-json\/wp\/v2\/types\/page"}],"author":[{"embeddable":true,"href":"https:\/\/mp.aleph-consult.de\/ru\/wp-json\/wp\/v2\/users\/1"}],"replies":[{"embeddable":true,"href":"https:\/\/mp.aleph-consult.de\/ru\/wp-json\/wp\/v2\/comments?post=19498"}],"version-history":[{"count":14,"href":"https:\/\/mp.aleph-consult.de\/ru\/wp-json\/wp\/v2\/pages\/19498\/revisions"}],"predecessor-version":[{"id":33192,"href":"https:\/\/mp.aleph-consult.de\/ru\/wp-json\/wp\/v2\/pages\/19498\/revisions\/33192"}],"up":[{"embeddable":true,"href":"https:\/\/mp.aleph-consult.de\/ru\/wp-json\/wp\/v2\/pages\/259"}],"wp:attachment":[{"href":"https:\/\/mp.aleph-consult.de\/ru\/wp-json\/wp\/v2\/media?parent=19498"}],"wp:term":[{"taxonomy":"folder","embeddable":true,"href":"https:\/\/mp.aleph-consult.de\/ru\/wp-json\/wp\/v2\/folder?post=19498"}],"curies":[{"name":"wp","href":"https:\/\/api.w.org\/{rel}","templated":true}]}}