{"id":19465,"date":"2020-02-07T06:02:12","date_gmt":"2020-02-07T05:02:12","guid":{"rendered":"http:\/\/mp.aleph-consult.de\/?page_id=19465"},"modified":"2020-03-11T16:41:40","modified_gmt":"2020-03-11T15:41:40","slug":"uber-die-programme","status":"publish","type":"page","link":"https:\/\/mp.aleph-consult.de\/ru\/fit-fur-auslandsmarkte\/uber-die-programme\/","title":{"rendered":"\u00dcber die Programme"},"content":{"rendered":"<div class=\"mp-display-posts-listing site-main\"><article class=\"listing-item post\"><header><div class=\"entry-meta\"><a> <time class=\"entry-date\">14.06.2018<\/span><\/a><\/div><h2><a class=\"title\" href=\"https:\/\/mp.aleph-consult.de\/ru\/hola-mexico\/\">\u00a1Hola M\u00e9xico!<\/a><\/h2><\/header><div class=\"row\"><div class=\"col-xs-12 col-md-3 col-xl-3\"><a class=\"image\" href=\"https:\/\/mp.aleph-consult.de\/ru\/hola-mexico\/\"><img width=\"150\" height=\"150\" src=\"https:\/\/mp.aleph-consult.de\/wp-content\/uploads\/2018\/06\/07__Deutsche-in-Mexiko2-150x150.jpg\" class=\"attachment-thumbnail size-thumbnail wp-post-image\" alt=\"\" loading=\"lazy\" srcset=\"https:\/\/mp.aleph-consult.de\/wp-content\/uploads\/2018\/06\/07__Deutsche-in-Mexiko2-150x150.jpg 150w, https:\/\/mp.aleph-consult.de\/wp-content\/uploads\/2018\/06\/07__Deutsche-in-Mexiko2-100x100.jpg 100w\" sizes=\"100vw\" \/><\/a> <\/div><div class=\"col-xs-12 col-md-9 col-xl-9\"><div class=\"content\"><p><a href=\"http:\/\/mp.aleph-consult.de\/wp-content\/uploads\/2018\/06\/07__Deutsche-in-Mexiko2.jpg\"><\/a>San Luis Potos\u00ed. Erstmals starteten F\u00fchrungskr\u00e4fte aus zehn deutschen mittelst\u00e4ndischen Unternehmen Ende November 2017 zu einer zweiw\u00f6chigen Fortbildung nach Mexiko. <a  href=\"https:\/\/mp.aleph-consult.de\/ru\/hola-mexico\/\" class=\"more-link\">\u043f\u0440\u043e\u0434\u043e\u043b\u0436\u0438\u0442\u044c \u0447\u0442\u0435\u043d\u0438\u0435<\/a><\/p><\/div><\/div><\/div><\/article><article class=\"listing-item post\"><header><div class=\"entry-meta\"><a> <time class=\"entry-date\">10.06.2018<\/span><\/a><\/div><h2><a class=\"title\" href=\"https:\/\/mp.aleph-consult.de\/ru\/fur-deutschland-offnet-sich-in-china-gerade-eine-tur\/\">\u201eF\u00fcr Deutschland \u00f6ffnet sich in China gerade eine T\u00fcr\u201c<\/a><\/h2><\/header><div class=\"row\"><div class=\"col-xs-12 col-md-3 col-xl-3\"><a class=\"image\" href=\"https:\/\/mp.aleph-consult.de\/ru\/fur-deutschland-offnet-sich-in-china-gerade-eine-tur\/\"><img width=\"150\" height=\"150\" src=\"https:\/\/mp.aleph-consult.de\/wp-content\/uploads\/2020\/03\/China-150x150.jpg\" class=\"attachment-thumbnail size-thumbnail wp-post-image\" alt=\"\" loading=\"lazy\" srcset=\"https:\/\/mp.aleph-consult.de\/wp-content\/uploads\/2020\/03\/China-150x150.jpg 150w, https:\/\/mp.aleph-consult.de\/wp-content\/uploads\/2020\/03\/China-100x100.jpg 100w\" sizes=\"100vw\" \/><\/a> <\/div><div class=\"col-xs-12 col-md-9 col-xl-9\"><div class=\"content\"><p>Im Herbst 2016 verbrachten 14 F\u00fchrungskr\u00e4fte aus Deutschland zwei Wochen zur Fortbildung in China. Im Rahmen des Programms \u201eFit f\u00fcr das Chinagesch\u00e4ft\u201c besuchten sie die Wirtschaftszentren Jieyang, Shenzhen und Chengdu.<\/p>\r\n<p> <a  href=\"https:\/\/mp.aleph-consult.de\/ru\/fur-deutschland-offnet-sich-in-china-gerade-eine-tur\/\" class=\"more-link\">\u043f\u0440\u043e\u0434\u043e\u043b\u0436\u0438\u0442\u044c \u0447\u0442\u0435\u043d\u0438\u0435<\/a><\/p><\/div><\/div><\/div><\/article><article class=\"listing-item post\"><header><div class=\"entry-meta\"><a> <time class=\"entry-date\">07.09.2017<\/span><\/a><\/div><h2><a class=\"title\" href=\"https:\/\/mp.aleph-consult.de\/ru\/german-russian-entrepreneur-talks-in-bonn\/\">\u041d\u0435\u043c\u0435\u0446\u043a\u043e-\u0440\u043e\u0441\u0441\u0438\u0439\u0441\u043a\u0438\u0435 \u0434\u0435\u043b\u043e\u0432\u044b\u0435 \u0432\u0441\u0442\u0440\u0435\u0447\u0438 \u0432 \u0411\u043e\u043d\u043d\u0435<\/a><\/h2><\/header><div class=\"row\"><div class=\"col-xs-12 col-md-3 col-xl-3\"><a class=\"image\" href=\"https:\/\/mp.aleph-consult.de\/ru\/german-russian-entrepreneur-talks-in-bonn\/\"><img width=\"150\" height=\"150\" src=\"https:\/\/mp.aleph-consult.de\/wp-content\/uploads\/2017\/09\/cdc_rf-IMG_8307-400x300-1-150x150.jpg\" class=\"attachment-thumbnail size-thumbnail wp-post-image\" alt=\"\" loading=\"lazy\" srcset=\"https:\/\/mp.aleph-consult.de\/wp-content\/uploads\/2017\/09\/cdc_rf-IMG_8307-400x300-1-150x150.jpg 150w, https:\/\/mp.aleph-consult.de\/wp-content\/uploads\/2017\/09\/cdc_rf-IMG_8307-400x300-1-100x100.jpg 100w\" sizes=\"100vw\" \/><\/a> <\/div><div class=\"col-xs-12 col-md-9 col-xl-9\"><div class=\"content\"><p align=\"justify\"><\/p>\r\n<p align=\"justify\">\u0423\u0436\u0435 \u0441\u0442\u0430\u043b\u043e \u0445\u043e\u0440\u043e\u0448\u0435\u0439 \u0442\u0440\u0430\u0434\u0438\u0446\u0438\u0435\u0439 \u043f\u0440\u0438\u0433\u043b\u0430\u0448\u0430\u0442\u044c \u0443\u0447\u0430\u0441\u0442\u043d\u0438\u043a\u043e\u0432 \u041f\u0440\u043e\u0433\u0440\u0430\u043c\u043c\u044b \u043f\u043e\u0434\u0433\u043e\u0442\u043e\u0432\u043a\u0438 \u0443\u043f\u0440\u0430\u0432\u043b\u0435\u043d\u0447\u0435\u0441\u043a\u0438\u0445 \u043a\u0430\u0434\u0440\u043e\u0432 \u043d\u0430 \u0435\u0436\u0435\u0433\u043e\u0434\u043d\u043e\u0435 \u043c\u0435\u0440\u043e\u043f\u0440\u0438\u044f\u0442\u0438\u0435 \u00ab\u0413\u0435\u0440\u043c\u0430\u043d\u043e-\u0440\u043e\u0441\u0441\u0438\u0439\u0441\u043a\u0438\u0435 \u0434\u0435\u043b\u043e\u0432\u044b\u0435 \u0432\u0441\u0442\u0440\u0435\u0447\u0438\u00bb, \u043a\u043e\u0442\u043e\u0440\u043e\u0435 \u043e\u0440\u0433\u0430\u043d\u0438\u0437\u043e\u0432\u044b\u0432\u0430\u0435\u0442 GIZ \u0441\u043e\u0432\u043c\u0435\u0441\u0442\u043d\u043e \u0441 \u0424\u0435\u0434\u0435\u0440\u0430\u043b\u044c\u043d\u044b\u043c \u043c\u0438\u043d\u0438\u0441\u0442\u0435\u0440\u0441\u0442\u0432\u043e\u043c \u044d\u043a\u043e\u043d\u043e\u043c\u0438\u043a\u0438 \u0438 \u044d\u043d\u0435\u0440\u0433\u0435\u0442\u0438\u043a\u0438 \u043f\u0440\u0438 \u0441\u043e\u0434\u0435\u0439\u0441\u0442\u0432\u0438\u0438 \u0413\u0435\u043d\u043a\u043e\u043d\u0441\u0443\u043b\u044c\u0441\u0442\u0432\u0430 \u0420\u043e\u0441\u0441\u0438\u0438 \u0432 \u0411\u043e\u043d\u043d\u0435. <a  href=\"https:\/\/mp.aleph-consult.de\/ru\/german-russian-entrepreneur-talks-in-bonn\/\" class=\"more-link\">\u043f\u0440\u043e\u0434\u043e\u043b\u0436\u0438\u0442\u044c \u0447\u0442\u0435\u043d\u0438\u0435<\/a><\/p><\/div><\/div><\/div><\/article><article class=\"listing-item post\"><header><div class=\"entry-meta\"><a> <time class=\"entry-date\">06.10.2013<\/span><\/a><\/div><h2><a class=\"title\" href=\"https:\/\/mp.aleph-consult.de\/ru\/well-prepared-for-siberia\/\">\u0412 \u0421\u0438\u0431\u0438\u0440\u044c \u2014 \u0441 \u043e\u0441\u043d\u043e\u0432\u0430\u0442\u0435\u043b\u044c\u043d\u043e\u0439 \u043f\u043e\u0434\u0433\u043e\u0442\u043e\u0432\u043a\u043e\u0439<\/a><\/h2><\/header><div class=\"row\"><div class=\"col-xs-12 col-md-3 col-xl-3\"><a class=\"image\" href=\"https:\/\/mp.aleph-consult.de\/ru\/well-prepared-for-siberia\/\"><img width=\"150\" height=\"150\" src=\"https:\/\/mp.aleph-consult.de\/wp-content\/uploads\/2013\/10\/Fit-fuer-Russland-2013-400x300-1-150x150.jpg\" class=\"attachment-thumbnail size-thumbnail wp-post-image\" alt=\"\" loading=\"lazy\" srcset=\"https:\/\/mp.aleph-consult.de\/wp-content\/uploads\/2013\/10\/Fit-fuer-Russland-2013-400x300-1-150x150.jpg 150w, https:\/\/mp.aleph-consult.de\/wp-content\/uploads\/2013\/10\/Fit-fuer-Russland-2013-400x300-1-100x100.jpg 100w\" sizes=\"100vw\" \/><\/a> <\/div><div class=\"col-xs-12 col-md-9 col-xl-9\"><div class=\"content\"><p><\/p>\r\n<p>\u0423\u0436\u0435 \u0432 \u0447\u0435\u0442\u0432\u0435\u0440\u0442\u044b\u0439 \u0440\u0430\u0437 \u0440\u0443\u043a\u043e\u0432\u043e\u0434\u0438\u0442\u0435\u043b\u0438 \u043d\u0435\u043c\u0435\u0446\u043a\u0438\u0445 \u043f\u0440\u0435\u0434\u043f\u0440\u0438\u044f\u0442\u0438\u0439 \u043e\u0442\u043f\u0440\u0430\u0432\u043b\u044f\u044e\u0442\u0441\u044f \u0432 \u0421\u0438\u0431\u0438\u0440\u044c. \u0418\u0445 \u0446\u0435\u043b\u044c \u2014 \u0437\u043d\u0430\u043a\u043e\u043c\u0441\u0442\u0432\u043e \u0441 \u043f\u0440\u0438\u0432\u043b\u0435\u043a\u0430\u0442\u0435\u043b\u044c\u043d\u044b\u043c \u0438 \u043f\u043e\u0441\u0442\u043e\u044f\u043d\u043d\u043e \u0440\u0430\u0441\u0442\u0443\u0449\u0438\u043c \u0440\u044b\u043d\u043a\u043e\u043c \u0438 \u0443\u0441\u0442\u0430\u043d\u043e\u0432\u043b\u0435\u043d\u0438\u0435 \u043a\u043e\u043d\u0442\u0430\u043a\u0442\u043e\u0432 \u0441 \u0440\u043e\u0441\u0441\u0438\u0439\u0441\u043a\u0438\u043c \u0431\u0438\u0437\u043d\u0435\u0441\u043e\u043c. \u041d\u043e \u043f\u0440\u0435\u0436\u0434\u0435 \u0447\u0435\u043c \u0437\u0430\u043d\u044f\u0442\u044c \u0441\u0432\u043e\u0438 \u043c\u0435\u0441\u0442\u0430 \u043d\u0430 \u0431\u043e\u0440\u0442\u0443 \u0441\u0430\u043c\u043e\u043b\u0435\u0442\u0430, \u0432\u0437\u044f\u0432\u0448\u0435\u0433\u043e \u043a\u0443\u0440\u0441 \u043d\u0430 \u0432\u043e\u0441\u0442\u043e\u043a, \u043d\u0435\u043c\u0435\u0446\u043a\u0438\u0435 \u0431\u0438\u0437\u043d\u0435\u0441\u043c\u0435\u043d\u044b \u0441\u0435\u043b\u0438 \u0437\u0430 \u043f\u0430\u0440\u0442\u044b GIZ \u0438 \u043f\u043e\u0434\u0440\u043e\u0431\u043d\u043e \u043e\u0437\u043d\u0430\u043a\u043e\u043c\u0438\u043b\u0438\u0441\u044c \u0441\u043e \u0441\u0442\u0440\u0430\u043d\u043e\u0439 \u0438 \u043b\u044e\u0434\u044c\u043c\u0438. <a  href=\"https:\/\/mp.aleph-consult.de\/ru\/well-prepared-for-siberia\/\" class=\"more-link\">\u043f\u0440\u043e\u0434\u043e\u043b\u0436\u0438\u0442\u044c \u0447\u0442\u0435\u043d\u0438\u0435<\/a><\/p><\/div><\/div><\/div><\/article><article class=\"listing-item post\"><header><div class=\"entry-meta\"><a> <time class=\"entry-date\">06.09.2013<\/span><\/a><\/div><h2><a class=\"title\" href=\"https:\/\/mp.aleph-consult.de\/ru\/fit-for-business-with-china-successfully-continued\/\">\u041f\u0440\u043e\u0433\u0440\u0430\u043c\u043c\u0430 \u00abFit f\u00fcr das Chinagesch\u00e4ft\u00bb \u0443\u0441\u043f\u0435\u0448\u043d\u043e \u043f\u0440\u043e\u0434\u043e\u043b\u0436\u0430\u0435\u0442\u0441\u044f<\/a><\/h2><\/header><div class=\"row\"><div class=\"col-xs-12 col-md-3 col-xl-3\"><a class=\"image\" href=\"https:\/\/mp.aleph-consult.de\/ru\/fit-for-business-with-china-successfully-continued\/\"><img width=\"150\" height=\"150\" src=\"https:\/\/mp.aleph-consult.de\/wp-content\/uploads\/2013\/09\/Fit-fuer-China-2013-400x300-1-150x150.jpg\" class=\"attachment-thumbnail size-thumbnail wp-post-image\" alt=\"\" loading=\"lazy\" srcset=\"https:\/\/mp.aleph-consult.de\/wp-content\/uploads\/2013\/09\/Fit-fuer-China-2013-400x300-1-150x150.jpg 150w, https:\/\/mp.aleph-consult.de\/wp-content\/uploads\/2013\/09\/Fit-fuer-China-2013-400x300-1-100x100.jpg 100w\" sizes=\"100vw\" \/><\/a> <\/div><div class=\"col-xs-12 col-md-9 col-xl-9\"><div class=\"content\"><p><\/p>\r\n<p>\u0427\u0435\u043d\u0434\u0443\/\u0422\u0430\u0439\u0446\u0430\u043d.&nbsp;\u0414\u0432\u0435 \u043d\u0435\u0434\u0435\u043b\u0438 \u043d\u0435\u043c\u0435\u0446\u043a\u0438\u0435 \u043f\u0440\u0435\u0434\u043f\u0440\u0438\u043d\u0438\u043c\u0430\u0442\u0435\u043b\u0438 \u043f\u0440\u043e\u0432\u0435\u043b\u0438 \u0432 \u0427\u0435\u043d\u0434\u0443 \u0438 \u0422\u0430\u0439\u0446\u0430\u043d\u0435. \u041e\u043d\u0438 \u043f\u043e\u0437\u043d\u0430\u043a\u043e\u043c\u0438\u043b\u0438\u0441\u044c \u0441 \u0430\u043a\u0442\u0443\u0430\u043b\u044c\u043d\u043e\u0439 \u0441\u0438\u0442\u0443\u0430\u0446\u0438\u0435\u0439 \u043d\u0430 \u043a\u0438\u0442\u0430\u0439\u0441\u043a\u043e\u043c \u0440\u044b\u043d\u043a\u0435 \u0438 \u0437\u0430\u0432\u044f\u0437\u0430\u043b\u0438 \u0434\u0435\u043b\u043e\u0432\u044b\u0435 \u043a\u043e\u043d\u0442\u0430\u043a\u0442\u044b \u0441 \u043f\u0440\u0435\u0434\u043f\u0440\u0438\u044f\u0442\u0438\u044f\u043c\u0438 \u041a\u0438\u0442\u0430\u044f. <a  href=\"https:\/\/mp.aleph-consult.de\/ru\/fit-for-business-with-china-successfully-continued\/\" class=\"more-link\">\u043f\u0440\u043e\u0434\u043e\u043b\u0436\u0438\u0442\u044c \u0447\u0442\u0435\u043d\u0438\u0435<\/a><\/p><\/div><\/div><\/div><\/article><\/div>\n","protected":false},"excerpt":{"rendered":"","protected":false},"author":1,"featured_media":0,"parent":259,"menu_order":0,"comment_status":"closed","ping_status":"closed","template":"","meta":{"ngg_post_thumbnail":0,"_EventAllDay":false,"_EventTimezone":"","_EventStartDate":"","_EventEndDate":"","_EventStartDateUTC":"","_EventEndDateUTC":"","_EventShowMap":false,"_EventShowMapLink":false,"_EventURL":"","_EventCost":"","_EventCostDescription":"","_EventCurrencySymbol":"","_EventCurrencyPosition":"","_EventDateTimeSeparator":"","_EventTimeRangeSeparator":"","_EventOrganizerID":[],"_EventVenueID":0,"_OrganizerEmail":"","_OrganizerPhone":"","_OrganizerWebsite":"","_VenueAddress":"","_VenueCity":"","_VenueCountry":"","_VenueProvince":"","_VenueZip":"","_VenuePhone":"","_VenueURL":"","_VenueStateProvince":"","_VenueLat":"","_VenueLng":""},"folder":[61],"_links":{"self":[{"href":"https:\/\/mp.aleph-consult.de\/ru\/wp-json\/wp\/v2\/pages\/19465"}],"collection":[{"href":"https:\/\/mp.aleph-consult.de\/ru\/wp-json\/wp\/v2\/pages"}],"about":[{"href":"https:\/\/mp.aleph-consult.de\/ru\/wp-json\/wp\/v2\/types\/page"}],"author":[{"embeddable":true,"href":"https:\/\/mp.aleph-consult.de\/ru\/wp-json\/wp\/v2\/users\/1"}],"replies":[{"embeddable":true,"href":"https:\/\/mp.aleph-consult.de\/ru\/wp-json\/wp\/v2\/comments?post=19465"}],"version-history":[{"count":3,"href":"https:\/\/mp.aleph-consult.de\/ru\/wp-json\/wp\/v2\/pages\/19465\/revisions"}],"predecessor-version":[{"id":22636,"href":"https:\/\/mp.aleph-consult.de\/ru\/wp-json\/wp\/v2\/pages\/19465\/revisions\/22636"}],"up":[{"embeddable":true,"href":"https:\/\/mp.aleph-consult.de\/ru\/wp-json\/wp\/v2\/pages\/259"}],"wp:attachment":[{"href":"https:\/\/mp.aleph-consult.de\/ru\/wp-json\/wp\/v2\/media?parent=19465"}],"wp:term":[{"taxonomy":"folder","embeddable":true,"href":"https:\/\/mp.aleph-consult.de\/ru\/wp-json\/wp\/v2\/folder?post=19465"}],"curies":[{"name":"wp","href":"https:\/\/api.w.org\/{rel}","templated":true}]}}