{"id":16140,"date":"2020-01-06T16:22:52","date_gmt":"2020-01-06T15:22:52","guid":{"rendered":"http:\/\/mp.aleph-consult.de\/?page_id=16140"},"modified":"2020-04-24T14:37:53","modified_gmt":"2020-04-24T12:37:53","slug":"fit-fur-das-chinageschaft","status":"publish","type":"page","link":"https:\/\/mp.aleph-consult.de\/ru\/fit-fur-auslandsmarkte\/fit-fur-das-chinageschaft\/","title":{"rendered":"Fit f\u00fcr das Chinagesch\u00e4ft"},"content":{"rendered":"<figure class=\"wp-block-image\"><img loading=\"lazy\" width=\"1024\" height=\"540\" class=\"alignnone size-full wp-image-16141\" alt=\"\" src=\"http:\/\/mp.aleph-consult.de\/wp-content\/uploads\/2020\/01\/fit-f\u00fcr-CH-2-e1565782543872-scaled-e1578324154890.jpg\" srcset=\"https:\/\/mp.aleph-consult.de\/wp-content\/uploads\/2020\/01\/fit-f\u00fcr-CH-2-e1565782543872-scaled-e1578324154890.jpg 1024w, https:\/\/mp.aleph-consult.de\/wp-content\/uploads\/2020\/01\/fit-f\u00fcr-CH-2-e1565782543872-300x158.jpg 300w, https:\/\/mp.aleph-consult.de\/wp-content\/uploads\/2020\/01\/fit-f\u00fcr-CH-2-e1565782543872-768x405.jpg 768w, https:\/\/mp.aleph-consult.de\/wp-content\/uploads\/2020\/01\/fit-f\u00fcr-CH-2-e1565782543872-1536x810.jpg 1536w, https:\/\/mp.aleph-consult.de\/wp-content\/uploads\/2020\/01\/fit-f\u00fcr-CH-2-e1565782543872-2048x1080.jpg 2048w\" sizes=\"(max-width: 767px) 89vw, (max-width: 1000px) 54vw, (max-width: 1071px) 543px, 580px\" \/><\/figure>\n<p>Sie interessieren sich f\u00fcr den chinesischen Markt und sind auf der Suche nach Kontakten zu chinesischen Unternehmen? Dann kann dieses Programm f\u00fcr Sie der \u201cSchl\u00fcssel\u201d zum chinesischen Markt sein. Es bietet Fach- und F\u00fchrungskr\u00e4ften aus deutschen Unternehmen: Zugang zu Entscheidungstr\u00e4gern, Wirtschaftsverwaltung und Politik; Kontakte zu chinesischen Unternehmen; Einblick in die chinesische Unternehmenspraxis und Gesch\u00e4ftskultur; Kenntnisse \u00fcber die wirtschaftlichen und rechtlichen Rahmenbedingungen in China.<\/p>\n<p>Das Programm \u201eFit f\u00fcr das Chinagesch\u00e4ft\u201c wird von der chinesischen Regierung auf der Grundlage der Gemeinsamen Erkl\u00e4rung vom 24.04.2012 finanziert, vom Ministerium f\u00fcr Industrie und Informationstechnologie der Volksrepublik China gef\u00f6rdert und vom&nbsp;<a href=\"https:\/\/www.bmwi.de\/Navigation\/DE\/Home\/home.html\" target=\"_blank\" rel=\"noreferrer noopener\">Bundesministerium f\u00fcr Wirtschaft und Energie<\/a>&nbsp;unterst\u00fctzt. Mit der Programmdurchf\u00fchrung und -koordination in Deutschland ist die&nbsp;<a href=\"https:\/\/www.giz.de\/de\/html\/index.html\" target=\"_blank\" rel=\"noreferrer noopener\">Deutsche Gesellschaft f\u00fcr Internationale Zusammenarbeit (GIZ)<\/a>&nbsp;und in China das China Centre for Promotion of SME Development (ProSME), eine staatliche Agentur zur F\u00f6rderung von KMU, beauftragt.<\/p>\n<p><a href=\"http:\/\/mp.aleph-consult.de\/wp-content\/uploads\/2020\/03\/Interessenbekundung_China_2019_web.pdf\" rel=\"noopener noreferrer\">Interessenbekundung<\/a><br \/>\n<a href=\"http:\/\/mp.aleph-consult.de\/wp-content\/uploads\/2020\/03\/Flyer_BMWi-CN-2014.pdf\" rel=\"noreferrer noopener\">Download Flyer<\/a><\/p>\n","protected":false},"excerpt":{"rendered":"<p>Sie interessieren sich f\u00fcr den chinesischen Markt und sind auf der Suche nach Kontakten zu chinesischen Unternehmen? Dann kann dieses Programm f\u00fcr Sie der \u201cSchl\u00fcssel\u201d zum chinesischen Markt sein. Es bietet Fach- und F\u00fchrungskr\u00e4ften aus deutschen Unternehmen: Zugang zu Entscheidungstr\u00e4gern, Wirtschaftsverwaltung und Politik; Kontakte zu chinesischen Unternehmen; Einblick in die chinesische Unternehmenspraxis und Gesch\u00e4ftskultur; Kenntnisse &hellip; <\/p>\n<p class=\"link-more\"><a href=\"https:\/\/mp.aleph-consult.de\/ru\/fit-fur-auslandsmarkte\/fit-fur-das-chinageschaft\/\" class=\"more-link\">\u0427\u0438\u0442\u0430\u0442\u044c \u0434\u0430\u043b\u0435\u0435<span class=\"screen-reader-text\"> \u00abFit f\u00fcr das Chinagesch\u00e4ft\u00bb<\/span><\/a><\/p>\n","protected":false},"author":1,"featured_media":0,"parent":259,"menu_order":0,"comment_status":"closed","ping_status":"closed","template":"","meta":{"ngg_post_thumbnail":0,"_EventAllDay":false,"_EventTimezone":"","_EventStartDate":"","_EventEndDate":"","_EventStartDateUTC":"","_EventEndDateUTC":"","_EventShowMap":false,"_EventShowMapLink":false,"_EventURL":"","_EventCost":"","_EventCostDescription":"","_EventCurrencySymbol":"","_EventCurrencyPosition":"","_EventDateTimeSeparator":"","_EventTimeRangeSeparator":"","_EventOrganizerID":[],"_EventVenueID":0,"_OrganizerEmail":"","_OrganizerPhone":"","_OrganizerWebsite":"","_VenueAddress":"","_VenueCity":"","_VenueCountry":"","_VenueProvince":"","_VenueZip":"","_VenuePhone":"","_VenueURL":"","_VenueStateProvince":"","_VenueLat":"","_VenueLng":""},"folder":[61],"_links":{"self":[{"href":"https:\/\/mp.aleph-consult.de\/ru\/wp-json\/wp\/v2\/pages\/16140"}],"collection":[{"href":"https:\/\/mp.aleph-consult.de\/ru\/wp-json\/wp\/v2\/pages"}],"about":[{"href":"https:\/\/mp.aleph-consult.de\/ru\/wp-json\/wp\/v2\/types\/page"}],"author":[{"embeddable":true,"href":"https:\/\/mp.aleph-consult.de\/ru\/wp-json\/wp\/v2\/users\/1"}],"replies":[{"embeddable":true,"href":"https:\/\/mp.aleph-consult.de\/ru\/wp-json\/wp\/v2\/comments?post=16140"}],"version-history":[{"count":8,"href":"https:\/\/mp.aleph-consult.de\/ru\/wp-json\/wp\/v2\/pages\/16140\/revisions"}],"predecessor-version":[{"id":25159,"href":"https:\/\/mp.aleph-consult.de\/ru\/wp-json\/wp\/v2\/pages\/16140\/revisions\/25159"}],"up":[{"embeddable":true,"href":"https:\/\/mp.aleph-consult.de\/ru\/wp-json\/wp\/v2\/pages\/259"}],"wp:attachment":[{"href":"https:\/\/mp.aleph-consult.de\/ru\/wp-json\/wp\/v2\/media?parent=16140"}],"wp:term":[{"taxonomy":"folder","embeddable":true,"href":"https:\/\/mp.aleph-consult.de\/ru\/wp-json\/wp\/v2\/folder?post=16140"}],"curies":[{"name":"wp","href":"https:\/\/api.w.org\/{rel}","templated":true}]}}