{"id":16131,"date":"2020-01-06T06:26:07","date_gmt":"2020-01-06T05:26:07","guid":{"rendered":"http:\/\/mp.aleph-consult.de\/?page_id=16131"},"modified":"2021-06-21T16:23:27","modified_gmt":"2021-06-21T14:23:27","slug":"deutsch-russische-unternehmergesprache","status":"publish","type":"page","link":"https:\/\/mp.aleph-consult.de\/ru\/fit-fur-auslandsmarkte\/deutsch-russische-unternehmergesprache\/","title":{"rendered":"Deutsch-Russische Unternehmergespr\u00e4che"},"content":{"rendered":"<p><strong>Deutsch-Russische Unternehmergespr\u00e4che 2021<\/strong><\/p>\n<p>Die Veranstaltung gibt in diesem Jahr einen Einblick dar\u00fcber, wie die Wirtschaftskooperation zwischen Deutschland und Russland zuk\u00fcnftig fortgef\u00fchrt werden kann. Beleuchtet wird, welche Herausforderungen und Chancen sich durch neue F\u00f6rderprogramme und virtuelle Formen der Zusammenarbeit f\u00fcr KMU ergeben.<\/p>\n<p><img loading=\"lazy\" class=\"alignleft wp-image-26841 size-medium\" src=\"http:\/\/mp.aleph-consult.de\/wp-content\/uploads\/2020\/07\/Deutsch-Russische-Unternehmergespr\u00e4che-2019-5-scaled-e1593760210896-300x200.jpg\" alt=\"\" width=\"300\" height=\"200\" srcset=\"https:\/\/mp.aleph-consult.de\/wp-content\/uploads\/2020\/07\/Deutsch-Russische-Unternehmergespr\u00e4che-2019-5-scaled-e1593760210896-300x200.jpg 300w, https:\/\/mp.aleph-consult.de\/wp-content\/uploads\/2020\/07\/Deutsch-Russische-Unternehmergespr\u00e4che-2019-5-scaled-e1593760210896-1024x683.jpg 1024w, https:\/\/mp.aleph-consult.de\/wp-content\/uploads\/2020\/07\/Deutsch-Russische-Unternehmergespr\u00e4che-2019-5-scaled-e1593760210896-768x512.jpg 768w, https:\/\/mp.aleph-consult.de\/wp-content\/uploads\/2020\/07\/Deutsch-Russische-Unternehmergespr\u00e4che-2019-5-scaled-e1593760210896-1536x1024.jpg 1536w, https:\/\/mp.aleph-consult.de\/wp-content\/uploads\/2020\/07\/Deutsch-Russische-Unternehmergespr\u00e4che-2019-5-scaled-e1593760210896-2048x1366.jpg 2048w\" sizes=\"(max-width: 300px) 100vw, 300px\" \/><\/p>\n<p>Renommierte Expert*innen mit umfangreicher Russlanderfahrung informieren \u00fcber praktische Fragen der unternehmerischen T\u00e4tigkeit in Russland, die Deutsch-Russische Auslandshandelskammer berichtet \u00fcber die aktuellen Entwicklungen der Zusammenarbeit. Diskussionsforen bieten Raum f\u00fcr einen Meinungs- und Erfahrungsaustausch. Dar\u00fcber hinaus bietet ein Kooperationsforum deutschen und russischen Unternehmer*innen die M\u00f6glichkeit, miteinander in Kontakt zu treten.<\/p>\n<p><img loading=\"lazy\" class=\"wp-image-26842 size-medium alignright\" src=\"http:\/\/mp.aleph-consult.de\/wp-content\/uploads\/2020\/07\/Deutsch-Russische-Unternehmergespr\u00e4che-2019-21-300x200.jpg\" alt=\"\" width=\"300\" height=\"200\" srcset=\"https:\/\/mp.aleph-consult.de\/wp-content\/uploads\/2020\/07\/Deutsch-Russische-Unternehmergespr\u00e4che-2019-21-300x200.jpg 300w, https:\/\/mp.aleph-consult.de\/wp-content\/uploads\/2020\/07\/Deutsch-Russische-Unternehmergespr\u00e4che-2019-21-1024x683.jpg 1024w, https:\/\/mp.aleph-consult.de\/wp-content\/uploads\/2020\/07\/Deutsch-Russische-Unternehmergespr\u00e4che-2019-21-768x512.jpg 768w, https:\/\/mp.aleph-consult.de\/wp-content\/uploads\/2020\/07\/Deutsch-Russische-Unternehmergespr\u00e4che-2019-21-1536x1024.jpg 1536w, https:\/\/mp.aleph-consult.de\/wp-content\/uploads\/2020\/07\/Deutsch-Russische-Unternehmergespr\u00e4che-2019-21-2048x1365.jpg 2048w\" sizes=\"(max-width: 300px) 100vw, 300px\" \/>Die j\u00e4hrlich stattfindende Veranstaltung richtet sich an Programmteilnehmer und Interessenten von \u201e<a href=\"http:\/\/mp.aleph-consult.de\/fit-fur-auslandsmarkte\/fit-fur-das-russlandgeschaft\/\">Fit f\u00fcr das Russlandgesch\u00e4ft<\/a>\u201c, Vertreter deutscher und russischer KMU sowie die Partner des BMWi-Managerfortbildungsprogramms in den russischen Regionen. Die Vorbereitung und Durchf\u00fchrung der inzwischen bereits traditionellen Tagung erfolgt in enger Zusammenarbeit mit dem Bundesministerium f\u00fcr Wirtschaft und Energie (BMWi), der Au\u00dfenhandelskammer Sankt Petersburg, dem Deutsch-Russischen Management Netzwerk und der Deutschen Gesellschaft f\u00fcr Internationale Zusammenarbeit (GIZ) GmbH.<\/p>\n<p>Die Unternehmergespr\u00e4che finden an folgenden Daten statt: <br \/>\n<strong>Teil 1: <\/strong><span class=\"TextRun  BCX9 SCXW226537978\" lang=\"DE-DE\" xml:lang=\"DE-DE\" data-contrast=\"auto\"><span class=\"NormalTextRun  BCX9 SCXW226537978\">20<\/span><\/span><span class=\"TextRun  BCX9 SCXW226537978\" lang=\"DE-DE\" xml:lang=\"DE-DE\" data-contrast=\"auto\"><span class=\"NormalTextRun  BCX9 SCXW226537978\">.&nbsp;<\/span><\/span><span class=\"TextRun  BCX9 SCXW226537978\" lang=\"DE-DE\" xml:lang=\"DE-DE\" data-contrast=\"auto\"><span class=\"NormalTextRun  BCX9 SCXW226537978\">Mai<\/span><\/span><span class=\"TextRun  BCX9 SCXW226537978\" lang=\"DE-DE\" xml:lang=\"DE-DE\" data-contrast=\"auto\"><span class=\"NormalTextRun  BCX9 SCXW226537978\">&nbsp;20<\/span><\/span><span class=\"TextRun  BCX9 SCXW226537978\" lang=\"DE-DE\" xml:lang=\"DE-DE\" data-contrast=\"auto\"><span class=\"NormalTextRun  BCX9 SCXW226537978\">2<\/span><\/span><span class=\"TextRun  BCX9 SCXW226537978\" lang=\"DE-DE\" xml:lang=\"DE-DE\" data-contrast=\"auto\"><span class=\"NormalTextRun  BCX9 SCXW226537978\">1 &#8211; <span style=\"text-decoration: underline;\"><a href=\"http:\/\/mp.aleph-consult.de\/wp-content\/uploads\/2021\/05\/Programm_Dt-Russ_Unternehmergespr\u00e4che_Teil_1.pdf\" target=\"_blank\" rel=\"noopener noreferrer\">Programm (PDF)<\/a><\/span><br \/>\n<strong>Teil 2: <\/strong>24. Juni 2021 &#8211; <\/span><\/span><span style=\"text-decoration: underline;\"><a href=\"http:\/\/mp.aleph-consult.de\/wp-content\/uploads\/2021\/06\/Programm_Dt-Russ_Unternehmergespr\u00e4che_Teil_2.pdf\" target=\"_blank\" rel=\"noopener noreferrer\">Programm (PDF)<\/a><\/span>,&nbsp;<span style=\"text-decoration: underline;\"><a href=\"http:\/\/mp.aleph-consult.de\/wp-content\/uploads\/2021\/06\/Anleitung-zu-Wonder.Me_.pdf\" target=\"_blank\" rel=\"noopener noreferrer\">Anleitung zur Arbeit mit Wonder.Me<\/a><\/span><\/p>\n<p>Die Teilnahme erfolgt auf pers\u00f6nliche Einladung<\/p>\n<p><strong>Eindr\u00fccke von den Deutsch-Russischen Unternehmergespr\u00e4chen finden Sie in diesen Bildergalerien:<\/strong><\/p>\n<div class=\"ngg-albumoverview default-view\">\n            <div class=\"ngg-album\">\n            <div class=\"ngg-albumcontent\">\n                <div class=\"ngg-thumbnail\">\n                    <a class='gallery_link' href='https:\/\/mp.aleph-consult.de\/ru\/fit-fur-auslandsmarkte\/deutsch-russische-unternehmergesprache\/nggallery\/deutsch-russische-unternehmergesprache\/deutsch-russische-unternehmergesprache-2021'>\n                        <img class=\"Thumb\"\n                             alt=\"Deutsch-Russische Unternehmergespr\u00e4che 2021\"\n                             src=\"https:\/\/mp.aleph-consult.de\/wp-content\/gallery\/deutsch-russische-unternehmergespraeche-2021\/cache\/1_Gruppenfoto.png-nggid03751-ngg0dyn-300x200x100-00f0w010c011r110f110r010t010.png\"\/>\n                    <\/a>\n                <\/div>\n                <div class=\"ngg-albumtitle\">\n                  <a class='gallery_link' href='https:\/\/mp.aleph-consult.de\/ru\/fit-fur-auslandsmarkte\/deutsch-russische-unternehmergesprache\/nggallery\/deutsch-russische-unternehmergesprache\/deutsch-russische-unternehmergesprache-2021'>Deutsch-Russische Unternehmergespr\u00e4che 2021<\/a>\n                <\/div>\n                <div class=\"ngg-description\">\n                    <p><\/p>\n                                            <p class=\"ngg-album-gallery-image-counter\"><strong>17<\/strong>&nbsp;\u0424\u043e\u0442\u043e<\/p>\n                                    <\/div>\n            <\/div>\n        <\/div>\n            <div class=\"ngg-album\">\n            <div class=\"ngg-albumcontent\">\n                <div class=\"ngg-thumbnail\">\n                    <a class='gallery_link' href='https:\/\/mp.aleph-consult.de\/ru\/fit-fur-auslandsmarkte\/deutsch-russische-unternehmergesprache\/nggallery\/deutsch-russische-unternehmergesprache\/deutsch-russische-unternehmergesprache-2020'>\n                        <img class=\"Thumb\"\n                             alt=\"Deutsch-Russische Unternehmergespr\u00e4che 2020\"\n                             src=\"https:\/\/mp.aleph-consult.de\/wp-content\/gallery\/deutsch-russische-unternehmergespraeche-2020\/cache\/1.png-nggid03633-ngg0dyn-300x200x100-00f0w010c011r110f110r010t010.png\"\/>\n                    <\/a>\n                <\/div>\n                <div class=\"ngg-albumtitle\">\n                  <a class='gallery_link' href='https:\/\/mp.aleph-consult.de\/ru\/fit-fur-auslandsmarkte\/deutsch-russische-unternehmergesprache\/nggallery\/deutsch-russische-unternehmergesprache\/deutsch-russische-unternehmergesprache-2020'>Deutsch-Russische Unternehmergespr\u00e4che 2020<\/a>\n                <\/div>\n                <div class=\"ngg-description\">\n                    <p><\/p>\n                                            <p class=\"ngg-album-gallery-image-counter\"><strong>14<\/strong>&nbsp;\u0424\u043e\u0442\u043e<\/p>\n                                    <\/div>\n            <\/div>\n        <\/div>\n            <div class=\"ngg-album\">\n            <div class=\"ngg-albumcontent\">\n                <div class=\"ngg-thumbnail\">\n                    <a class='gallery_link' href='https:\/\/mp.aleph-consult.de\/ru\/deutsch-russische-unternehmergesprache-2019\/'>\n                        <img class=\"Thumb\"\n                             alt=\"Deutsch-Russische Unternehmergespr\u00e4che 2019\"\n                             src=\"https:\/\/mp.aleph-consult.de\/wp-content\/gallery\/deutsch-russische-unternehmergespraeche-2020\/cache\/Deutsch-Russische-Unternehmergespr%C3%A4che-2019-25.jpg-nggid03622-ngg0dyn-300x200x100-00f0w010c011r110f110r010t010.jpg\"\/>\n                    <\/a>\n                <\/div>\n                <div class=\"ngg-albumtitle\">\n                  <a class='gallery_link' href='https:\/\/mp.aleph-consult.de\/ru\/deutsch-russische-unternehmergesprache-2019\/'>Deutsch-Russische Unternehmergespr\u00e4che 2019<\/a>\n                <\/div>\n                <div class=\"ngg-description\">\n                    <p><\/p>\n                                            <p class=\"ngg-album-gallery-image-counter\"><strong>34<\/strong>&nbsp;\u0424\u043e\u0442\u043e<\/p>\n                                    <\/div>\n            <\/div>\n        <\/div>\n        <div class='ngg-clear'><\/div><\/div>\n\n<p>&nbsp;<\/p>\n","protected":false},"excerpt":{"rendered":"<p>Deutsch-Russische Unternehmergespr\u00e4che 2021 Die Veranstaltung gibt in diesem Jahr einen Einblick dar\u00fcber, wie die Wirtschaftskooperation zwischen Deutschland und Russland zuk\u00fcnftig fortgef\u00fchrt werden kann. Beleuchtet wird, welche Herausforderungen und Chancen sich durch neue F\u00f6rderprogramme und virtuelle Formen der Zusammenarbeit f\u00fcr KMU ergeben. Renommierte Expert*innen mit umfangreicher Russlanderfahrung informieren \u00fcber praktische Fragen der unternehmerischen T\u00e4tigkeit in Russland, &hellip; <\/p>\n<p class=\"link-more\"><a href=\"https:\/\/mp.aleph-consult.de\/ru\/fit-fur-auslandsmarkte\/deutsch-russische-unternehmergesprache\/\" class=\"more-link\">\u0427\u0438\u0442\u0430\u0442\u044c \u0434\u0430\u043b\u0435\u0435<span class=\"screen-reader-text\"> \u00abDeutsch-Russische Unternehmergespr\u00e4che\u00bb<\/span><\/a><\/p>\n","protected":false},"author":1,"featured_media":0,"parent":259,"menu_order":0,"comment_status":"closed","ping_status":"closed","template":"","meta":{"ngg_post_thumbnail":0,"_EventAllDay":false,"_EventTimezone":"","_EventStartDate":"","_EventEndDate":"","_EventStartDateUTC":"","_EventEndDateUTC":"","_EventShowMap":false,"_EventShowMapLink":false,"_EventURL":"","_EventCost":"","_EventCostDescription":"","_EventCurrencySymbol":"","_EventCurrencyPosition":"","_EventDateTimeSeparator":"","_EventTimeRangeSeparator":"","_EventOrganizerID":[],"_EventVenueID":0,"_OrganizerEmail":"","_OrganizerPhone":"","_OrganizerWebsite":"","_VenueAddress":"","_VenueCity":"","_VenueCountry":"","_VenueProvince":"","_VenueZip":"","_VenuePhone":"","_VenueURL":"","_VenueStateProvince":"","_VenueLat":"","_VenueLng":""},"folder":[58],"_links":{"self":[{"href":"https:\/\/mp.aleph-consult.de\/ru\/wp-json\/wp\/v2\/pages\/16131"}],"collection":[{"href":"https:\/\/mp.aleph-consult.de\/ru\/wp-json\/wp\/v2\/pages"}],"about":[{"href":"https:\/\/mp.aleph-consult.de\/ru\/wp-json\/wp\/v2\/types\/page"}],"author":[{"embeddable":true,"href":"https:\/\/mp.aleph-consult.de\/ru\/wp-json\/wp\/v2\/users\/1"}],"replies":[{"embeddable":true,"href":"https:\/\/mp.aleph-consult.de\/ru\/wp-json\/wp\/v2\/comments?post=16131"}],"version-history":[{"count":85,"href":"https:\/\/mp.aleph-consult.de\/ru\/wp-json\/wp\/v2\/pages\/16131\/revisions"}],"predecessor-version":[{"id":31501,"href":"https:\/\/mp.aleph-consult.de\/ru\/wp-json\/wp\/v2\/pages\/16131\/revisions\/31501"}],"up":[{"embeddable":true,"href":"https:\/\/mp.aleph-consult.de\/ru\/wp-json\/wp\/v2\/pages\/259"}],"wp:attachment":[{"href":"https:\/\/mp.aleph-consult.de\/ru\/wp-json\/wp\/v2\/media?parent=16131"}],"wp:term":[{"taxonomy":"folder","embeddable":true,"href":"https:\/\/mp.aleph-consult.de\/ru\/wp-json\/wp\/v2\/folder?post=16131"}],"curies":[{"name":"wp","href":"https:\/\/api.w.org\/{rel}","templated":true}]}}