{"id":19639,"date":"2020-02-07T06:38:44","date_gmt":"2020-02-07T05:38:44","guid":{"rendered":"http:\/\/mp.aleph-consult.de\/?page_id=19639"},"modified":"2022-04-25T14:37:23","modified_gmt":"2022-04-25T12:37:23","slug":"programmablauf","status":"publish","type":"page","link":"https:\/\/mp.aleph-consult.de\/en\/fit-fur-auslandsmarkte\/programmablauf\/","title":{"rendered":"Programmablauf"},"content":{"rendered":"<p>Die Deutsche Gesellschaft f\u00fcr Internationale Zusammenarbeit (GIZ) GmbH koordiniert im Auftrag des Bundesministeriums f\u00fcr Wirtschaft und Klimaschutz (BMWK) die Fortbildung f\u00fcr Fach- und F\u00fchrungskr\u00e4fte aus deutschen Unternehmen.<\/p>\n<p>Das Programm beinhaltet:<\/p>\n<ul>\n<li>zwei bzw. drei Tage Vorbereitungsseminar in Bonn<\/li>\n<li>zwei Wochen Aufenthalt im Ausland<strong><sup>\u2217<\/sup><\/strong><\/li>\n<li>ein Tag Follow-up Seminar in Bonn<\/li>\n<\/ul>\n<p>Zur Vorbereitung auf den Aufenthalt nehmen Sie an einem Seminar in Bonn bei GIZ teil. Thematische Schwerpunkte sind: interkulturelle Kommunikation, Unternehmenskultur in Russland bzw. China, Methoden der Kontaktaufnahme zu russischen und chinesischen Unternehmen, Vorbereitung auf Gesch\u00e4ftsverhandlungen, Erwartungen der russischen oder chinesischen Partner an ihre deutschen Gespr\u00e4chspartner, Bewertung der Chancen und Risiken der deutschen Unternehmen in Russland und China.<\/p>\n<p>W\u00e4hrend des zweiw\u00f6chigen Aufenthalts im Ausland lernen Sie das Potenzial regionaler M\u00e4rkte kennen und bauen Kontakte zu ans\u00e4ssigen (heimischen) Unternehmen auf.<\/p>\n<ul>\n<li>Gruppen- und Individualbesuche in Unternehmen und Wirtschaftszonen<\/li>\n<li>Workshops und Trainings zu Themen wie regionale Wirtschaftspolitik und -struktur, Marktlage, regionale Au\u00dfenwirtschaftsf\u00f6rderung und interkulturelle Kommunikation<\/li>\n<li>Kooperationsb\u00f6rse mit russischen bzw. chinesischen Unternehmen aus der Region<\/li>\n<li>\u201eRunder Tisch\u201c mit Entscheidungstr\u00e4gern aus Wirtschaft und Verwaltung<\/li>\n<li>Treffen mit Vertretern Deutscher Auslandsvertretungen<\/li>\n<\/ul>\n<p>Etwa ein Jahr nach der Fortbildung werden auf einem Follow-up Seminar die Ergebnisse ausgewertet und Erfahrungen ausgetauscht.<\/p>\n<p>In dem Programm \u201eFit f\u00fcr das Russlandgesch\u00e4ft\u201c erhalten die Teilnehmer Zugang zum deutsch-russischem Alumninetzwerk mit mehr als 4.500 Mitgliedern und werden traditionell zur j\u00e4hrlichen Tagung \u201eDeutsch-Russische Unternehmergespr\u00e4che\u201c, einer gemeinsamen Veranstaltung von BMWK, Russischem Generalkonsulat und GIZ eingeladen.<\/p>\n<p><strong><sup>\u2217<\/sup><\/strong><em>Alle Aktivit\u00e4ten mit Russland wurden aufgrund des Angriffs auf die Ukraine im M\u00e4rz 2022 suspendiert.<\/em><\/p>\n","protected":false},"excerpt":{"rendered":"<p>Die Deutsche Gesellschaft f\u00fcr Internationale Zusammenarbeit (GIZ) GmbH koordiniert im Auftrag des Bundesministeriums f\u00fcr Wirtschaft und Klimaschutz (BMWK) die Fortbildung f\u00fcr Fach- und F\u00fchrungskr\u00e4fte aus deutschen Unternehmen. Das Programm beinhaltet: zwei bzw. drei Tage Vorbereitungsseminar in Bonn zwei Wochen Aufenthalt im Ausland\u2217 ein Tag Follow-up Seminar in Bonn Zur Vorbereitung auf den Aufenthalt nehmen Sie &hellip; <\/p>\n<p class=\"link-more\"><a href=\"https:\/\/mp.aleph-consult.de\/en\/fit-fur-auslandsmarkte\/programmablauf\/\" class=\"more-link\">Continue reading<span class=\"screen-reader-text\"> &#8220;Programmablauf&#8221;<\/span><\/a><\/p>\n","protected":false},"author":1,"featured_media":0,"parent":259,"menu_order":0,"comment_status":"closed","ping_status":"closed","template":"","meta":{"ngg_post_thumbnail":0,"_EventAllDay":false,"_EventTimezone":"","_EventStartDate":"","_EventEndDate":"","_EventStartDateUTC":"","_EventEndDateUTC":"","_EventShowMap":false,"_EventShowMapLink":false,"_EventURL":"","_EventCost":"","_EventCostDescription":"","_EventCurrencySymbol":"","_EventCurrencyPosition":"","_EventDateTimeSeparator":"","_EventTimeRangeSeparator":"","_EventOrganizerID":[],"_EventVenueID":0,"_OrganizerEmail":"","_OrganizerPhone":"","_OrganizerWebsite":"","_VenueAddress":"","_VenueCity":"","_VenueCountry":"","_VenueProvince":"","_VenueZip":"","_VenuePhone":"","_VenueURL":"","_VenueStateProvince":"","_VenueLat":"","_VenueLng":""},"folder":[58],"_links":{"self":[{"href":"https:\/\/mp.aleph-consult.de\/en\/wp-json\/wp\/v2\/pages\/19639"}],"collection":[{"href":"https:\/\/mp.aleph-consult.de\/en\/wp-json\/wp\/v2\/pages"}],"about":[{"href":"https:\/\/mp.aleph-consult.de\/en\/wp-json\/wp\/v2\/types\/page"}],"author":[{"embeddable":true,"href":"https:\/\/mp.aleph-consult.de\/en\/wp-json\/wp\/v2\/users\/1"}],"replies":[{"embeddable":true,"href":"https:\/\/mp.aleph-consult.de\/en\/wp-json\/wp\/v2\/comments?post=19639"}],"version-history":[{"count":5,"href":"https:\/\/mp.aleph-consult.de\/en\/wp-json\/wp\/v2\/pages\/19639\/revisions"}],"predecessor-version":[{"id":33194,"href":"https:\/\/mp.aleph-consult.de\/en\/wp-json\/wp\/v2\/pages\/19639\/revisions\/33194"}],"up":[{"embeddable":true,"href":"https:\/\/mp.aleph-consult.de\/en\/wp-json\/wp\/v2\/pages\/259"}],"wp:attachment":[{"href":"https:\/\/mp.aleph-consult.de\/en\/wp-json\/wp\/v2\/media?parent=19639"}],"wp:term":[{"taxonomy":"folder","embeddable":true,"href":"https:\/\/mp.aleph-consult.de\/en\/wp-json\/wp\/v2\/folder?post=19639"}],"curies":[{"name":"wp","href":"https:\/\/api.w.org\/{rel}","templated":true}]}}