{"id":19465,"date":"2020-02-07T06:02:12","date_gmt":"2020-02-07T05:02:12","guid":{"rendered":"http:\/\/mp.aleph-consult.de\/?page_id=19465"},"modified":"2020-03-11T16:41:40","modified_gmt":"2020-03-11T15:41:40","slug":"uber-die-programme","status":"publish","type":"page","link":"https:\/\/mp.aleph-consult.de\/en\/fit-fur-auslandsmarkte\/uber-die-programme\/","title":{"rendered":"\u00dcber die Programme"},"content":{"rendered":"<div class=\"mp-display-posts-listing site-main\"><article class=\"listing-item post\"><header><div class=\"entry-meta\"><a> <time class=\"entry-date\">14.06.2018<\/span><\/a><\/div><h2><a class=\"title\" href=\"https:\/\/mp.aleph-consult.de\/en\/hola-mexico\/\">\u00a1Hola M\u00e9xico!<\/a><\/h2><\/header><div class=\"row\"><div class=\"col-xs-12 col-md-3 col-xl-3\"><a class=\"image\" href=\"https:\/\/mp.aleph-consult.de\/en\/hola-mexico\/\"><img width=\"150\" height=\"150\" src=\"https:\/\/mp.aleph-consult.de\/wp-content\/uploads\/2018\/06\/07__Deutsche-in-Mexiko2-150x150.jpg\" class=\"attachment-thumbnail size-thumbnail wp-post-image\" alt=\"\" loading=\"lazy\" srcset=\"https:\/\/mp.aleph-consult.de\/wp-content\/uploads\/2018\/06\/07__Deutsche-in-Mexiko2-150x150.jpg 150w, https:\/\/mp.aleph-consult.de\/wp-content\/uploads\/2018\/06\/07__Deutsche-in-Mexiko2-100x100.jpg 100w\" sizes=\"100vw\" \/><\/a> <\/div><div class=\"col-xs-12 col-md-9 col-xl-9\"><div class=\"content\"><p><a href=\"http:\/\/mp.aleph-consult.de\/wp-content\/uploads\/2018\/06\/07__Deutsche-in-Mexiko2.jpg\"><\/a>San Luis Potos\u00ed. Erstmals starteten F\u00fchrungskr\u00e4fte aus zehn deutschen mittelst\u00e4ndischen Unternehmen Ende November 2017 zu einer zweiw\u00f6chigen Fortbildung nach Mexiko. <a  href=\"https:\/\/mp.aleph-consult.de\/en\/hola-mexico\/\" class=\"more-link\">Continue reading<\/a><\/p><\/div><\/div><\/div><\/article><article class=\"listing-item post\"><header><div class=\"entry-meta\"><a> <time class=\"entry-date\">10.06.2018<\/span><\/a><\/div><h2><a class=\"title\" href=\"https:\/\/mp.aleph-consult.de\/en\/fur-deutschland-offnet-sich-in-china-gerade-eine-tur\/\">\u201eF\u00fcr Deutschland \u00f6ffnet sich in China gerade eine T\u00fcr\u201c<\/a><\/h2><\/header><div class=\"row\"><div class=\"col-xs-12 col-md-3 col-xl-3\"><a class=\"image\" href=\"https:\/\/mp.aleph-consult.de\/en\/fur-deutschland-offnet-sich-in-china-gerade-eine-tur\/\"><img width=\"150\" height=\"150\" src=\"https:\/\/mp.aleph-consult.de\/wp-content\/uploads\/2020\/03\/China-150x150.jpg\" class=\"attachment-thumbnail size-thumbnail wp-post-image\" alt=\"\" loading=\"lazy\" srcset=\"https:\/\/mp.aleph-consult.de\/wp-content\/uploads\/2020\/03\/China-150x150.jpg 150w, https:\/\/mp.aleph-consult.de\/wp-content\/uploads\/2020\/03\/China-100x100.jpg 100w\" sizes=\"100vw\" \/><\/a> <\/div><div class=\"col-xs-12 col-md-9 col-xl-9\"><div class=\"content\"><p>Im Herbst 2016 verbrachten 14 F\u00fchrungskr\u00e4fte aus Deutschland zwei Wochen zur Fortbildung in China. Im Rahmen des Programms \u201eFit f\u00fcr das Chinagesch\u00e4ft\u201c besuchten sie die Wirtschaftszentren Jieyang, Shenzhen und Chengdu.<\/p>\r\n<p> <a  href=\"https:\/\/mp.aleph-consult.de\/en\/fur-deutschland-offnet-sich-in-china-gerade-eine-tur\/\" class=\"more-link\">Continue reading<\/a><\/p><\/div><\/div><\/div><\/article><article class=\"listing-item post\"><header><div class=\"entry-meta\"><a> <time class=\"entry-date\">07.09.2017<\/span><\/a><\/div><h2><a class=\"title\" href=\"https:\/\/mp.aleph-consult.de\/en\/german-russian-entrepreneur-talks-in-bonn\/\">German-Russian Entrepreneur Talks in Bonn<\/a><\/h2><\/header><div class=\"row\"><div class=\"col-xs-12 col-md-3 col-xl-3\"><a class=\"image\" href=\"https:\/\/mp.aleph-consult.de\/en\/german-russian-entrepreneur-talks-in-bonn\/\"><img width=\"150\" height=\"150\" src=\"https:\/\/mp.aleph-consult.de\/wp-content\/uploads\/2017\/09\/cdc_rf-IMG_8307-400x300-1-150x150.jpg\" class=\"attachment-thumbnail size-thumbnail wp-post-image\" alt=\"\" loading=\"lazy\" srcset=\"https:\/\/mp.aleph-consult.de\/wp-content\/uploads\/2017\/09\/cdc_rf-IMG_8307-400x300-1-150x150.jpg 150w, https:\/\/mp.aleph-consult.de\/wp-content\/uploads\/2017\/09\/cdc_rf-IMG_8307-400x300-1-100x100.jpg 100w\" sizes=\"100vw\" \/><\/a> <\/div><div class=\"col-xs-12 col-md-9 col-xl-9\"><div class=\"content\"><p align=\"justify\"><\/p>\r\n<p align=\"justify\">Russian MP participants joining the annual conference \u201cGerman-Russian Entrepreneur Talks\u201d, a joint event organised by BMWi, the Consulate General of the Russian Federation and GIZ, has now become a well-established tradition. In late June of 2017, Russian managers who were currently completing their training at the Carl Duisberg Centres in Cologne participated in this year\u2019s event. <a  href=\"https:\/\/mp.aleph-consult.de\/en\/german-russian-entrepreneur-talks-in-bonn\/\" class=\"more-link\">Continue reading<\/a><\/p><\/div><\/div><\/div><\/article><article class=\"listing-item post\"><header><div class=\"entry-meta\"><a> <time class=\"entry-date\">06.10.2013<\/span><\/a><\/div><h2><a class=\"title\" href=\"https:\/\/mp.aleph-consult.de\/en\/well-prepared-for-siberia\/\">Well Prepared for Siberia<\/a><\/h2><\/header><div class=\"row\"><div class=\"col-xs-12 col-md-3 col-xl-3\"><a class=\"image\" href=\"https:\/\/mp.aleph-consult.de\/en\/well-prepared-for-siberia\/\"><img width=\"150\" height=\"150\" src=\"https:\/\/mp.aleph-consult.de\/wp-content\/uploads\/2013\/10\/Fit-fuer-Russland-2013-400x300-1-150x150.jpg\" class=\"attachment-thumbnail size-thumbnail wp-post-image\" alt=\"\" loading=\"lazy\" srcset=\"https:\/\/mp.aleph-consult.de\/wp-content\/uploads\/2013\/10\/Fit-fuer-Russland-2013-400x300-1-150x150.jpg 150w, https:\/\/mp.aleph-consult.de\/wp-content\/uploads\/2013\/10\/Fit-fuer-Russland-2013-400x300-1-100x100.jpg 100w\" sizes=\"100vw\" \/><\/a> <\/div><div class=\"col-xs-12 col-md-9 col-xl-9\"><div class=\"content\"><p><\/p>\r\n<p>German executives travelled to Siberia for what was already the third time to learn more about an exciting, growing market and to establish contact with Russian companies. However, before flying east, the German business people first had to return to school. The GIZ taught them all about the country and its people. For \u201cGood preparation is essential\u201d. <a  href=\"https:\/\/mp.aleph-consult.de\/en\/well-prepared-for-siberia\/\" class=\"more-link\">Continue reading<\/a><\/p><\/div><\/div><\/div><\/article><article class=\"listing-item post\"><header><div class=\"entry-meta\"><a> <time class=\"entry-date\">06.09.2013<\/span><\/a><\/div><h2><a class=\"title\" href=\"https:\/\/mp.aleph-consult.de\/en\/fit-for-business-with-china-successfully-continued\/\">\u201cFit for Business with China\u201d successfully continued<\/a><\/h2><\/header><div class=\"row\"><div class=\"col-xs-12 col-md-3 col-xl-3\"><a class=\"image\" href=\"https:\/\/mp.aleph-consult.de\/en\/fit-for-business-with-china-successfully-continued\/\"><img width=\"150\" height=\"150\" src=\"https:\/\/mp.aleph-consult.de\/wp-content\/uploads\/2013\/09\/Fit-fuer-China-2013-400x300-1-150x150.jpg\" class=\"attachment-thumbnail size-thumbnail wp-post-image\" alt=\"\" loading=\"lazy\" srcset=\"https:\/\/mp.aleph-consult.de\/wp-content\/uploads\/2013\/09\/Fit-fuer-China-2013-400x300-1-150x150.jpg 150w, https:\/\/mp.aleph-consult.de\/wp-content\/uploads\/2013\/09\/Fit-fuer-China-2013-400x300-1-100x100.jpg 100w\" sizes=\"100vw\" \/><\/a> <\/div><div class=\"col-xs-12 col-md-9 col-xl-9\"><div class=\"content\"><p><\/p>\r\n<p>Chengdu\/Taicang.&nbsp;German entrepreneurs were guests in Chengdu and Taicang for two weeks. There they familiarised themselves with the current market situation and established business contacts with Chinese companies. <a  href=\"https:\/\/mp.aleph-consult.de\/en\/fit-for-business-with-china-successfully-continued\/\" class=\"more-link\">Continue reading<\/a><\/p><\/div><\/div><\/div><\/article><\/div>\n","protected":false},"excerpt":{"rendered":"","protected":false},"author":1,"featured_media":0,"parent":259,"menu_order":0,"comment_status":"closed","ping_status":"closed","template":"","meta":{"ngg_post_thumbnail":0,"_EventAllDay":false,"_EventTimezone":"","_EventStartDate":"","_EventEndDate":"","_EventStartDateUTC":"","_EventEndDateUTC":"","_EventShowMap":false,"_EventShowMapLink":false,"_EventURL":"","_EventCost":"","_EventCostDescription":"","_EventCurrencySymbol":"","_EventCurrencyPosition":"","_EventDateTimeSeparator":"","_EventTimeRangeSeparator":"","_EventOrganizerID":[],"_EventVenueID":0,"_OrganizerEmail":"","_OrganizerPhone":"","_OrganizerWebsite":"","_VenueAddress":"","_VenueCity":"","_VenueCountry":"","_VenueProvince":"","_VenueZip":"","_VenuePhone":"","_VenueURL":"","_VenueStateProvince":"","_VenueLat":"","_VenueLng":""},"folder":[61],"_links":{"self":[{"href":"https:\/\/mp.aleph-consult.de\/en\/wp-json\/wp\/v2\/pages\/19465"}],"collection":[{"href":"https:\/\/mp.aleph-consult.de\/en\/wp-json\/wp\/v2\/pages"}],"about":[{"href":"https:\/\/mp.aleph-consult.de\/en\/wp-json\/wp\/v2\/types\/page"}],"author":[{"embeddable":true,"href":"https:\/\/mp.aleph-consult.de\/en\/wp-json\/wp\/v2\/users\/1"}],"replies":[{"embeddable":true,"href":"https:\/\/mp.aleph-consult.de\/en\/wp-json\/wp\/v2\/comments?post=19465"}],"version-history":[{"count":3,"href":"https:\/\/mp.aleph-consult.de\/en\/wp-json\/wp\/v2\/pages\/19465\/revisions"}],"predecessor-version":[{"id":22636,"href":"https:\/\/mp.aleph-consult.de\/en\/wp-json\/wp\/v2\/pages\/19465\/revisions\/22636"}],"up":[{"embeddable":true,"href":"https:\/\/mp.aleph-consult.de\/en\/wp-json\/wp\/v2\/pages\/259"}],"wp:attachment":[{"href":"https:\/\/mp.aleph-consult.de\/en\/wp-json\/wp\/v2\/media?parent=19465"}],"wp:term":[{"taxonomy":"folder","embeddable":true,"href":"https:\/\/mp.aleph-consult.de\/en\/wp-json\/wp\/v2\/folder?post=19465"}],"curies":[{"name":"wp","href":"https:\/\/api.w.org\/{rel}","templated":true}]}}