{"id":25661,"date":"2020-05-06T13:47:29","date_gmt":"2020-05-06T11:47:29","guid":{"rendered":"http:\/\/mp.aleph-consult.de\/?page_id=25661"},"modified":"2021-08-06T12:25:13","modified_gmt":"2021-08-06T10:25:13","slug":"alumni-chile","status":"publish","type":"page","link":"http:\/\/mp.aleph-consult.de\/ru\/partner-countries\/chile\/alumni-chile\/","title":{"rendered":"\u0412\u044b\u043f\u0443\u0441\u043a\u043d\u0438\u043a\u0438"},"content":{"rendered":"<p><img loading=\"lazy\" class=\"alignnone size-full wp-image-31875\" src=\"http:\/\/mp.aleph-consult.de\/wp-content\/uploads\/2021\/08\/Logo-Alumni-Chile-Webseite.jpg\" alt=\"\" width=\"200\" height=\"200\" srcset=\"http:\/\/mp.aleph-consult.de\/wp-content\/uploads\/2021\/08\/Logo-Alumni-Chile-Webseite.jpg 200w, http:\/\/mp.aleph-consult.de\/wp-content\/uploads\/2021\/08\/Logo-Alumni-Chile-Webseite-150x150.jpg 150w, http:\/\/mp.aleph-consult.de\/wp-content\/uploads\/2021\/08\/Logo-Alumni-Chile-Webseite-100x100.jpg 100w\" sizes=\"(max-width: 200px) 100vw, 200px\" \/><\/p>\n<div class=\"site-title-wrap\">\n<p><span style=\"font-size: 1rem;\">Website: <\/span><span style=\"text-decoration: underline;\"><a href=\"https:\/\/eur01.safelinks.protection.outlook.com\/?url=http%3A%2F%2Fwww.asogich.org%2F&#038;data=04%7C01%7Cpolina.pashkova%40giz.de%7Cb1e94e1feb9346cd836208d957de91e8%7C5bbab28cdef3460488225e707da8dba8%7C0%7C0%7C637637435702960478%7CUnknown%7CTWFpbGZsb3d8eyJWIjoiMC4wLjAwMDAiLCJQIjoiV2luMzIiLCJBTiI6Ik1haWwiLCJXVCI6Mn0%3D%7C1000&#038;sdata=9sl%2B%2BxJU7WqHunYAmOBRCP9BCVyyLMfH%2Bowe26XRkgc%3D&#038;reserved=0\">www.asogich.org<\/a>\u00a0<\/span><\/p>\n<\/div>\n<p>Contacts:<\/p>\n<p class=\"q_team_name\">Mar\u00eda In\u00e9s D\u00edaz: <span style=\"text-decoration: underline;\"><a href=\"mailto:mariaines@asogich.org\">mariaines@asogich.org<\/a><\/span><\/p>\n<p>Paulo Mery: <span style=\"text-decoration: underline;\"><a href=\"mailto:paulo@asogich.org\">paulo@asogich.org<\/a><\/span><\/p>\n<p>&nbsp;<\/p>\n<p>&nbsp;<\/p>\n","protected":false},"excerpt":{"rendered":"<p>Website: www.asogich.org\u00a0 Contacts: Mar\u00eda In\u00e9s D\u00edaz: mariaines@asogich.org Paulo Mery: paulo@asogich.org &nbsp; &nbsp;<\/p>\n","protected":false},"author":1,"featured_media":0,"parent":22015,"menu_order":0,"comment_status":"closed","ping_status":"closed","template":"","meta":{"ngg_post_thumbnail":0,"_EventAllDay":false,"_EventTimezone":"","_EventStartDate":"","_EventEndDate":"","_EventStartDateUTC":"","_EventEndDateUTC":"","_EventShowMap":false,"_EventShowMapLink":false,"_EventURL":"","_EventCost":"","_EventCostDescription":"","_EventCurrencySymbol":"","_EventCurrencyPosition":"","_EventDateTimeSeparator":"","_EventTimeRangeSeparator":"","_EventOrganizerID":[],"_EventVenueID":0,"_OrganizerEmail":"","_OrganizerPhone":"","_OrganizerWebsite":"","_VenueAddress":"","_VenueCity":"","_VenueCountry":"","_VenueProvince":"","_VenueZip":"","_VenuePhone":"","_VenueURL":"","_VenueStateProvince":"","_VenueLat":"","_VenueLng":""},"folder":[59],"_links":{"self":[{"href":"http:\/\/mp.aleph-consult.de\/ru\/wp-json\/wp\/v2\/pages\/25661"}],"collection":[{"href":"http:\/\/mp.aleph-consult.de\/ru\/wp-json\/wp\/v2\/pages"}],"about":[{"href":"http:\/\/mp.aleph-consult.de\/ru\/wp-json\/wp\/v2\/types\/page"}],"author":[{"embeddable":true,"href":"http:\/\/mp.aleph-consult.de\/ru\/wp-json\/wp\/v2\/users\/1"}],"replies":[{"embeddable":true,"href":"http:\/\/mp.aleph-consult.de\/ru\/wp-json\/wp\/v2\/comments?post=25661"}],"version-history":[{"count":11,"href":"http:\/\/mp.aleph-consult.de\/ru\/wp-json\/wp\/v2\/pages\/25661\/revisions"}],"predecessor-version":[{"id":31897,"href":"http:\/\/mp.aleph-consult.de\/ru\/wp-json\/wp\/v2\/pages\/25661\/revisions\/31897"}],"up":[{"embeddable":true,"href":"http:\/\/mp.aleph-consult.de\/ru\/wp-json\/wp\/v2\/pages\/22015"}],"wp:attachment":[{"href":"http:\/\/mp.aleph-consult.de\/ru\/wp-json\/wp\/v2\/media?parent=25661"}],"wp:term":[{"taxonomy":"folder","embeddable":true,"href":"http:\/\/mp.aleph-consult.de\/ru\/wp-json\/wp\/v2\/folder?post=25661"}],"curies":[{"name":"wp","href":"https:\/\/api.w.org\/{rel}","templated":true}]}}