{"id":25464,"date":"2020-05-04T14:36:13","date_gmt":"2020-05-04T12:36:13","guid":{"rendered":"http:\/\/mp.aleph-consult.de\/?page_id=25464"},"modified":"2021-08-05T12:02:22","modified_gmt":"2021-08-05T10:02:22","slug":"local-partner-chile","status":"publish","type":"page","link":"http:\/\/mp.aleph-consult.de\/ru\/partner-countries\/chile\/local-partner-chile\/","title":{"rendered":"\u041f\u0430\u0440\u0442\u043d\u0435\u0440\u044b \u043d\u0430 \u043c\u0435\u0441\u0442\u0430\u0445"},"content":{"rendered":"<p>&nbsp;<\/p>\n<p><img loading=\"lazy\" width=\"303\" height=\"123\" class=\"alignleft wp-image-26268 size-full\" alt=\"\" src=\"http:\/\/mp.aleph-consult.de\/wp-content\/uploads\/2020\/06\/Logo-Corfo-con-complemento-gob.jpg\" srcset=\"http:\/\/mp.aleph-consult.de\/wp-content\/uploads\/2020\/06\/Logo-Corfo-con-complemento-gob.jpg 303w, http:\/\/mp.aleph-consult.de\/wp-content\/uploads\/2020\/06\/Logo-Corfo-con-complemento-gob-300x122.jpg 300w\" sizes=\"(max-width: 303px) 100vw, 303px\" \/><\/p>\n<p>&nbsp;<\/p>\n<p>&nbsp;<\/p>\n<p>&nbsp;<\/p>\n<p><strong>Corporaci\u00f3n de Fomento de la Producci\u00f3n (CORFO)&nbsp;<\/strong><br \/>\nE. Andr\u00e9s G\u00e1lvez Miranda<br \/>\nPhone: (56) 22631 8659<br \/>\nEmail: <a href=\"mailto:agalvez@corfo.cl\">agalvez@corfo.cl<\/a><\/p>\n<p>Mauro Tesei<br \/>\nEmail: <a href=\"mailto:mauro.tesei@corfo.cl\"><span style=\"margin: 0px; font-family: 'Arial',sans-serif; font-size: 11pt;\">mauro.tesei@corfo.cl<\/span><\/a><\/p>\n<p>Internet: <a href=\"https:\/\/www.corfo.cl\">www.corfo.cl<\/a><\/p>\n<p>Moneda 921 <br \/>\nSantiago de Chile <br \/>\nChile<\/p>\n<p>&nbsp;<\/p>\n","protected":false},"excerpt":{"rendered":"<p>&nbsp; &nbsp; &nbsp; &nbsp; Corporaci\u00f3n de Fomento de la Producci\u00f3n (CORFO)&nbsp; E. Andr\u00e9s G\u00e1lvez Miranda Phone: (56) 22631 8659 Email: agalvez@corfo.cl Mauro Tesei Email: mauro.tesei@corfo.cl Internet: www.corfo.cl Moneda 921 Santiago de Chile Chile &nbsp;<\/p>\n","protected":false},"author":1,"featured_media":0,"parent":22015,"menu_order":0,"comment_status":"closed","ping_status":"closed","template":"","meta":{"ngg_post_thumbnail":0,"_EventAllDay":false,"_EventTimezone":"","_EventStartDate":"","_EventEndDate":"","_EventStartDateUTC":"","_EventEndDateUTC":"","_EventShowMap":false,"_EventShowMapLink":false,"_EventURL":"","_EventCost":"","_EventCostDescription":"","_EventCurrencySymbol":"","_EventCurrencyPosition":"","_EventDateTimeSeparator":"","_EventTimeRangeSeparator":"","_EventOrganizerID":[],"_EventVenueID":0,"_OrganizerEmail":"","_OrganizerPhone":"","_OrganizerWebsite":"","_VenueAddress":"","_VenueCity":"","_VenueCountry":"","_VenueProvince":"","_VenueZip":"","_VenuePhone":"","_VenueURL":"","_VenueStateProvince":"","_VenueLat":"","_VenueLng":""},"folder":[59],"_links":{"self":[{"href":"http:\/\/mp.aleph-consult.de\/ru\/wp-json\/wp\/v2\/pages\/25464"}],"collection":[{"href":"http:\/\/mp.aleph-consult.de\/ru\/wp-json\/wp\/v2\/pages"}],"about":[{"href":"http:\/\/mp.aleph-consult.de\/ru\/wp-json\/wp\/v2\/types\/page"}],"author":[{"embeddable":true,"href":"http:\/\/mp.aleph-consult.de\/ru\/wp-json\/wp\/v2\/users\/1"}],"replies":[{"embeddable":true,"href":"http:\/\/mp.aleph-consult.de\/ru\/wp-json\/wp\/v2\/comments?post=25464"}],"version-history":[{"count":28,"href":"http:\/\/mp.aleph-consult.de\/ru\/wp-json\/wp\/v2\/pages\/25464\/revisions"}],"predecessor-version":[{"id":27170,"href":"http:\/\/mp.aleph-consult.de\/ru\/wp-json\/wp\/v2\/pages\/25464\/revisions\/27170"}],"up":[{"embeddable":true,"href":"http:\/\/mp.aleph-consult.de\/ru\/wp-json\/wp\/v2\/pages\/22015"}],"wp:attachment":[{"href":"http:\/\/mp.aleph-consult.de\/ru\/wp-json\/wp\/v2\/media?parent=25464"}],"wp:term":[{"taxonomy":"folder","embeddable":true,"href":"http:\/\/mp.aleph-consult.de\/ru\/wp-json\/wp\/v2\/folder?post=25464"}],"curies":[{"name":"wp","href":"https:\/\/api.w.org\/{rel}","templated":true}]}}