{"id":22063,"date":"2020-03-02T17:25:29","date_gmt":"2020-03-02T16:25:29","guid":{"rendered":"http:\/\/mp.aleph-consult.de\/?page_id=22063"},"modified":"2020-03-03T19:24:44","modified_gmt":"2020-03-03T18:24:44","slug":"news-china","status":"publish","type":"page","link":"http:\/\/mp.aleph-consult.de\/ru\/partner-countries\/china\/news-china\/","title":{"rendered":"\u041d\u043e\u0432\u043e\u0441\u0442\u0438"},"content":{"rendered":"<div class=\"mp-display-posts-listing site-main\"><article class=\"listing-item post\"><header><div class=\"entry-meta\"><a> <time class=\"entry-date\">07.04.2020<\/span><\/a><\/div><h2><a class=\"title\" href=\"http:\/\/mp.aleph-consult.de\/ru\/at-the-heart-of-the-energy-revolution\/\">\u0412\u0438\u0442\u0440\u0438\u043d\u0430 \u044d\u043d\u0435\u0440\u0433\u0435\u0442\u0438\u0447\u0435\u0441\u043a\u043e\u0439 \u0440\u0435\u0432\u043e\u043b\u044e\u0446\u0438\u0438<\/a><\/h2><\/header><div class=\"row\"><div class=\"col-xs-12 col-md-3 col-xl-3\"><a class=\"image\" href=\"http:\/\/mp.aleph-consult.de\/ru\/at-the-heart-of-the-energy-revolution\/\"><img width=\"150\" height=\"150\" src=\"http:\/\/mp.aleph-consult.de\/wp-content\/uploads\/2020\/04\/Titelbild-4-600x541-1-150x150.jpg\" class=\"attachment-thumbnail size-thumbnail wp-post-image\" alt=\"\" loading=\"lazy\" srcset=\"http:\/\/mp.aleph-consult.de\/wp-content\/uploads\/2020\/04\/Titelbild-4-600x541-1-150x150.jpg 150w, http:\/\/mp.aleph-consult.de\/wp-content\/uploads\/2020\/04\/Titelbild-4-600x541-1-100x100.jpg 100w\" sizes=\"100vw\" \/><\/a> <\/div><div class=\"col-xs-12 col-md-9 col-xl-9\"><div class=\"content\"><p>\u041e\u0434\u043d\u0438\u043c \u0438\u0437 \u043a\u043b\u044e\u0447\u0435\u0432\u044b\u0445 \u0441\u043e\u0431\u044b\u0442\u0438\u0439 \u0432 \u0440\u0430\u043c\u043a\u0430\u0445 \u043f\u0440\u043e\u0433\u0440\u0430\u043c\u043c\u044b \u043f\u043e\u0432\u044b\u0448\u0435 \u043d\u0438\u044f \u043a\u0432\u0430\u043b\u0438\u0444\u0438\u043a\u0430\u0446\u0438\u0438 \u0434\u043b\u044f \u0433\u0440\u0443\u043f\u043f\u044b \u0438\u0437 \u041a\u0438\u0442\u0430\u044f \u0441\u0442\u0430\u043b\u043e \u043f\u043e\u0441\u0435\u0449\u0435\u043d\u0438\u0435 \u043a\u043e\u043c\u043f\u043b\u0435\u043a\u0441\u0430 EUREF \u0432 \u0411\u0435\u0440\u043b\u0438\u043d\u0435, \u043a\u043e\u0442\u043e\u0440\u044b\u0439 \u043a\u0430\u043a \u0444\u043b\u0430\u0433\u043c\u0430\u043d\u0441\u043a\u0438\u0439 \u043f\u0440\u043e\u0435\u043a\u0442 \u0434\u0435\u043c\u043e\u043d\u0441\u0442\u0440\u0438\u0440\u0443\u0435\u0442 \u0432\u0435\u0441\u044c \u0438\u043d\u043d\u043e\u0432\u0430\u0446\u0438\u043e\u043d\u043d\u044b\u0439 \u043f\u043e\u0442\u0435\u043d\u0446\u0438\u0430\u043b \u043d\u0435\u043c\u0435\u0446\u043a\u0438\u0445 \u043f\u0440\u0435\u0434\u043f\u0440\u0438\u044f\u0442\u0438\u0439.<\/p>\r\n<p> <a  href=\"http:\/\/mp.aleph-consult.de\/ru\/at-the-heart-of-the-energy-revolution\/\" class=\"more-link\">\u043f\u0440\u043e\u0434\u043e\u043b\u0436\u0438\u0442\u044c \u0447\u0442\u0435\u043d\u0438\u0435<\/a><\/p><\/div><\/div><\/div><\/article><article class=\"listing-item post\"><header><div class=\"entry-meta\"><a> <time class=\"entry-date\">28.10.2019<\/span><\/a><\/div><h2><a class=\"title\" href=\"http:\/\/mp.aleph-consult.de\/ru\/a-focus-on-securing-skilled-workers\/\">\u0412 \u0444\u043e\u043a\u0443\u0441\u0435 \u0432\u043d\u0438\u043c\u0430\u043d\u0438\u044f \u2013 \u043e\u0431\u0435\u0441\u043f\u0435\u0447\u0435\u043d\u0438\u0435 \u043a\u0430\u0434\u0440\u0430\u043c\u0438<\/a><\/h2><\/header><div class=\"row\"><div class=\"col-xs-12 col-md-3 col-xl-3\"><a class=\"image\" href=\"http:\/\/mp.aleph-consult.de\/ru\/a-focus-on-securing-skilled-workers\/\"><img width=\"150\" height=\"150\" src=\"http:\/\/mp.aleph-consult.de\/wp-content\/uploads\/2019\/10\/beitragsbild-CN-400x300-1-150x150.jpg\" class=\"attachment-thumbnail size-thumbnail wp-post-image\" alt=\"\" loading=\"lazy\" srcset=\"http:\/\/mp.aleph-consult.de\/wp-content\/uploads\/2019\/10\/beitragsbild-CN-400x300-1-150x150.jpg 150w, http:\/\/mp.aleph-consult.de\/wp-content\/uploads\/2019\/10\/beitragsbild-CN-400x300-1-100x100.jpg 100w\" sizes=\"100vw\" \/><\/a> <\/div><div class=\"col-xs-12 col-md-9 col-xl-9\"><div class=\"content\"><p align=\"justify\">\u0412\u043e \u0432\u0440\u0435\u043c\u044f \u043f\u043e\u0441\u0435\u0449\u0435\u043d\u0438\u044f \u043a\u0438\u0442\u0430\u0439\u0441\u043a\u043e\u0439 \u0433\u0440\u0443\u043f\u043f\u043e\u0439 \u0422\u043e\u0440\u0433\u043e\u0432\u043e-\u043f\u0440\u043e\u043c\u044b\u0448\u043b\u0435\u043d\u043d\u043e\u0439 \u043f\u0430\u043b\u0430\u0442\u044b \u0440\u0435\u0433\u0438\u043e\u043d\u0430 \u0420\u0435\u0439\u043d-\u041d\u0435\u043a\u043a\u0430\u0440 \u0432 \u041c\u0430\u043d\u0433\u0435\u0439\u043c\u0435 \u0440\u0435\u0447\u044c \u0448\u043b\u0430, \u043f\u0440\u0435\u0436\u0434\u0435 \u0432\u0441\u0435\u0433\u043e, \u043e\u0431 \u043e\u0431\u0435\u0441\u043f\u0435\u0447\u0435\u043d\u0438\u0438 \u043f\u0440\u0435\u0434\u043f\u0440\u0438\u044f\u0442\u0438\u0439 \u043a\u0432\u0430\u043b\u0438\u0444\u0438\u0446\u0438\u0440\u043e\u0432\u0430\u043d\u043d\u044b\u043c \u043f\u0435\u0440\u0441\u043e\u043d\u0430\u043b\u043e\u043c. \u0423\u0447\u0430\u0441\u0442\u043d\u0438\u043a\u0438 \u041f\u0440\u043e\u0433\u0440\u0430\u043c\u043c\u044b \u0443\u0437\u043d\u0430\u043b\u0438 \u043d\u0435 \u0442\u043e\u043b\u044c\u043a\u043e \u043e \u0442\u043e\u043c, \u0447\u0442\u043e \u043c\u043e\u0442\u0438\u0432\u0438\u0440\u0443\u0435\u0442 \u043a\u043e\u043c\u043f\u0430\u043d\u0438\u0438 \u0437\u0430\u043d\u0438\u043c\u0430\u0442\u044c\u0441\u044f \u043f\u043e\u0434\u0433\u043e\u0442\u043e\u0432\u043a\u043e\u0439 \u043a\u0430\u0434\u0440\u043e\u0432 \u0438 \u043a\u0430\u043a \u0443\u0434\u0435\u0440\u0436\u0430\u0442\u044c \u0441\u043f\u0435\u0446\u0438\u0430\u043b\u0438\u0441\u0442\u043e\u0432, \u043d\u043e \u0438 \u0442\u043e\u043c, \u043a\u0430\u043a\u0438\u043c \u043e\u0431\u0440\u0430\u0437\u043e\u043c \u0444\u0443\u043d\u043a\u0446\u0438\u043e\u043d\u0438\u0440\u0443\u0435\u0442 \u0434\u0443\u0430\u043b\u044c\u043d\u0430\u044f \u0441\u0438\u0441\u0442\u0435\u043c\u0430 \u043f\u0440\u043e\u0444\u0435\u0441\u0441\u0438\u043e\u043d\u0430\u043b\u044c\u043d\u043e\u0433\u043e \u043e\u0431\u0440\u0430\u0437\u043e\u0432\u0430\u043d\u0438\u044f. <a  href=\"http:\/\/mp.aleph-consult.de\/ru\/a-focus-on-securing-skilled-workers\/\" class=\"more-link\">\u043f\u0440\u043e\u0434\u043e\u043b\u0436\u0438\u0442\u044c \u0447\u0442\u0435\u043d\u0438\u0435<\/a><\/p><\/div><\/div><\/div><\/article><article class=\"listing-item post\"><header><div class=\"entry-meta\"><a> <time class=\"entry-date\">23.11.2018<\/span><\/a><\/div><h2><a class=\"title\" href=\"http:\/\/mp.aleph-consult.de\/ru\/industry-4-0-smart-solutions-from-a-sensor-manufacturer\/\">Industrie 4.0 \u2013 aber wie? Der Besuch bei einem Sensorhersteller liefert Ideen<\/a><\/h2><\/header><div class=\"row\"><div class=\"col-xs-12 col-md-3 col-xl-3\"><a class=\"image\" href=\"http:\/\/mp.aleph-consult.de\/ru\/industry-4-0-smart-solutions-from-a-sensor-manufacturer\/\"><img width=\"150\" height=\"150\" src=\"http:\/\/mp.aleph-consult.de\/wp-content\/uploads\/2018\/11\/traide3-400x300-1-150x150.png\" class=\"attachment-thumbnail size-thumbnail wp-post-image\" alt=\"\" loading=\"lazy\" srcset=\"http:\/\/mp.aleph-consult.de\/wp-content\/uploads\/2018\/11\/traide3-400x300-1-150x150.png 150w, http:\/\/mp.aleph-consult.de\/wp-content\/uploads\/2018\/11\/traide3-400x300-1-100x100.png 100w\" sizes=\"100vw\" \/><\/a> <\/div><div class=\"col-xs-12 col-md-9 col-xl-9\"><div class=\"content\"><\/div><\/div><\/div><\/article><article class=\"listing-item post\"><header><div class=\"entry-meta\"><a> <time class=\"entry-date\">10.06.2018<\/span><\/a><\/div><h2><a class=\"title\" href=\"http:\/\/mp.aleph-consult.de\/ru\/fur-deutschland-offnet-sich-in-china-gerade-eine-tur\/\">\u201eF\u00fcr Deutschland \u00f6ffnet sich in China gerade eine T\u00fcr\u201c<\/a><\/h2><\/header><div class=\"row\"><div class=\"col-xs-12 col-md-3 col-xl-3\"><a class=\"image\" href=\"http:\/\/mp.aleph-consult.de\/ru\/fur-deutschland-offnet-sich-in-china-gerade-eine-tur\/\"><img width=\"150\" height=\"150\" src=\"http:\/\/mp.aleph-consult.de\/wp-content\/uploads\/2020\/03\/China-150x150.jpg\" class=\"attachment-thumbnail size-thumbnail wp-post-image\" alt=\"\" loading=\"lazy\" srcset=\"http:\/\/mp.aleph-consult.de\/wp-content\/uploads\/2020\/03\/China-150x150.jpg 150w, http:\/\/mp.aleph-consult.de\/wp-content\/uploads\/2020\/03\/China-100x100.jpg 100w\" sizes=\"100vw\" \/><\/a> <\/div><div class=\"col-xs-12 col-md-9 col-xl-9\"><div class=\"content\"><p>Im Herbst 2016 verbrachten 14 F\u00fchrungskr\u00e4fte aus Deutschland zwei Wochen zur Fortbildung in China. Im Rahmen des Programms \u201eFit f\u00fcr das Chinagesch\u00e4ft\u201c besuchten sie die Wirtschaftszentren Jieyang, Shenzhen und Chengdu.<\/p>\r\n<p> <a  href=\"http:\/\/mp.aleph-consult.de\/ru\/fur-deutschland-offnet-sich-in-china-gerade-eine-tur\/\" class=\"more-link\">\u043f\u0440\u043e\u0434\u043e\u043b\u0436\u0438\u0442\u044c \u0447\u0442\u0435\u043d\u0438\u0435<\/a><\/p><\/div><\/div><\/div><\/article><article class=\"listing-item post\"><header><div class=\"entry-meta\"><a> <time class=\"entry-date\">19.04.2018<\/span><\/a><\/div><h2><a class=\"title\" href=\"http:\/\/mp.aleph-consult.de\/ru\/roteg-ag-robot-systems-for-asia\/\">roTeg AG: Robotersysteme f\u00fcr Asien<\/a><\/h2><\/header><div class=\"row\"><div class=\"col-xs-12 col-md-3 col-xl-3\"><a class=\"image\" href=\"http:\/\/mp.aleph-consult.de\/ru\/roteg-ag-robot-systems-for-asia\/\"><img width=\"150\" height=\"150\" src=\"http:\/\/mp.aleph-consult.de\/wp-content\/uploads\/2018\/06\/Dr-Graefenstein-im-Gespr\u00e4ch-mit-einem-chinesischen-Unternehmer-1-400x300-1-150x150.jpg\" class=\"attachment-thumbnail size-thumbnail wp-post-image\" alt=\"\" loading=\"lazy\" srcset=\"http:\/\/mp.aleph-consult.de\/wp-content\/uploads\/2018\/06\/Dr-Graefenstein-im-Gespr\u00e4ch-mit-einem-chinesischen-Unternehmer-1-400x300-1-150x150.jpg 150w, http:\/\/mp.aleph-consult.de\/wp-content\/uploads\/2018\/06\/Dr-Graefenstein-im-Gespr\u00e4ch-mit-einem-chinesischen-Unternehmer-1-400x300-1-100x100.jpg 100w\" sizes=\"100vw\" \/><\/a> <\/div><div class=\"col-xs-12 col-md-9 col-xl-9\"><div class=\"content\"><\/div><\/div><\/div><\/article><article class=\"listing-item post\"><header><div class=\"entry-meta\"><a> <time class=\"entry-date\">14.03.2018<\/span><\/a><\/div><h2><a class=\"title\" href=\"http:\/\/mp.aleph-consult.de\/ru\/negotiating-with-german-business-partners-how-does-it-work\/\">Verhandlungsf\u00fchrung mit deutschen Gesch\u00e4ftspartnern \u2013 wie geht das?<\/a><\/h2><\/header><div class=\"row\"><div class=\"col-xs-12 col-md-3 col-xl-3\"><a class=\"image\" href=\"http:\/\/mp.aleph-consult.de\/ru\/negotiating-with-german-business-partners-how-does-it-work\/\"><img width=\"150\" height=\"150\" src=\"http:\/\/mp.aleph-consult.de\/wp-content\/uploads\/2018\/03\/ZEW_CN_23.10-17.11.2017_Gruppenfoto-400x300-1-150x150.jpg\" class=\"attachment-thumbnail size-thumbnail wp-post-image\" alt=\"\" loading=\"lazy\" srcset=\"http:\/\/mp.aleph-consult.de\/wp-content\/uploads\/2018\/03\/ZEW_CN_23.10-17.11.2017_Gruppenfoto-400x300-1-150x150.jpg 150w, http:\/\/mp.aleph-consult.de\/wp-content\/uploads\/2018\/03\/ZEW_CN_23.10-17.11.2017_Gruppenfoto-400x300-1-100x100.jpg 100w\" sizes=\"100vw\" \/><\/a> <\/div><div class=\"col-xs-12 col-md-9 col-xl-9\"><div class=\"content\"><\/div><\/div><\/div><\/article><article class=\"listing-item post\"><header><div class=\"entry-meta\"><a> <time class=\"entry-date\">07.08.2017<\/span><\/a><\/div><h2><a class=\"title\" href=\"http:\/\/mp.aleph-consult.de\/ru\/industrial-revolution-in-germany-and-china\/\">Industrielle Revolution in Deutschland und China<\/a><\/h2><\/header><div class=\"row\"><div class=\"col-xs-12 col-md-3 col-xl-3\"><a class=\"image\" href=\"http:\/\/mp.aleph-consult.de\/ru\/industrial-revolution-in-germany-and-china\/\"><img width=\"150\" height=\"150\" src=\"http:\/\/mp.aleph-consult.de\/wp-content\/uploads\/2017\/08\/Gruppe-400x300-1-150x150.jpg\" class=\"attachment-thumbnail size-thumbnail wp-post-image\" alt=\"\" loading=\"lazy\" srcset=\"http:\/\/mp.aleph-consult.de\/wp-content\/uploads\/2017\/08\/Gruppe-400x300-1-150x150.jpg 150w, http:\/\/mp.aleph-consult.de\/wp-content\/uploads\/2017\/08\/Gruppe-400x300-1-100x100.jpg 100w\" sizes=\"100vw\" \/><\/a> <\/div><div class=\"col-xs-12 col-md-9 col-xl-9\"><div class=\"content\"><\/div><\/div><\/div><\/article><article class=\"listing-item post\"><header><div class=\"entry-meta\"><a> <time class=\"entry-date\">28.06.2017<\/span><\/a><\/div><h2><a class=\"title\" href=\"http:\/\/mp.aleph-consult.de\/ru\/trade-fair-lessons\/\">Trade Fair Lessons<\/a><\/h2><\/header><div class=\"row\"><div class=\"col-xs-12 col-md-3 col-xl-3\"><a class=\"image\" href=\"http:\/\/mp.aleph-consult.de\/ru\/trade-fair-lessons\/\"><img width=\"150\" height=\"150\" src=\"http:\/\/mp.aleph-consult.de\/wp-content\/uploads\/2017\/06\/IMG_7683-400x300-1-150x150.jpg\" class=\"attachment-thumbnail size-thumbnail wp-post-image\" alt=\"\" loading=\"lazy\" srcset=\"http:\/\/mp.aleph-consult.de\/wp-content\/uploads\/2017\/06\/IMG_7683-400x300-1-150x150.jpg 150w, http:\/\/mp.aleph-consult.de\/wp-content\/uploads\/2017\/06\/IMG_7683-400x300-1-100x100.jpg 100w\" sizes=\"100vw\" \/><\/a> <\/div><div class=\"col-xs-12 col-md-9 col-xl-9\"><div class=\"content\"><\/div><\/div><\/div><\/article><article class=\"listing-item post\"><header><div class=\"entry-meta\"><a> <time class=\"entry-date\">21.04.2017<\/span><\/a><\/div><h2><a class=\"title\" href=\"http:\/\/mp.aleph-consult.de\/ru\/18296-2\/\">\u0421\u043e\u0437\u0434\u0430\u043d\u0438\u0435 \u0444\u0438\u043b\u0438\u0430\u043b\u0430 \u0432 \u0413\u0435\u0440\u043c\u0430\u043d\u0438\u0438<\/a><\/h2><\/header><div class=\"row\"><div class=\"col-xs-12 col-md-3 col-xl-3\"><a class=\"image\" href=\"http:\/\/mp.aleph-consult.de\/ru\/18296-2\/\"><img width=\"150\" height=\"150\" src=\"http:\/\/mp.aleph-consult.de\/wp-content\/uploads\/2020\/02\/Yu-Yajun-400x300-1-150x150.jpg\" class=\"attachment-thumbnail size-thumbnail wp-post-image\" alt=\"\" loading=\"lazy\" srcset=\"http:\/\/mp.aleph-consult.de\/wp-content\/uploads\/2020\/02\/Yu-Yajun-400x300-1-150x150.jpg 150w, http:\/\/mp.aleph-consult.de\/wp-content\/uploads\/2020\/02\/Yu-Yajun-400x300-1-100x100.jpg 100w\" sizes=\"100vw\" \/><\/a> <\/div><div class=\"col-xs-12 col-md-9 col-xl-9\"><div class=\"content\"><p>\u041a\u043e\u0433\u0434\u0430 \u042e\u0439 \u042f\u044e\u043d\u044c \u043f\u043e\u0434\u0430\u0432\u0430\u043b\u0430 \u0437\u0430\u044f\u0432\u043b\u0435\u043d\u0438\u0435 \u043d\u0430 \u0443\u0447\u0430\u0441\u0442\u0438\u0435 \u0432 \u041f\u0440\u043e\u0433\u0440\u0430\u043c\u043c\u0435 \u043f\u043e\u0434\u0433\u043e\u0442\u043e\u0432\u043a\u0438 \u0443\u043f\u0440\u0430\u0432\u043b\u0435\u043d\u0447\u0435\u0441\u043a\u0438\u0445 \u043a\u0430\u0434\u0440\u043e\u0432, \u043e\u043d\u0430 \u0441\u0442\u0430\u0432\u0438\u043b\u0430 \u043f\u0435\u0440\u0435\u0434 \u0441\u043e\u0431\u043e\u0439 \u0435\u0434\u0438\u043d\u0441\u0442\u0432\u0435\u043d\u043d\u0443\u044e \u0446\u0435\u043b\u044c \u2013 \u043e\u0442\u043a\u0440\u044b\u0442\u044c \u0444\u0438\u043b\u0438\u0430\u043b \u043a\u043e\u043c\u043f\u0430\u043d\u0438\u0438 Amate Technology \u0432 \u0413\u0435\u0440\u043c\u0430\u043d\u0438\u0438. \u0414\u043b\u044f \u0432\u044b\u043f\u043e\u043b\u043d\u0435\u043d\u0438\u044f \u044d\u0442\u043e\u0439 \u0437\u0430\u0434\u0430\u0447\u0438 \u042e\u0439 \u042f\u044e\u043d\u044c \u043d\u0430\u043c\u0435\u0440\u0435\u0432\u0430\u043b\u0430\u0441\u044c \u0441\u043e\u0431\u0440\u0430\u0442\u044c \u0438\u043d\u0444\u043e\u0440\u043c\u0430\u0446\u0438\u044e \u043e \u0434\u0435\u043b\u043e\u0432\u043e\u043c \u043a\u043b\u0438\u043c\u0430\u0442\u0435 \u0438 \u0438\u043d\u0432\u0435\u0441\u0442\u0438\u0446\u0438\u043e\u043d\u043d\u044b\u0445 \u0443\u0441\u043b\u043e\u0432\u0438\u044f\u0445 \u0432 \u0441\u0442\u0440\u0430\u043d\u0435. <a  href=\"http:\/\/mp.aleph-consult.de\/ru\/18296-2\/\" class=\"more-link\">\u043f\u0440\u043e\u0434\u043e\u043b\u0436\u0438\u0442\u044c \u0447\u0442\u0435\u043d\u0438\u0435<\/a><\/p><\/div><\/div><\/div><\/article><article class=\"listing-item post\"><header><div class=\"entry-meta\"><a> <time class=\"entry-date\">21.04.2017<\/span><\/a><\/div><h2><a class=\"title\" href=\"http:\/\/mp.aleph-consult.de\/ru\/a-solid-ride-on-german-chassis\/\">\u041d\u0435\u043c\u0435\u0446\u043a\u0438\u0435 \u0448\u0430\u0441\u0441\u0438 \u0434\u043b\u044f \u043d\u0430\u0434\u0435\u0436\u043d\u043e\u0441\u0442\u0438 \u0445\u043e\u0434\u0430<\/a><\/h2><\/header><div class=\"row\"><div class=\"col-xs-12 col-md-3 col-xl-3\"><a class=\"image\" href=\"http:\/\/mp.aleph-consult.de\/ru\/a-solid-ride-on-german-chassis\/\"><img width=\"150\" height=\"150\" src=\"http:\/\/mp.aleph-consult.de\/wp-content\/uploads\/2020\/02\/Ni1-400x300-1-150x150.jpg\" class=\"attachment-thumbnail size-thumbnail wp-post-image\" alt=\"\" loading=\"lazy\" srcset=\"http:\/\/mp.aleph-consult.de\/wp-content\/uploads\/2020\/02\/Ni1-400x300-1-150x150.jpg 150w, http:\/\/mp.aleph-consult.de\/wp-content\/uploads\/2020\/02\/Ni1-400x300-1-100x100.jpg 100w\" sizes=\"100vw\" \/><\/a> <\/div><div class=\"col-xs-12 col-md-9 col-xl-9\"><div class=\"content\"><p><strong><\/strong>\u041c\u0438\u043d\u0433\u0443\u0430\u043d.&nbsp;\u041d\u0438 \u0425\u0443\u043d\u044a\u044f\u043d\u044c \u2013 \u0434\u043e\u0447\u044c \u0432\u043b\u0430\u0434\u0435\u043b\u044c\u0446\u0430 \u0430\u0432\u0442\u043e\u0437\u0430\u0432\u043e\u0434\u0430 \u00abHaomiao\u00bb \u2013 \u043f\u043e\u043d\u0430\u0447\u0430\u043b\u0443 \u043d\u0435 \u0441\u043e\u0431\u0438\u0440\u0430\u043b\u0430\u0441\u044c \u0437\u0430\u043d\u0438\u043c\u0430\u0442\u044c\u0441\u044f \u0441\u0435\u043c\u0435\u0439\u043d\u044b\u043c \u0431\u0438\u0437\u043d\u0435\u0441\u043e\u043c \u0438 \u0441\u0442\u0443\u043f\u0438\u043b\u0430 \u043d\u0430 \u0443\u0447\u0438\u0442\u0435\u043b\u044c\u0441\u043a\u0443\u044e \u0441\u0442\u0435\u0437\u044e. \u041e\u0434\u043d\u0430\u043a\u043e \u0432 \u0441\u0435\u0440\u0435\u0434\u0438\u043d\u0435 2012 \u0433\u043e\u0434\u0430 \u041d\u0438 \u0440\u0435\u0448\u0438\u043b\u0430 \u0437\u0430\u043d\u044f\u0442\u044c \u0441\u0432\u043e\u0435 \u043c\u0435\u0441\u0442\u043e \u0432 \u043f\u0440\u0430\u0432\u043b\u0435\u043d\u0438\u0438 \u0441\u0435\u043c\u0435\u0439\u043d\u043e\u0433\u043e \u043f\u0440\u0435\u0434\u043f\u0440\u0438\u044f\u0442\u0438\u044f, \u043a\u043e\u0442\u043e\u0440\u043e\u0435 \u0442\u043e\u0433\u0434\u0430 \u043e\u0441\u0442\u0440\u043e \u043d\u0443\u0436\u0434\u0430\u043b\u043e\u0441\u044c \u0432 \u043d\u0435\u0439 \u043a\u0430\u043a \u043c\u0435\u043d\u0435\u0434\u0436\u0435\u0440\u0435 \u043d\u043e\u0432\u043e\u0433\u043e \u043f\u043e\u043a\u043e\u043b\u0435\u043d\u0438\u044f \u0434\u043b\u044f \u0434\u0430\u043b\u044c\u043d\u0435\u0439\u0448\u0435\u0433\u043e \u0440\u0430\u0437\u0432\u0438\u0442\u0438\u044f \u0431\u0438\u0437\u043d\u0435\u0441\u0430. <a  href=\"http:\/\/mp.aleph-consult.de\/ru\/a-solid-ride-on-german-chassis\/\" class=\"more-link\">\u043f\u0440\u043e\u0434\u043e\u043b\u0436\u0438\u0442\u044c \u0447\u0442\u0435\u043d\u0438\u0435<\/a><\/p><\/div><\/div><\/div><\/article><\/div><div class=\"navigation pagination\" style=\"width: 100%;\"><nav class=\"display-posts-pagination nav-links\" role=\"navigation\"><h2 class=\"screen-reader-text\">Navigation<\/h2><div class=\"nav-links\"><span aria-current=\"page\" class=\"page-numbers current\">1<\/span>\n<a class=\"page-numbers\" href=\"http:\/\/mp.aleph-consult.de\/ru\/wp-json\/wp\/v2\/pages\/22063\/?dps_paged=2\">2<\/a>\n<a class=\"page-numbers\" href=\"http:\/\/mp.aleph-consult.de\/ru\/wp-json\/wp\/v2\/pages\/22063\/?dps_paged=3\">3<\/a>\n<a class=\"next page-numbers\" href=\"http:\/\/mp.aleph-consult.de\/ru\/wp-json\/wp\/v2\/pages\/22063\/?dps_paged=2\">\u2192<\/a><\/div><\/nav><\/div>\n","protected":false},"excerpt":{"rendered":"","protected":false},"author":1,"featured_media":0,"parent":22056,"menu_order":0,"comment_status":"closed","ping_status":"closed","template":"","meta":{"ngg_post_thumbnail":0,"_EventAllDay":false,"_EventTimezone":"","_EventStartDate":"","_EventEndDate":"","_EventStartDateUTC":"","_EventEndDateUTC":"","_EventShowMap":false,"_EventShowMapLink":false,"_EventURL":"","_EventCost":"","_EventCostDescription":"","_EventCurrencySymbol":"","_EventCurrencyPosition":"","_EventDateTimeSeparator":"","_EventTimeRangeSeparator":"","_EventOrganizerID":[],"_EventVenueID":0,"_OrganizerEmail":"","_OrganizerPhone":"","_OrganizerWebsite":"","_VenueAddress":"","_VenueCity":"","_VenueCountry":"","_VenueProvince":"","_VenueZip":"","_VenuePhone":"","_VenueURL":"","_VenueStateProvince":"","_VenueLat":"","_VenueLng":""},"folder":[59],"_links":{"self":[{"href":"http:\/\/mp.aleph-consult.de\/ru\/wp-json\/wp\/v2\/pages\/22063"}],"collection":[{"href":"http:\/\/mp.aleph-consult.de\/ru\/wp-json\/wp\/v2\/pages"}],"about":[{"href":"http:\/\/mp.aleph-consult.de\/ru\/wp-json\/wp\/v2\/types\/page"}],"author":[{"embeddable":true,"href":"http:\/\/mp.aleph-consult.de\/ru\/wp-json\/wp\/v2\/users\/1"}],"replies":[{"embeddable":true,"href":"http:\/\/mp.aleph-consult.de\/ru\/wp-json\/wp\/v2\/comments?post=22063"}],"version-history":[{"count":4,"href":"http:\/\/mp.aleph-consult.de\/ru\/wp-json\/wp\/v2\/pages\/22063\/revisions"}],"predecessor-version":[{"id":22215,"href":"http:\/\/mp.aleph-consult.de\/ru\/wp-json\/wp\/v2\/pages\/22063\/revisions\/22215"}],"up":[{"embeddable":true,"href":"http:\/\/mp.aleph-consult.de\/ru\/wp-json\/wp\/v2\/pages\/22056"}],"wp:attachment":[{"href":"http:\/\/mp.aleph-consult.de\/ru\/wp-json\/wp\/v2\/media?parent=22063"}],"wp:term":[{"taxonomy":"folder","embeddable":true,"href":"http:\/\/mp.aleph-consult.de\/ru\/wp-json\/wp\/v2\/folder?post=22063"}],"curies":[{"name":"wp","href":"https:\/\/api.w.org\/{rel}","templated":true}]}}