{"id":23089,"date":"2020-03-13T05:49:38","date_gmt":"2020-03-13T04:49:38","guid":{"rendered":"http:\/\/mp.aleph-consult.de\/?page_id=23089"},"modified":"2020-03-13T05:53:47","modified_gmt":"2020-03-13T04:53:47","slug":"success-stories","status":"publish","type":"page","link":"http:\/\/mp.aleph-consult.de\/en\/partner-countries\/ukraine\/success-stories\/","title":{"rendered":"Success stories"},"content":{"rendered":"<div class=\"mp-display-posts-listing site-main\"><article class=\"listing-item post\"><header><div class=\"entry-meta\"><a> <time class=\"entry-date\">03.03.2020<\/span><\/a><\/div><h2><a class=\"title\" href=\"http:\/\/mp.aleph-consult.de\/en\/our-processes-are-now-90-per-cent-more-efficient\/\">\u201cOur processes are now 90 per cent more efficient\u201d<\/a><\/h2><\/header><div class=\"row\"><div class=\"col-xs-12 col-md-3 col-xl-3\"><a class=\"image\" href=\"http:\/\/mp.aleph-consult.de\/en\/our-processes-are-now-90-per-cent-more-efficient\/\"><img width=\"150\" height=\"150\" src=\"http:\/\/mp.aleph-consult.de\/wp-content\/uploads\/2020\/03\/Juri-Kopf-400x300-1-150x150.jpg\" class=\"attachment-thumbnail size-thumbnail wp-post-image\" alt=\"\" loading=\"lazy\" srcset=\"http:\/\/mp.aleph-consult.de\/wp-content\/uploads\/2020\/03\/Juri-Kopf-400x300-1-150x150.jpg 150w, http:\/\/mp.aleph-consult.de\/wp-content\/uploads\/2020\/03\/Juri-Kopf-400x300-1-100x100.jpg 100w\" sizes=\"100vw\" \/><\/a> <\/div><div class=\"col-xs-12 col-md-9 col-xl-9\"><div class=\"content\"><p>For more than two decades, Ranok has provided the Ukrainian market with books and stationery. Business is good and processing all the orders quickly and efficiently is one of the firm\u2019s biggest challenges. As head of logistics, this is Jurij Bugaj\u2019s responsibility. In the course of the MP, he optimised the warehouse technology in his firm and increased his focus on employee motivation. <a  href=\"http:\/\/mp.aleph-consult.de\/en\/our-processes-are-now-90-per-cent-more-efficient\/\" class=\"more-link\">Continue reading<\/a><\/p><\/div><\/div><\/div><\/article><article class=\"listing-item post\"><header><div class=\"entry-meta\"><a> <time class=\"entry-date\">11.10.2019<\/span><\/a><\/div><h2><a class=\"title\" href=\"http:\/\/mp.aleph-consult.de\/en\/ice-cold-innovations\/\">Ice-cold innovations<\/a><\/h2><\/header><div class=\"row\"><div class=\"col-xs-12 col-md-3 col-xl-3\"><a class=\"image\" href=\"http:\/\/mp.aleph-consult.de\/en\/ice-cold-innovations\/\"><img width=\"150\" height=\"150\" src=\"http:\/\/mp.aleph-consult.de\/wp-content\/uploads\/2019\/10\/Bietragsbild-lysak-400x300-1-150x150.jpg\" class=\"attachment-thumbnail size-thumbnail wp-post-image\" alt=\"\" loading=\"lazy\" srcset=\"http:\/\/mp.aleph-consult.de\/wp-content\/uploads\/2019\/10\/Bietragsbild-lysak-400x300-1-150x150.jpg 150w, http:\/\/mp.aleph-consult.de\/wp-content\/uploads\/2019\/10\/Bietragsbild-lysak-400x300-1-100x100.jpg 100w\" sizes=\"100vw\" \/><\/a> <\/div><div class=\"col-xs-12 col-md-9 col-xl-9\"><div class=\"content\"><p align=\"justify\">Everyone in Ukraine knows and loves Rud. Their frozen dairy and sorbet treats like the \u201cImpreza\u201d and \u201cEskimos\u201d have cooled the taste buds of the young and old alike for years. Svitlana Lysak heads up the firm\u2019s laboratory and is responsible for quality control. <a  href=\"http:\/\/mp.aleph-consult.de\/en\/ice-cold-innovations\/\" class=\"more-link\">Continue reading<\/a><\/p><\/div><\/div><\/div><\/article><article class=\"listing-item post\"><header><div class=\"entry-meta\"><a> <time class=\"entry-date\">04.03.2019<\/span><\/a><\/div><h2><a class=\"title\" href=\"http:\/\/mp.aleph-consult.de\/en\/mp-absolvent-foerdert-ukrainische-unternehmer\/\">MP Graduate Supports Ukrainian Entrepreneurs<\/a><\/h2><\/header><div class=\"row\"><div class=\"col-xs-12 col-md-3 col-xl-3\"><a class=\"image\" href=\"http:\/\/mp.aleph-consult.de\/en\/mp-absolvent-foerdert-ukrainische-unternehmer\/\"><img width=\"150\" height=\"150\" src=\"http:\/\/mp.aleph-consult.de\/wp-content\/uploads\/2019\/03\/40_UKR_Mayboroda_2-400x300-1-150x150.jpg\" class=\"attachment-thumbnail size-thumbnail wp-post-image\" alt=\"\" loading=\"lazy\" srcset=\"http:\/\/mp.aleph-consult.de\/wp-content\/uploads\/2019\/03\/40_UKR_Mayboroda_2-400x300-1-150x150.jpg 150w, http:\/\/mp.aleph-consult.de\/wp-content\/uploads\/2019\/03\/40_UKR_Mayboroda_2-400x300-1-100x100.jpg 100w\" sizes=\"100vw\" \/><\/a> <\/div><div class=\"col-xs-12 col-md-9 col-xl-9\"><div class=\"content\"><p align=\"justify\">The ambitious financial expert, Valeriy Mayboroda, attended the Manager Training Programme (MP) 16 years ago. At that time, he was 25 years old and working for the Ukrainian National Bank. He was just starting his professional career, but he had a clear mission: He wanted to study the work done by development banks and then use the knowledge to support the development of small and medium-sized enterprises in Ukraine. <a  href=\"http:\/\/mp.aleph-consult.de\/en\/mp-absolvent-foerdert-ukrainische-unternehmer\/\" class=\"more-link\">Continue reading<\/a><\/p><\/div><\/div><\/div><\/article><article class=\"listing-item post\"><header><div class=\"entry-meta\"><a> <time class=\"entry-date\">05.02.2018<\/span><\/a><\/div><h2><a class=\"title\" href=\"http:\/\/mp.aleph-consult.de\/en\/employee-satisfaction-the-key-to-success\/\">Employee Satisfaction: The Key to Success<\/a><\/h2><\/header><div class=\"row\"><div class=\"col-xs-12 col-md-3 col-xl-3\"><a class=\"image\" href=\"http:\/\/mp.aleph-consult.de\/en\/employee-satisfaction-the-key-to-success\/\"><img width=\"150\" height=\"150\" src=\"http:\/\/mp.aleph-consult.de\/wp-content\/uploads\/2020\/03\/Fialkowski_2-400x300-1-150x150.jpg\" class=\"attachment-thumbnail size-thumbnail wp-post-image\" alt=\"\" loading=\"lazy\" srcset=\"http:\/\/mp.aleph-consult.de\/wp-content\/uploads\/2020\/03\/Fialkowski_2-400x300-1-150x150.jpg 150w, http:\/\/mp.aleph-consult.de\/wp-content\/uploads\/2020\/03\/Fialkowski_2-400x300-1-100x100.jpg 100w\" sizes=\"100vw\" \/><\/a> <\/div><div class=\"col-xs-12 col-md-9 col-xl-9\"><div class=\"content\"><p>Andrew Fialkovsky is managing director of a Ukrainian engineering firm specialised in the area of aircraft and airport construction. The severe economic crisis that recently hit his country has also affected his business. Due to limited economic relations with Russia, the medium-sized enterprise lost important customers. <a  href=\"http:\/\/mp.aleph-consult.de\/en\/employee-satisfaction-the-key-to-success\/\" class=\"more-link\">Continue reading<\/a><\/p><\/div><\/div><\/div><\/article><article class=\"listing-item post\"><header><div class=\"entry-meta\"><a> <time class=\"entry-date\">05.02.2018<\/span><\/a><\/div><h2><a class=\"title\" href=\"http:\/\/mp.aleph-consult.de\/en\/familienunternehmen-professionalisiert\/\">Familienunternehmen professionalisiert<\/a><\/h2><\/header><div class=\"row\"><div class=\"col-xs-12 col-md-3 col-xl-3\"><a class=\"image\" href=\"http:\/\/mp.aleph-consult.de\/en\/familienunternehmen-professionalisiert\/\"><img width=\"150\" height=\"150\" src=\"http:\/\/mp.aleph-consult.de\/wp-content\/uploads\/2020\/03\/Lubenez-400x300-1-150x150.jpg\" class=\"attachment-thumbnail size-thumbnail wp-post-image\" alt=\"\" loading=\"lazy\" srcset=\"http:\/\/mp.aleph-consult.de\/wp-content\/uploads\/2020\/03\/Lubenez-400x300-1-150x150.jpg 150w, http:\/\/mp.aleph-consult.de\/wp-content\/uploads\/2020\/03\/Lubenez-400x300-1-100x100.jpg 100w\" sizes=\"100vw\" \/><\/a> <\/div><div class=\"col-xs-12 col-md-9 col-xl-9\"><div class=\"content\"><p>Viktoria Lubenez betreibt mit vier weiteren Familienmitgliedern die Firma L-Decor. Das Kiewer Bauunternehmen unterst\u00fctzt Bauherren, Architekten und Privatleute bei Neu- oder Umbauten von Immobilien in der Ukraine. L-Decor k\u00fcmmert sich von der Installation der Sanit\u00e4ranlagen bis zur dekorativen Wandgestaltung um so manches, was nach dem Rohbau ansteht. <a  href=\"http:\/\/mp.aleph-consult.de\/en\/familienunternehmen-professionalisiert\/\" class=\"more-link\">Continue reading<\/a><\/p><\/div><\/div><\/div><\/article><article class=\"listing-item post\"><header><div class=\"entry-meta\"><a> <time class=\"entry-date\">05.02.2018<\/span><\/a><\/div><h2><a class=\"title\" href=\"http:\/\/mp.aleph-consult.de\/en\/modernisation-of-agriculture-mp-style\/\">Modernisation of Agriculture, MP style<\/a><\/h2><\/header><div class=\"row\"><div class=\"col-xs-12 col-md-3 col-xl-3\"><a class=\"image\" href=\"http:\/\/mp.aleph-consult.de\/en\/modernisation-of-agriculture-mp-style\/\"><img width=\"150\" height=\"150\" src=\"http:\/\/mp.aleph-consult.de\/wp-content\/uploads\/2020\/03\/Matienko3-400x300-1-150x150.jpg\" class=\"attachment-thumbnail size-thumbnail wp-post-image\" alt=\"\" loading=\"lazy\" srcset=\"http:\/\/mp.aleph-consult.de\/wp-content\/uploads\/2020\/03\/Matienko3-400x300-1-150x150.jpg 150w, http:\/\/mp.aleph-consult.de\/wp-content\/uploads\/2020\/03\/Matienko3-400x300-1-100x100.jpg 100w\" sizes=\"100vw\" \/><\/a> <\/div><div class=\"col-xs-12 col-md-9 col-xl-9\"><div class=\"content\"><p><em><\/em>The Vinnytsia Agroproyektbud farm in the Vinnytsia region of Ukraine mainly grows maize, winter wheat, winter rapeseed, soy and sunflowers. In 2016, the firm sent its top-level executive to the Manager Training Programme in Germany. Vasyl Matienko was looking for technologies to modernise production. <a  href=\"http:\/\/mp.aleph-consult.de\/en\/modernisation-of-agriculture-mp-style\/\" class=\"more-link\">Continue reading<\/a><\/p><\/div><\/div><\/div><\/article><article class=\"listing-item post\"><header><div class=\"entry-meta\"><a> <time class=\"entry-date\">01.08.2017<\/span><\/a><\/div><h2><a class=\"title\" href=\"http:\/\/mp.aleph-consult.de\/en\/university-hospital-defies-the-crisis\/\">University Hospital Defies the Crisis<\/a><\/h2><\/header><div class=\"row\"><div class=\"col-xs-12 col-md-3 col-xl-3\"><a class=\"image\" href=\"http:\/\/mp.aleph-consult.de\/en\/university-hospital-defies-the-crisis\/\"><img width=\"150\" height=\"150\" src=\"http:\/\/mp.aleph-consult.de\/wp-content\/uploads\/2017\/08\/AI2V1251-400x300-1-150x150.jpg\" class=\"attachment-thumbnail size-thumbnail wp-post-image\" alt=\"\" loading=\"lazy\" srcset=\"http:\/\/mp.aleph-consult.de\/wp-content\/uploads\/2017\/08\/AI2V1251-400x300-1-150x150.jpg 150w, http:\/\/mp.aleph-consult.de\/wp-content\/uploads\/2017\/08\/AI2V1251-400x300-1-100x100.jpg 100w\" sizes=\"100vw\" \/><\/a> <\/div><div class=\"col-xs-12 col-md-9 col-xl-9\"><div class=\"content\"><p>Kharkiv is the second largest city in Ukraine and the country\u2019s leading hub for science and education. Home to more than 40 higher education institutions, the city also has a university hospital with over 400 employees. These include Fatima Abdueva, a 36-year-old cardiologist. In 2015, Fatima participated in the MP to learn more about work practices at medical facilities in Germany and network with German hospitals. <a  href=\"http:\/\/mp.aleph-consult.de\/en\/university-hospital-defies-the-crisis\/\" class=\"more-link\">Continue reading<\/a><\/p><\/div><\/div><\/div><\/article><article class=\"listing-item post\"><header><div class=\"entry-meta\"><a> <time class=\"entry-date\">21.04.2017<\/span><\/a><\/div><h2><a class=\"title\" href=\"http:\/\/mp.aleph-consult.de\/en\/new-and-old-business\/\">New and Old Business<\/a><\/h2><\/header><div class=\"row\"><div class=\"col-xs-12 col-md-3 col-xl-3\"><a class=\"image\" href=\"http:\/\/mp.aleph-consult.de\/en\/new-and-old-business\/\"><img width=\"150\" height=\"150\" src=\"http:\/\/mp.aleph-consult.de\/wp-content\/uploads\/2020\/03\/Yevgen-Kabanets2-400x300-1-150x150.jpg\" class=\"attachment-thumbnail size-thumbnail wp-post-image\" alt=\"\" loading=\"lazy\" srcset=\"http:\/\/mp.aleph-consult.de\/wp-content\/uploads\/2020\/03\/Yevgen-Kabanets2-400x300-1-150x150.jpg 150w, http:\/\/mp.aleph-consult.de\/wp-content\/uploads\/2020\/03\/Yevgen-Kabanets2-400x300-1-100x100.jpg 100w\" sizes=\"100vw\" \/><\/a> <\/div><div class=\"col-xs-12 col-md-9 col-xl-9\"><div class=\"content\"><p>Up to now, \u201cTruck Motors\u201d in the Ukrainian city of Sumy has only repaired motor vehicles and dealt in spare parts. Now, this is going to change: Yevgen Kabanets, owner and managing director, intends to take on the sales and distribution of agricultural machinery of the companies Agravis and Fricke in Ukraine. And the old business is also to be polished up. <a  href=\"http:\/\/mp.aleph-consult.de\/en\/new-and-old-business\/\" class=\"more-link\">Continue reading<\/a><\/p><\/div><\/div><\/div><\/article><article class=\"listing-item post\"><header><div class=\"entry-meta\"><a> <time class=\"entry-date\">16.09.2016<\/span><\/a><\/div><h2><a class=\"title\" href=\"http:\/\/mp.aleph-consult.de\/en\/zur-innovation-inspiriert\/\">Zur Innovation inspiriert<\/a><\/h2><\/header><div class=\"row\"><div class=\"col-xs-12 col-md-3 col-xl-3\"><a class=\"image\" href=\"http:\/\/mp.aleph-consult.de\/en\/zur-innovation-inspiriert\/\"><img width=\"150\" height=\"150\" src=\"http:\/\/mp.aleph-consult.de\/wp-content\/uploads\/2016\/09\/DSC_0713-400x300-1-150x150.jpg\" class=\"attachment-thumbnail size-thumbnail wp-post-image\" alt=\"\" loading=\"lazy\" srcset=\"http:\/\/mp.aleph-consult.de\/wp-content\/uploads\/2016\/09\/DSC_0713-400x300-1-150x150.jpg 150w, http:\/\/mp.aleph-consult.de\/wp-content\/uploads\/2016\/09\/DSC_0713-400x300-1-100x100.jpg 100w\" sizes=\"100vw\" \/><\/a> <\/div><div class=\"col-xs-12 col-md-9 col-xl-9\"><div class=\"content\"><p>Das Warenlager von Natalja Tomaschko l\u00e4sst Kinderherzen rund um den Globus h\u00f6her schlagen. Die Regale sind prall gef\u00fcllt mit Experimentierk\u00e4sten, Zauberk\u00e4sten, Brettspielen, Bastelsachen und vielen anderen Spiel- und Lernartikeln. <a  href=\"http:\/\/mp.aleph-consult.de\/en\/zur-innovation-inspiriert\/\" class=\"more-link\">Continue reading<\/a><\/p><\/div><\/div><\/div><\/article><article class=\"listing-item post\"><header><div class=\"entry-meta\"><a> <time class=\"entry-date\">16.09.2016<\/span><\/a><\/div><h2><a class=\"title\" href=\"http:\/\/mp.aleph-consult.de\/en\/medizin-nach-deutschem-vorbild\/\">Medizin nach deutschem Vorbild<\/a><\/h2><\/header><div class=\"row\"><div class=\"col-xs-12 col-md-3 col-xl-3\"><a class=\"image\" href=\"http:\/\/mp.aleph-consult.de\/en\/medizin-nach-deutschem-vorbild\/\"><img width=\"150\" height=\"150\" src=\"http:\/\/mp.aleph-consult.de\/wp-content\/uploads\/2020\/03\/DSC_0491-400x300-1-150x150.jpg\" class=\"attachment-thumbnail size-thumbnail wp-post-image\" alt=\"\" loading=\"lazy\" srcset=\"http:\/\/mp.aleph-consult.de\/wp-content\/uploads\/2020\/03\/DSC_0491-400x300-1-150x150.jpg 150w, http:\/\/mp.aleph-consult.de\/wp-content\/uploads\/2020\/03\/DSC_0491-400x300-1-100x100.jpg 100w\" sizes=\"100vw\" \/><\/a> <\/div><div class=\"col-xs-12 col-md-9 col-xl-9\"><div class=\"content\"><p>Anna Nowikowa ist \u00c4rztin mit Leib und Seele. Seit 15 Jahren arbeitet sie in Charkiw, der zweitgr\u00f6\u00dften Stadt der Ukraine. Die Spezialistin f\u00fcr Ultraschalldiagnostik setzt sich f\u00fcr den Dialog mit Fachkollegen in Deutschland ein und engagiert sich beim ukrainisch-deutschen \u00c4rztebund Udamed. <a  href=\"http:\/\/mp.aleph-consult.de\/en\/medizin-nach-deutschem-vorbild\/\" class=\"more-link\">Continue reading<\/a><\/p><\/div><\/div><\/div><\/article><\/div><div class=\"navigation pagination\" style=\"width: 100%;\"><nav class=\"display-posts-pagination nav-links\" role=\"navigation\"><h2 class=\"screen-reader-text\">Navigation<\/h2><div class=\"nav-links\"><span aria-current=\"page\" class=\"page-numbers current\">1<\/span>\n<a class=\"page-numbers\" href=\"http:\/\/mp.aleph-consult.de\/en\/wp-json\/wp\/v2\/pages\/23089\/?dps_paged=2\">2<\/a>\n<a class=\"next page-numbers\" href=\"http:\/\/mp.aleph-consult.de\/en\/wp-json\/wp\/v2\/pages\/23089\/?dps_paged=2\">\u2192<\/a><\/div><\/nav><\/div>\n","protected":false},"excerpt":{"rendered":"","protected":false},"author":1,"featured_media":0,"parent":23037,"menu_order":0,"comment_status":"closed","ping_status":"closed","template":"","meta":{"ngg_post_thumbnail":0,"_EventAllDay":false,"_EventTimezone":"","_EventStartDate":"","_EventEndDate":"","_EventStartDateUTC":"","_EventEndDateUTC":"","_EventShowMap":false,"_EventShowMapLink":false,"_EventURL":"","_EventCost":"","_EventCostDescription":"","_EventCurrencySymbol":"","_EventCurrencyPosition":"","_EventDateTimeSeparator":"","_EventTimeRangeSeparator":"","_EventOrganizerID":[],"_EventVenueID":0,"_OrganizerEmail":"","_OrganizerPhone":"","_OrganizerWebsite":"","_VenueAddress":"","_VenueCity":"","_VenueCountry":"","_VenueProvince":"","_VenueZip":"","_VenuePhone":"","_VenueURL":"","_VenueStateProvince":"","_VenueLat":"","_VenueLng":""},"folder":[67],"_links":{"self":[{"href":"http:\/\/mp.aleph-consult.de\/en\/wp-json\/wp\/v2\/pages\/23089"}],"collection":[{"href":"http:\/\/mp.aleph-consult.de\/en\/wp-json\/wp\/v2\/pages"}],"about":[{"href":"http:\/\/mp.aleph-consult.de\/en\/wp-json\/wp\/v2\/types\/page"}],"author":[{"embeddable":true,"href":"http:\/\/mp.aleph-consult.de\/en\/wp-json\/wp\/v2\/users\/1"}],"replies":[{"embeddable":true,"href":"http:\/\/mp.aleph-consult.de\/en\/wp-json\/wp\/v2\/comments?post=23089"}],"version-history":[{"count":1,"href":"http:\/\/mp.aleph-consult.de\/en\/wp-json\/wp\/v2\/pages\/23089\/revisions"}],"predecessor-version":[{"id":23090,"href":"http:\/\/mp.aleph-consult.de\/en\/wp-json\/wp\/v2\/pages\/23089\/revisions\/23090"}],"up":[{"embeddable":true,"href":"http:\/\/mp.aleph-consult.de\/en\/wp-json\/wp\/v2\/pages\/23037"}],"wp:attachment":[{"href":"http:\/\/mp.aleph-consult.de\/en\/wp-json\/wp\/v2\/media?parent=23089"}],"wp:term":[{"taxonomy":"folder","embeddable":true,"href":"http:\/\/mp.aleph-consult.de\/en\/wp-json\/wp\/v2\/folder?post=23089"}],"curies":[{"name":"wp","href":"https:\/\/api.w.org\/{rel}","templated":true}]}}