{"id":22870,"date":"2020-03-13T00:45:01","date_gmt":"2020-03-12T23:45:01","guid":{"rendered":"http:\/\/mp.aleph-consult.de\/?page_id=22870"},"modified":"2020-03-13T00:45:01","modified_gmt":"2020-03-12T23:45:01","slug":"news","status":"publish","type":"page","link":"http:\/\/mp.aleph-consult.de\/en\/partner-countries\/russia\/news\/","title":{"rendered":"News"},"content":{"rendered":"<div class=\"mp-display-posts-listing site-main\"><article class=\"listing-item post\"><header><div class=\"entry-meta\"><a> <time class=\"entry-date\">01.04.2022<\/span><\/a><\/div><h2><a class=\"title\" href=\"http:\/\/mp.aleph-consult.de\/en\/programm-with-russia-and-belarus-suspended\/\">Programme with Russia and Belarus Suspended<\/a><\/h2><\/header><div class=\"row\"><div class=\"col-xs-12 col-md-3 col-xl-3\"><a class=\"image\" href=\"http:\/\/mp.aleph-consult.de\/en\/programm-with-russia-and-belarus-suspended\/\"><img width=\"138\" height=\"104\" src=\"http:\/\/mp.aleph-consult.de\/wp-content\/uploads\/2020\/05\/Info-eng-1.jpg\" class=\"attachment-thumbnail size-thumbnail\" alt=\"\" loading=\"lazy\" sizes=\"100vw\" \/><\/a> <\/div><div class=\"col-xs-12 col-md-9 col-xl-9\"><div class=\"content\"><p>The cooperation with Russia in the Manager Training Programme was suspended in March 2022 due to the Russian attack on Ukraine. The suspension also applies to Belarus as that country is supporting Russia\u2019s war of aggression against Ukraine.<\/p><\/div><\/div><\/div><\/article><article class=\"listing-item post\"><header><div class=\"entry-meta\"><a> <time class=\"entry-date\">30.07.2021<\/span><\/a><\/div><h2><a class=\"title\" href=\"http:\/\/mp.aleph-consult.de\/en\/intercultural-management-is-very-useful\/\">\u201cIntercultural management is very useful!\u201d<\/a><\/h2><\/header><div class=\"row\"><div class=\"col-xs-12 col-md-3 col-xl-3\"><a class=\"image\" href=\"http:\/\/mp.aleph-consult.de\/en\/intercultural-management-is-very-useful\/\"><img width=\"150\" height=\"150\" src=\"http:\/\/mp.aleph-consult.de\/wp-content\/uploads\/2021\/07\/thumbnail-Kopie-e1627633733976-150x150.png\" class=\"attachment-thumbnail size-thumbnail\" alt=\"\" loading=\"lazy\" srcset=\"http:\/\/mp.aleph-consult.de\/wp-content\/uploads\/2021\/07\/thumbnail-Kopie-e1627633733976-150x150.png 150w, http:\/\/mp.aleph-consult.de\/wp-content\/uploads\/2021\/07\/thumbnail-Kopie-e1627633733976-100x100.png 100w\" sizes=\"100vw\" \/><\/a> <\/div><div class=\"col-xs-12 col-md-9 col-xl-9\"><div class=\"content\"><p style=\"text-align: justify;\">Evgeny Grigoryev is always on the lookout for further education that can advance his career. The manager training programme came at the right time for the deputy chief engineer of a mine owned by the Russian coal company SUEK-Kusbass. In addition to lots of new things about change management and environmental protection, Grigoryev learned quite a bit about intercultural management. The 35-year-old\u2019s personal contact to German companies also is also helping SUEK to clear up the final unresolved issues before closing two deals.  <a  href=\"http:\/\/mp.aleph-consult.de\/en\/intercultural-management-is-very-useful\/\" class=\"more-link\">Continue reading<\/a><\/p><\/div><\/div><\/div><\/article><article class=\"listing-item post\"><header><div class=\"entry-meta\"><a> <time class=\"entry-date\">10.07.2020<\/span><\/a><\/div><h2><a class=\"title\" href=\"http:\/\/mp.aleph-consult.de\/en\/partnerschaft-mit-russland-bis-2022-verlangert\/\">Partnership with Russia extended to 2022<\/a><\/h2><\/header><div class=\"row\"><div class=\"col-xs-12 col-md-3 col-xl-3\"><a class=\"image\" href=\"http:\/\/mp.aleph-consult.de\/en\/partnerschaft-mit-russland-bis-2022-verlangert\/\"><img width=\"150\" height=\"150\" src=\"http:\/\/mp.aleph-consult.de\/wp-content\/uploads\/2020\/07\/Russia-MoU-Thumb2-150x150.jpg\" class=\"attachment-thumbnail size-thumbnail\" alt=\"\" loading=\"lazy\" srcset=\"http:\/\/mp.aleph-consult.de\/wp-content\/uploads\/2020\/07\/Russia-MoU-Thumb2-150x150.jpg 150w, http:\/\/mp.aleph-consult.de\/wp-content\/uploads\/2020\/07\/Russia-MoU-Thumb2-100x100.jpg 100w\" sizes=\"100vw\" \/><\/a> <\/div><div class=\"col-xs-12 col-md-9 col-xl-9\"><div class=\"content\"><p>Germany and Russia will continue their cooperation in the framework of the Manager Training Programme (MP). The German Ambassador in Russia, Dr G\u00e9za Andreas von Geyr, and Vladislav Fedulov, Deputy Minister of Economic Development of the Russian Federation, signed a joint declaration on the continuation of the Programme until 2022 in Moscow on 9 July 2020.  <a  href=\"http:\/\/mp.aleph-consult.de\/en\/partnerschaft-mit-russland-bis-2022-verlangert\/\" class=\"more-link\">Continue reading<\/a><\/p><\/div><\/div><\/div><\/article><article class=\"listing-item post\"><header><div class=\"entry-meta\"><a> <time class=\"entry-date\">05.03.2020<\/span><\/a><\/div><h2><a class=\"title\" href=\"http:\/\/mp.aleph-consult.de\/en\/from-silicon-valley-to-business-in-russia\/\">From Silicon Valley to Business in Russia<\/a><\/h2><\/header><div class=\"row\"><div class=\"col-xs-12 col-md-3 col-xl-3\"><a class=\"image\" href=\"http:\/\/mp.aleph-consult.de\/en\/from-silicon-valley-to-business-in-russia\/\"><img width=\"150\" height=\"150\" src=\"http:\/\/mp.aleph-consult.de\/wp-content\/uploads\/2020\/03\/IT-Bild-400x300-1-150x150.jpg\" class=\"attachment-thumbnail size-thumbnail wp-post-image\" alt=\"\" loading=\"lazy\" srcset=\"http:\/\/mp.aleph-consult.de\/wp-content\/uploads\/2020\/03\/IT-Bild-400x300-1-150x150.jpg 150w, http:\/\/mp.aleph-consult.de\/wp-content\/uploads\/2020\/03\/IT-Bild-400x300-1-100x100.jpg 100w\" sizes=\"100vw\" \/><\/a> <\/div><div class=\"col-xs-12 col-md-9 col-xl-9\"><div class=\"content\"><p>The engineer and business information technology specialist&nbsp;Siegfried K\u00f6hler&nbsp;has always worked internationally. The programme \u201cFit for Business with Russia\u201d helped bring about a major business shift: He moved his software sales business from the US to Russia and founded a start-up that converts golf course pumps for use in shipyards and factories in Moscow and St. Petersburg. <a  href=\"http:\/\/mp.aleph-consult.de\/en\/from-silicon-valley-to-business-in-russia\/\" class=\"more-link\">Continue reading<\/a><\/p><\/div><\/div><\/div><\/article><article class=\"listing-item post\"><header><div class=\"entry-meta\"><a> <time class=\"entry-date\">26.03.2019<\/span><\/a><\/div><h2><a class=\"title\" href=\"http:\/\/mp.aleph-consult.de\/en\/wie-finde-ich-den-richtigen-lieferanten\/\">Wie finde ich den richtigen Lieferanten?<\/a><\/h2><\/header><div class=\"row\"><div class=\"col-xs-12 col-md-3 col-xl-3\"><a class=\"image\" href=\"http:\/\/mp.aleph-consult.de\/en\/wie-finde-ich-den-richtigen-lieferanten\/\"><img width=\"150\" height=\"150\" src=\"http:\/\/mp.aleph-consult.de\/wp-content\/uploads\/2020\/04\/S0063006_Ausschnitt-400x300-1-150x150.jpg\" class=\"attachment-thumbnail size-thumbnail wp-post-image\" alt=\"\" loading=\"lazy\" srcset=\"http:\/\/mp.aleph-consult.de\/wp-content\/uploads\/2020\/04\/S0063006_Ausschnitt-400x300-1-150x150.jpg 150w, http:\/\/mp.aleph-consult.de\/wp-content\/uploads\/2020\/04\/S0063006_Ausschnitt-400x300-1-100x100.jpg 100w\" sizes=\"100vw\" \/><\/a> <\/div><div class=\"col-xs-12 col-md-9 col-xl-9\"><div class=\"content\"><p>Russische Delegation zu Besuch bei MULTIPOND in Waldkraiburg<\/p>\r\n<p>Die \u201eSuche nach den richtigen Lieferanten\u201c f\u00fchrte 20 russische F\u00fchrungskr\u00e4fte im Herbst 2018 zur Multipond W\u00e4getechnik GmbH, ein inhabergef\u00fchrtes mittelst\u00e4ndisches Unternehmen in Waldkraiburg in Oberbayern, das Teil der Unternehmensgruppe ATOMA MULTIPOND ist. <a  href=\"http:\/\/mp.aleph-consult.de\/en\/wie-finde-ich-den-richtigen-lieferanten\/\" class=\"more-link\">Continue reading<\/a><\/p><\/div><\/div><\/div><\/article><article class=\"listing-item post\"><header><div class=\"entry-meta\"><a> <time class=\"entry-date\">21.11.2018<\/span><\/a><\/div><h2><a class=\"title\" href=\"http:\/\/mp.aleph-consult.de\/en\/russian-executives-wind-up-an-intensive-month-of-work-and-training\/\">Russian executives wind up an intensive month of work and training<\/a><\/h2><\/header><div class=\"row\"><div class=\"col-xs-12 col-md-3 col-xl-3\"><a class=\"image\" href=\"http:\/\/mp.aleph-consult.de\/en\/russian-executives-wind-up-an-intensive-month-of-work-and-training\/\"><img width=\"150\" height=\"150\" src=\"http:\/\/mp.aleph-consult.de\/wp-content\/uploads\/2018\/11\/20180626_Cottbusser-Ostsee-400x300-1-150x150.jpg\" class=\"attachment-thumbnail size-thumbnail wp-post-image\" alt=\"\" loading=\"lazy\" srcset=\"http:\/\/mp.aleph-consult.de\/wp-content\/uploads\/2018\/11\/20180626_Cottbusser-Ostsee-400x300-1-150x150.jpg 150w, http:\/\/mp.aleph-consult.de\/wp-content\/uploads\/2018\/11\/20180626_Cottbusser-Ostsee-400x300-1-100x100.jpg 100w\" sizes=\"100vw\" \/><\/a> <\/div><div class=\"col-xs-12 col-md-9 col-xl-9\"><div class=\"content\"><p align=\"justify\">Import contracts in the double-digit million range for open-pit mine reclamation, personnel management and filter systems<\/p>\r\n<p align=\"justify\">A total of 83 individual business contacts, 15 company visits and 7 full-day training sessions, with \u20ac14 million contracts in the works! These are the fruits of the visit some Russian managers paid to GICON-InTraBiD GmbH. <a  href=\"http:\/\/mp.aleph-consult.de\/en\/russian-executives-wind-up-an-intensive-month-of-work-and-training\/\" class=\"more-link\">Continue reading<\/a><\/p><\/div><\/div><\/div><\/article><article class=\"listing-item post\"><header><div class=\"entry-meta\"><a> <time class=\"entry-date\">23.10.2018<\/span><\/a><\/div><h2><a class=\"title\" href=\"http:\/\/mp.aleph-consult.de\/en\/zu-besuch-in-der-welthauptstadt-der-medizintechnik-2\/\">A Visit to the World Capital of Medical Technology<\/a><\/h2><\/header><div class=\"row\"><div class=\"col-xs-12 col-md-3 col-xl-3\"><a class=\"image\" href=\"http:\/\/mp.aleph-consult.de\/en\/zu-besuch-in-der-welthauptstadt-der-medizintechnik-2\/\"><img width=\"150\" height=\"150\" src=\"http:\/\/mp.aleph-consult.de\/wp-content\/uploads\/2018\/10\/IMG-20171114-WA0015-400x300-1-150x150.jpg\" class=\"attachment-thumbnail size-thumbnail wp-post-image\" alt=\"\" loading=\"lazy\" srcset=\"http:\/\/mp.aleph-consult.de\/wp-content\/uploads\/2018\/10\/IMG-20171114-WA0015-400x300-1-150x150.jpg 150w, http:\/\/mp.aleph-consult.de\/wp-content\/uploads\/2018\/10\/IMG-20171114-WA0015-400x300-1-100x100.jpg 100w\" sizes=\"100vw\" \/><\/a> <\/div><div class=\"col-xs-12 col-md-9 col-xl-9\"><div class=\"content\"><p align=\"justify\">The majority of Germans have probably never heard of the small town of Tuttlingen with its not quite 35,000 inhabitants near the Black Forest. Nevertheless, almost 600 enterprises in the field of medical technology are located there, many of them world market leaders in their industries. <a  href=\"http:\/\/mp.aleph-consult.de\/en\/zu-besuch-in-der-welthauptstadt-der-medizintechnik-2\/\" class=\"more-link\">Continue reading<\/a><\/p><\/div><\/div><\/div><\/article><article class=\"listing-item post\"><header><div class=\"entry-meta\"><a> <time class=\"entry-date\">26.04.2018<\/span><\/a><\/div><h2><a class=\"title\" href=\"http:\/\/mp.aleph-consult.de\/en\/%d1%86%d0%b8%d1%84%d1%80%d0%be%d0%b2%d0%b8%d0%b7%d0%b0%d1%86%d0%b8%d1%8f-%d1%8d%d0%ba%d0%be%d0%bd%d0%be%d0%bc%d0%b8%d0%ba-%d1%80%d0%be%d1%81%d1%81%d0%b8%d0%b8-%d0%b8-%d0%b3%d0%b5%d1%80%d0%bc%d0%b0\/\">\u0426\u0438\u0444\u0440\u043e\u0432\u0438\u0437\u0430\u0446\u0438\u044f \u044d\u043a\u043e\u043d\u043e\u043c\u0438\u043a \u0420\u043e\u0441\u0441\u0438\u0438 \u0438 \u0413\u0435\u0440\u043c\u0430\u043d\u0438\u0438<\/a><\/h2><\/header><div class=\"row\"><div class=\"col-xs-12 col-md-3 col-xl-3\"><a class=\"image\" href=\"http:\/\/mp.aleph-consult.de\/en\/%d1%86%d0%b8%d1%84%d1%80%d0%be%d0%b2%d0%b8%d0%b7%d0%b0%d1%86%d0%b8%d1%8f-%d1%8d%d0%ba%d0%be%d0%bd%d0%be%d0%bc%d0%b8%d0%ba-%d1%80%d0%be%d1%81%d1%81%d0%b8%d0%b8-%d0%b8-%d0%b3%d0%b5%d1%80%d0%bc%d0%b0\/\"><img width=\"150\" height=\"150\" src=\"http:\/\/mp.aleph-consult.de\/wp-content\/uploads\/2020\/04\/aaru00-400x300-1-150x150.jpg\" class=\"attachment-thumbnail size-thumbnail wp-post-image\" alt=\"\" loading=\"lazy\" srcset=\"http:\/\/mp.aleph-consult.de\/wp-content\/uploads\/2020\/04\/aaru00-400x300-1-150x150.jpg 150w, http:\/\/mp.aleph-consult.de\/wp-content\/uploads\/2020\/04\/aaru00-400x300-1-100x100.jpg 100w\" sizes=\"100vw\" \/><\/a> <\/div><div class=\"col-xs-12 col-md-9 col-xl-9\"><div class=\"content\"><p><\/p>\r\n<p>\u041a\u0440\u0443\u0433\u043b\u044b\u0439 \u0441\u0442\u043e\u043b \u00ab\u0426\u0438\u0444\u0440\u043e\u0432\u0438\u0437\u0430\u0446\u0438\u044f \u044d\u043a\u043e\u043d\u043e\u043c\u0438\u043a \u0420\u043e\u0441\u0441\u0438\u0438 \u0438 \u0413\u0435\u0440\u043c\u0430\u043d\u0438\u0438. \u041f\u0435\u0440\u0441\u043f\u0435\u043a\u0442\u0438\u0432\u044b \u0434\u0432\u0443\u0441\u0442\u043e\u0440\u043e\u043d\u043d\u0435\u0439 \u043a\u043e\u043e\u043f\u0435\u0440\u0430\u0446\u0438\u0438 \u0432 \u0440\u0430\u043c\u043a\u0430\u0445 \u0427\u0435\u0442\u0432\u0451\u0440\u0442\u043e\u0439 \u043f\u0440\u043e\u043c\u044b\u0448\u043b\u0435\u043d\u043d\u043e\u0439 \u0440\u0435\u0432\u043e\u043b\u044e\u0446\u0438\u0438\u00bb <a  href=\"http:\/\/mp.aleph-consult.de\/en\/%d1%86%d0%b8%d1%84%d1%80%d0%be%d0%b2%d0%b8%d0%b7%d0%b0%d1%86%d0%b8%d1%8f-%d1%8d%d0%ba%d0%be%d0%bd%d0%be%d0%bc%d0%b8%d0%ba-%d1%80%d0%be%d1%81%d1%81%d0%b8%d0%b8-%d0%b8-%d0%b3%d0%b5%d1%80%d0%bc%d0%b0\/\" class=\"more-link\">Continue reading<\/a><\/p><\/div><\/div><\/div><\/article><article class=\"listing-item post\"><header><div class=\"entry-meta\"><a> <time class=\"entry-date\">03.04.2018<\/span><\/a><\/div><h2><a class=\"title\" href=\"http:\/\/mp.aleph-consult.de\/en\/good-opportunities-for-takraf-in-russia\/\">Good opportunities for TAKRAF in Russia<\/a><\/h2><\/header><div class=\"row\"><div class=\"col-xs-12 col-md-3 col-xl-3\"><a class=\"image\" href=\"http:\/\/mp.aleph-consult.de\/en\/good-opportunities-for-takraf-in-russia\/\"><img width=\"150\" height=\"150\" src=\"http:\/\/mp.aleph-consult.de\/wp-content\/uploads\/2018\/04\/GICON_RF_a-400x300-1-150x150.jpg\" class=\"attachment-thumbnail size-thumbnail wp-post-image\" alt=\"\" loading=\"lazy\" srcset=\"http:\/\/mp.aleph-consult.de\/wp-content\/uploads\/2018\/04\/GICON_RF_a-400x300-1-150x150.jpg 150w, http:\/\/mp.aleph-consult.de\/wp-content\/uploads\/2018\/04\/GICON_RF_a-400x300-1-100x100.jpg 100w\" sizes=\"100vw\" \/><\/a> <\/div><div class=\"col-xs-12 col-md-9 col-xl-9\"><div class=\"content\"><p><\/p>\r\n<p align=\"justify\">About 70 percent of the costs of extracting hard coal from the Russian Kuznetsk Basin are incurred from transporting the \u201cblack gold\u201d and the overburden from the open-cast mine with enormous tipper trucks. Therefore, mining engineers and technologists are now looking for alternatives. Managers from mining companies and suppliers made up nearly half of the group from the Kemerovo region that spent four weeks training in autumn of 2017 at GICON\u00ae-InTraBiD GmbH in Dresden. <a  href=\"http:\/\/mp.aleph-consult.de\/en\/good-opportunities-for-takraf-in-russia\/\" class=\"more-link\">Continue reading<\/a><\/p><\/div><\/div><\/div><\/article><article class=\"listing-item post\"><header><div class=\"entry-meta\"><a> <time class=\"entry-date\">26.03.2018<\/span><\/a><\/div><h2><a class=\"title\" href=\"http:\/\/mp.aleph-consult.de\/en\/more-light-for-our-life\/\">More light for our life<\/a><\/h2><\/header><div class=\"row\"><div class=\"col-xs-12 col-md-3 col-xl-3\"><a class=\"image\" href=\"http:\/\/mp.aleph-consult.de\/en\/more-light-for-our-life\/\"><img width=\"150\" height=\"150\" src=\"http:\/\/mp.aleph-consult.de\/wp-content\/uploads\/2018\/05\/EABW_INT_170-400x300-1-150x150.jpg\" class=\"attachment-thumbnail size-thumbnail wp-post-image\" alt=\"\" loading=\"lazy\" srcset=\"http:\/\/mp.aleph-consult.de\/wp-content\/uploads\/2018\/05\/EABW_INT_170-400x300-1-150x150.jpg 150w, http:\/\/mp.aleph-consult.de\/wp-content\/uploads\/2018\/05\/EABW_INT_170-400x300-1-100x100.jpg 100w\" sizes=\"100vw\" \/><\/a> <\/div><div class=\"col-xs-12 col-md-9 col-xl-9\"><div class=\"content\"><p align=\"justify\"><br \/>\r\nIn autumn 2017, the MP participants from Egypt, India, Mexico, Moldova, Kazakhstan, Russia, Ukraine und Uzbekistan with a focus on Energy Efficiency in Industrial Enterprises visited the company Herbert Waldmann GmbH & Co. KG in Villingen-Schwenningen. <a  href=\"http:\/\/mp.aleph-consult.de\/en\/more-light-for-our-life\/\" class=\"more-link\">Continue reading<\/a><\/p><\/div><\/div><\/div><\/article><\/div><div class=\"navigation pagination\" style=\"width: 100%;\"><nav class=\"display-posts-pagination nav-links\" role=\"navigation\"><h2 class=\"screen-reader-text\">Navigation<\/h2><div class=\"nav-links\"><span aria-current=\"page\" class=\"page-numbers current\">1<\/span>\n<a class=\"page-numbers\" href=\"http:\/\/mp.aleph-consult.de\/en\/wp-json\/wp\/v2\/pages\/22870\/?dps_paged=2\">2<\/a>\n<a class=\"page-numbers\" href=\"http:\/\/mp.aleph-consult.de\/en\/wp-json\/wp\/v2\/pages\/22870\/?dps_paged=3\">3<\/a>\n<a class=\"page-numbers\" href=\"http:\/\/mp.aleph-consult.de\/en\/wp-json\/wp\/v2\/pages\/22870\/?dps_paged=4\">4<\/a>\n<a class=\"page-numbers\" href=\"http:\/\/mp.aleph-consult.de\/en\/wp-json\/wp\/v2\/pages\/22870\/?dps_paged=5\">5<\/a>\n<a class=\"next page-numbers\" href=\"http:\/\/mp.aleph-consult.de\/en\/wp-json\/wp\/v2\/pages\/22870\/?dps_paged=2\">\u2192<\/a><\/div><\/nav><\/div>\n","protected":false},"excerpt":{"rendered":"","protected":false},"author":1,"featured_media":0,"parent":22861,"menu_order":0,"comment_status":"closed","ping_status":"closed","template":"","meta":{"ngg_post_thumbnail":0,"_EventAllDay":false,"_EventTimezone":"","_EventStartDate":"","_EventEndDate":"","_EventStartDateUTC":"","_EventEndDateUTC":"","_EventShowMap":false,"_EventShowMapLink":false,"_EventURL":"","_EventCost":"","_EventCostDescription":"","_EventCurrencySymbol":"","_EventCurrencyPosition":"","_EventDateTimeSeparator":"","_EventTimeRangeSeparator":"","_EventOrganizerID":[],"_EventVenueID":0,"_OrganizerEmail":"","_OrganizerPhone":"","_OrganizerWebsite":"","_VenueAddress":"","_VenueCity":"","_VenueCountry":"","_VenueProvince":"","_VenueZip":"","_VenuePhone":"","_VenueURL":"","_VenueStateProvince":"","_VenueLat":"","_VenueLng":""},"folder":[66],"_links":{"self":[{"href":"http:\/\/mp.aleph-consult.de\/en\/wp-json\/wp\/v2\/pages\/22870"}],"collection":[{"href":"http:\/\/mp.aleph-consult.de\/en\/wp-json\/wp\/v2\/pages"}],"about":[{"href":"http:\/\/mp.aleph-consult.de\/en\/wp-json\/wp\/v2\/types\/page"}],"author":[{"embeddable":true,"href":"http:\/\/mp.aleph-consult.de\/en\/wp-json\/wp\/v2\/users\/1"}],"replies":[{"embeddable":true,"href":"http:\/\/mp.aleph-consult.de\/en\/wp-json\/wp\/v2\/comments?post=22870"}],"version-history":[{"count":1,"href":"http:\/\/mp.aleph-consult.de\/en\/wp-json\/wp\/v2\/pages\/22870\/revisions"}],"predecessor-version":[{"id":22871,"href":"http:\/\/mp.aleph-consult.de\/en\/wp-json\/wp\/v2\/pages\/22870\/revisions\/22871"}],"up":[{"embeddable":true,"href":"http:\/\/mp.aleph-consult.de\/en\/wp-json\/wp\/v2\/pages\/22861"}],"wp:attachment":[{"href":"http:\/\/mp.aleph-consult.de\/en\/wp-json\/wp\/v2\/media?parent=22870"}],"wp:term":[{"taxonomy":"folder","embeddable":true,"href":"http:\/\/mp.aleph-consult.de\/en\/wp-json\/wp\/v2\/folder?post=22870"}],"curies":[{"name":"wp","href":"https:\/\/api.w.org\/{rel}","templated":true}]}}