{"id":22641,"date":"2020-03-11T16:47:26","date_gmt":"2020-03-11T15:47:26","guid":{"rendered":"http:\/\/mp.aleph-consult.de\/?page_id=22641"},"modified":"2020-07-22T10:34:12","modified_gmt":"2020-07-22T08:34:12","slug":"local-partner","status":"publish","type":"page","link":"http:\/\/mp.aleph-consult.de\/en\/partner-countries\/mexico\/local-partner\/","title":{"rendered":"Local Partner"},"content":{"rendered":"<p><img loading=\"lazy\" width=\"387\" height=\"56\" class=\"alignnone  wp-image-22643\" alt=\"\" src=\"http:\/\/mp.aleph-consult.de\/wp-content\/uploads\/2020\/03\/economia_udp.png\" srcset=\"http:\/\/mp.aleph-consult.de\/wp-content\/uploads\/2020\/03\/economia_udp.png 2532w, http:\/\/mp.aleph-consult.de\/wp-content\/uploads\/2020\/03\/economia_udp-300x44.png 300w, http:\/\/mp.aleph-consult.de\/wp-content\/uploads\/2020\/03\/economia_udp-1024x149.png 1024w, http:\/\/mp.aleph-consult.de\/wp-content\/uploads\/2020\/03\/economia_udp-768x112.png 768w, http:\/\/mp.aleph-consult.de\/wp-content\/uploads\/2020\/03\/economia_udp-1536x224.png 1536w, http:\/\/mp.aleph-consult.de\/wp-content\/uploads\/2020\/03\/economia_udp-2048x298.png 2048w\" sizes=\"(max-width: 387px) 100vw, 387px\" \/><\/p>\n<p><strong>Unidad de Desarrollo Productivo (UDP)<br \/>\n<\/strong>Ivana Fern\u00e1ndez Stohanzlova<br \/>\nEmail: <a href=\"mailto:ivana.fernandez@economia.gob.mx\" target=\"_blank\" rel=\"noopener noreferrer\">ivana.fernandez@economia.gob.mx<\/a><\/p>\n<p>Quetzali V\u00e1zquez B\u00e1ez<br \/>\nEmail: <a href=\"mailto:quetzali.vazquez@economia.gob.mx\" target=\"_blank\" rel=\"noopener noreferrer\">quetzali.vazquez@economia.gob.mx<\/a><\/p>\n<p>Phone:&nbsp;<span class=\"baec5a81-e4d6-4674-97f3-e9220f0136c1\">+5629 9500<\/span>&nbsp;ext 37648<br \/>\nInternet:&nbsp;<a href=\"https:\/\/www.gob.mx\/se\/acciones-y-programas\/unidad-de-desarrollo-productivo\">www.gob.mx<\/a><\/p>\n<p>SE Secretar\u00eda de Econom\u00eda<br \/>\nInsurgentes Sur 1940, Colonia Florida<br \/>\nAlcald\u00eda \u00c1lvaro Obreg\u00f3n<br \/>\nCP 01030 CDMX<br \/>\nMexico<\/p>\n","protected":false},"excerpt":{"rendered":"<p>Unidad de Desarrollo Productivo (UDP) Ivana Fern\u00e1ndez Stohanzlova Email: ivana.fernandez@economia.gob.mx Quetzali V\u00e1zquez B\u00e1ez Email: quetzali.vazquez@economia.gob.mx Phone:&nbsp;+5629 9500&nbsp;ext 37648 Internet:&nbsp;www.gob.mx SE Secretar\u00eda de Econom\u00eda Insurgentes Sur 1940, Colonia Florida Alcald\u00eda \u00c1lvaro Obreg\u00f3n CP 01030 CDMX Mexico<\/p>\n","protected":false},"author":1,"featured_media":0,"parent":22624,"menu_order":0,"comment_status":"closed","ping_status":"closed","template":"","meta":{"ngg_post_thumbnail":0,"_EventAllDay":false,"_EventTimezone":"","_EventStartDate":"","_EventEndDate":"","_EventStartDateUTC":"","_EventEndDateUTC":"","_EventShowMap":false,"_EventShowMapLink":false,"_EventURL":"","_EventCost":"","_EventCostDescription":"","_EventCurrencySymbol":"","_EventCurrencyPosition":"","_EventDateTimeSeparator":"","_EventTimeRangeSeparator":"","_EventOrganizerID":[],"_EventVenueID":0,"_OrganizerEmail":"","_OrganizerPhone":"","_OrganizerWebsite":"","_VenueAddress":"","_VenueCity":"","_VenueCountry":"","_VenueProvince":"","_VenueZip":"","_VenuePhone":"","_VenueURL":"","_VenueStateProvince":"","_VenueLat":"","_VenueLng":""},"folder":[65],"_links":{"self":[{"href":"http:\/\/mp.aleph-consult.de\/en\/wp-json\/wp\/v2\/pages\/22641"}],"collection":[{"href":"http:\/\/mp.aleph-consult.de\/en\/wp-json\/wp\/v2\/pages"}],"about":[{"href":"http:\/\/mp.aleph-consult.de\/en\/wp-json\/wp\/v2\/types\/page"}],"author":[{"embeddable":true,"href":"http:\/\/mp.aleph-consult.de\/en\/wp-json\/wp\/v2\/users\/1"}],"replies":[{"embeddable":true,"href":"http:\/\/mp.aleph-consult.de\/en\/wp-json\/wp\/v2\/comments?post=22641"}],"version-history":[{"count":42,"href":"http:\/\/mp.aleph-consult.de\/en\/wp-json\/wp\/v2\/pages\/22641\/revisions"}],"predecessor-version":[{"id":27154,"href":"http:\/\/mp.aleph-consult.de\/en\/wp-json\/wp\/v2\/pages\/22641\/revisions\/27154"}],"up":[{"embeddable":true,"href":"http:\/\/mp.aleph-consult.de\/en\/wp-json\/wp\/v2\/pages\/22624"}],"wp:attachment":[{"href":"http:\/\/mp.aleph-consult.de\/en\/wp-json\/wp\/v2\/media?parent=22641"}],"wp:term":[{"taxonomy":"folder","embeddable":true,"href":"http:\/\/mp.aleph-consult.de\/en\/wp-json\/wp\/v2\/folder?post=22641"}],"curies":[{"name":"wp","href":"https:\/\/api.w.org\/{rel}","templated":true}]}}