{"id":22063,"date":"2020-03-02T17:25:29","date_gmt":"2020-03-02T16:25:29","guid":{"rendered":"http:\/\/mp.aleph-consult.de\/?page_id=22063"},"modified":"2020-03-03T19:24:44","modified_gmt":"2020-03-03T18:24:44","slug":"news-china","status":"publish","type":"page","link":"http:\/\/mp.aleph-consult.de\/en\/partner-countries\/china\/news-china\/","title":{"rendered":"News"},"content":{"rendered":"<div class=\"mp-display-posts-listing site-main\"><article class=\"listing-item post\"><header><div class=\"entry-meta\"><a> <time class=\"entry-date\">07.04.2020<\/span><\/a><\/div><h2><a class=\"title\" href=\"http:\/\/mp.aleph-consult.de\/en\/at-the-heart-of-the-energy-revolution\/\">At the Heart of the Energy Revolution<\/a><\/h2><\/header><div class=\"row\"><div class=\"col-xs-12 col-md-3 col-xl-3\"><a class=\"image\" href=\"http:\/\/mp.aleph-consult.de\/en\/at-the-heart-of-the-energy-revolution\/\"><img width=\"150\" height=\"150\" src=\"http:\/\/mp.aleph-consult.de\/wp-content\/uploads\/2020\/04\/Titelbild-4-600x541-1-150x150.jpg\" class=\"attachment-thumbnail size-thumbnail wp-post-image\" alt=\"\" loading=\"lazy\" srcset=\"http:\/\/mp.aleph-consult.de\/wp-content\/uploads\/2020\/04\/Titelbild-4-600x541-1-150x150.jpg 150w, http:\/\/mp.aleph-consult.de\/wp-content\/uploads\/2020\/04\/Titelbild-4-600x541-1-100x100.jpg 100w\" sizes=\"100vw\" \/><\/a> <\/div><div class=\"col-xs-12 col-md-9 col-xl-9\"><div class=\"content\"><p>A visit to the EUREF Campus in Berlin, a lighthouse project that showcases the innovative strength of German firms, was a special programme highlight for a group from China.<\/p>\r\n<p> <a  href=\"http:\/\/mp.aleph-consult.de\/en\/at-the-heart-of-the-energy-revolution\/\" class=\"more-link\">Continue reading<\/a><\/p><\/div><\/div><\/div><\/article><article class=\"listing-item post\"><header><div class=\"entry-meta\"><a> <time class=\"entry-date\">28.10.2019<\/span><\/a><\/div><h2><a class=\"title\" href=\"http:\/\/mp.aleph-consult.de\/en\/a-focus-on-securing-skilled-workers\/\">A focus on securing skilled workers<\/a><\/h2><\/header><div class=\"row\"><div class=\"col-xs-12 col-md-3 col-xl-3\"><a class=\"image\" href=\"http:\/\/mp.aleph-consult.de\/en\/a-focus-on-securing-skilled-workers\/\"><img width=\"150\" height=\"150\" src=\"http:\/\/mp.aleph-consult.de\/wp-content\/uploads\/2019\/10\/beitragsbild-CN-400x300-1-150x150.jpg\" class=\"attachment-thumbnail size-thumbnail wp-post-image\" alt=\"\" loading=\"lazy\" srcset=\"http:\/\/mp.aleph-consult.de\/wp-content\/uploads\/2019\/10\/beitragsbild-CN-400x300-1-150x150.jpg 150w, http:\/\/mp.aleph-consult.de\/wp-content\/uploads\/2019\/10\/beitragsbild-CN-400x300-1-100x100.jpg 100w\" sizes=\"100vw\" \/><\/a> <\/div><div class=\"col-xs-12 col-md-9 col-xl-9\"><div class=\"content\"><p align=\"justify\">The visit of an MP group from China to the Chamber of Commerce and Industry Rhein-Neckar in Mannheim revolved around the topic of securing skilled workers.&nbsp; The participants learned not only what motivates enterprises to offer training but also how to retain skilled workers, and how the system of vocational training works in Germany. <a  href=\"http:\/\/mp.aleph-consult.de\/en\/a-focus-on-securing-skilled-workers\/\" class=\"more-link\">Continue reading<\/a><\/p><\/div><\/div><\/div><\/article><article class=\"listing-item post\"><header><div class=\"entry-meta\"><a> <time class=\"entry-date\">23.11.2018<\/span><\/a><\/div><h2><a class=\"title\" href=\"http:\/\/mp.aleph-consult.de\/en\/industry-4-0-smart-solutions-from-a-sensor-manufacturer\/\">Industry 4.0 \u2013 Smart solutions from a sensor manufacturer<\/a><\/h2><\/header><div class=\"row\"><div class=\"col-xs-12 col-md-3 col-xl-3\"><a class=\"image\" href=\"http:\/\/mp.aleph-consult.de\/en\/industry-4-0-smart-solutions-from-a-sensor-manufacturer\/\"><img width=\"150\" height=\"150\" src=\"http:\/\/mp.aleph-consult.de\/wp-content\/uploads\/2018\/11\/traide3-400x300-1-150x150.png\" class=\"attachment-thumbnail size-thumbnail wp-post-image\" alt=\"\" loading=\"lazy\" srcset=\"http:\/\/mp.aleph-consult.de\/wp-content\/uploads\/2018\/11\/traide3-400x300-1-150x150.png 150w, http:\/\/mp.aleph-consult.de\/wp-content\/uploads\/2018\/11\/traide3-400x300-1-100x100.png 100w\" sizes=\"100vw\" \/><\/a> <\/div><div class=\"col-xs-12 col-md-9 col-xl-9\"><div class=\"content\"><p align=\"justify\">China is one of the world\u2019s leading nations in the field of digitisation, and that\u2019s no accident. The Chinese government has been stepping up its investment in innovative companies and promoting digital key technologies. But Chinese entrepreneurs still have something to learn from German companies. <a  href=\"http:\/\/mp.aleph-consult.de\/en\/industry-4-0-smart-solutions-from-a-sensor-manufacturer\/\" class=\"more-link\">Continue reading<\/a><\/p><\/div><\/div><\/div><\/article><article class=\"listing-item post\"><header><div class=\"entry-meta\"><a> <time class=\"entry-date\">10.06.2018<\/span><\/a><\/div><h2><a class=\"title\" href=\"http:\/\/mp.aleph-consult.de\/en\/fur-deutschland-offnet-sich-in-china-gerade-eine-tur\/\">\u201eF\u00fcr Deutschland \u00f6ffnet sich in China gerade eine T\u00fcr\u201c<\/a><\/h2><\/header><div class=\"row\"><div class=\"col-xs-12 col-md-3 col-xl-3\"><a class=\"image\" href=\"http:\/\/mp.aleph-consult.de\/en\/fur-deutschland-offnet-sich-in-china-gerade-eine-tur\/\"><img width=\"150\" height=\"150\" src=\"http:\/\/mp.aleph-consult.de\/wp-content\/uploads\/2020\/03\/China-150x150.jpg\" class=\"attachment-thumbnail size-thumbnail wp-post-image\" alt=\"\" loading=\"lazy\" srcset=\"http:\/\/mp.aleph-consult.de\/wp-content\/uploads\/2020\/03\/China-150x150.jpg 150w, http:\/\/mp.aleph-consult.de\/wp-content\/uploads\/2020\/03\/China-100x100.jpg 100w\" sizes=\"100vw\" \/><\/a> <\/div><div class=\"col-xs-12 col-md-9 col-xl-9\"><div class=\"content\"><p>Im Herbst 2016 verbrachten 14 F\u00fchrungskr\u00e4fte aus Deutschland zwei Wochen zur Fortbildung in China. Im Rahmen des Programms \u201eFit f\u00fcr das Chinagesch\u00e4ft\u201c besuchten sie die Wirtschaftszentren Jieyang, Shenzhen und Chengdu.<\/p>\r\n<p> <a  href=\"http:\/\/mp.aleph-consult.de\/en\/fur-deutschland-offnet-sich-in-china-gerade-eine-tur\/\" class=\"more-link\">Continue reading<\/a><\/p><\/div><\/div><\/div><\/article><article class=\"listing-item post\"><header><div class=\"entry-meta\"><a> <time class=\"entry-date\">19.04.2018<\/span><\/a><\/div><h2><a class=\"title\" href=\"http:\/\/mp.aleph-consult.de\/en\/roteg-ag-robot-systems-for-asia\/\">roTeg AG: Robot systems for Asia<\/a><\/h2><\/header><div class=\"row\"><div class=\"col-xs-12 col-md-3 col-xl-3\"><a class=\"image\" href=\"http:\/\/mp.aleph-consult.de\/en\/roteg-ag-robot-systems-for-asia\/\"><img width=\"150\" height=\"150\" src=\"http:\/\/mp.aleph-consult.de\/wp-content\/uploads\/2018\/06\/Dr-Graefenstein-im-Gespr\u00e4ch-mit-einem-chinesischen-Unternehmer-1-400x300-1-150x150.jpg\" class=\"attachment-thumbnail size-thumbnail wp-post-image\" alt=\"\" loading=\"lazy\" srcset=\"http:\/\/mp.aleph-consult.de\/wp-content\/uploads\/2018\/06\/Dr-Graefenstein-im-Gespr\u00e4ch-mit-einem-chinesischen-Unternehmer-1-400x300-1-150x150.jpg 150w, http:\/\/mp.aleph-consult.de\/wp-content\/uploads\/2018\/06\/Dr-Graefenstein-im-Gespr\u00e4ch-mit-einem-chinesischen-Unternehmer-1-400x300-1-100x100.jpg 100w\" sizes=\"100vw\" \/><\/a> <\/div><div class=\"col-xs-12 col-md-9 col-xl-9\"><div class=\"content\"><p align=\"justify\">Specialising on a concrete product is often the key to success for many German SMEs. The company roTeg AG in Dortmund is a good example of this. Founded in 1993, the business first existed primarily as a small engineering office that was still based in the technology centre of Dortmund in 2012. The company consistently improved upon its innovative expertise in the field of palletising and developed sophisticated robot systems for all industries. <a  href=\"http:\/\/mp.aleph-consult.de\/en\/roteg-ag-robot-systems-for-asia\/\" class=\"more-link\">Continue reading<\/a><\/p><\/div><\/div><\/div><\/article><article class=\"listing-item post\"><header><div class=\"entry-meta\"><a> <time class=\"entry-date\">14.03.2018<\/span><\/a><\/div><h2><a class=\"title\" href=\"http:\/\/mp.aleph-consult.de\/en\/negotiating-with-german-business-partners-how-does-it-work\/\">Negotiating with German business partners \u2013 How does it work?<\/a><\/h2><\/header><div class=\"row\"><div class=\"col-xs-12 col-md-3 col-xl-3\"><a class=\"image\" href=\"http:\/\/mp.aleph-consult.de\/en\/negotiating-with-german-business-partners-how-does-it-work\/\"><img width=\"150\" height=\"150\" src=\"http:\/\/mp.aleph-consult.de\/wp-content\/uploads\/2018\/03\/ZEW_CN_23.10-17.11.2017_Gruppenfoto-400x300-1-150x150.jpg\" class=\"attachment-thumbnail size-thumbnail wp-post-image\" alt=\"\" loading=\"lazy\" srcset=\"http:\/\/mp.aleph-consult.de\/wp-content\/uploads\/2018\/03\/ZEW_CN_23.10-17.11.2017_Gruppenfoto-400x300-1-150x150.jpg 150w, http:\/\/mp.aleph-consult.de\/wp-content\/uploads\/2018\/03\/ZEW_CN_23.10-17.11.2017_Gruppenfoto-400x300-1-100x100.jpg 100w\" sizes=\"100vw\" \/><\/a> <\/div><div class=\"col-xs-12 col-md-9 col-xl-9\"><div class=\"content\"><p><\/p>\r\n<p align=\"justify\">How do I successfully negotiate with German business partners? What needs to be considered, and what should I avoid? These were the questions that Chinese MP participants looked into at the Center for European Economic Research (ZEW) during the seminar \u201cNegotiating with German Business Partners\u201d. <a  href=\"http:\/\/mp.aleph-consult.de\/en\/negotiating-with-german-business-partners-how-does-it-work\/\" class=\"more-link\">Continue reading<\/a><\/p><\/div><\/div><\/div><\/article><article class=\"listing-item post\"><header><div class=\"entry-meta\"><a> <time class=\"entry-date\">07.08.2017<\/span><\/a><\/div><h2><a class=\"title\" href=\"http:\/\/mp.aleph-consult.de\/en\/industrial-revolution-in-germany-and-china\/\">Industrial revolution in Germany and China<\/a><\/h2><\/header><div class=\"row\"><div class=\"col-xs-12 col-md-3 col-xl-3\"><a class=\"image\" href=\"http:\/\/mp.aleph-consult.de\/en\/industrial-revolution-in-germany-and-china\/\"><img width=\"150\" height=\"150\" src=\"http:\/\/mp.aleph-consult.de\/wp-content\/uploads\/2017\/08\/Gruppe-400x300-1-150x150.jpg\" class=\"attachment-thumbnail size-thumbnail wp-post-image\" alt=\"\" loading=\"lazy\" srcset=\"http:\/\/mp.aleph-consult.de\/wp-content\/uploads\/2017\/08\/Gruppe-400x300-1-150x150.jpg 150w, http:\/\/mp.aleph-consult.de\/wp-content\/uploads\/2017\/08\/Gruppe-400x300-1-100x100.jpg 100w\" sizes=\"100vw\" \/><\/a> <\/div><div class=\"col-xs-12 col-md-9 col-xl-9\"><div class=\"content\"><p align=\"justify\"><\/p>\r\n<p align=\"justify\">China\u2019s domestic industry is currently undergoing a transformation. As part of its \u201cChina Manufacturing 2025\u201d campaign, the government is facilitating Chinese businesses in setting up smart factories. Consequently, 20 SME executives from China who completed a four-week programme in Hamburg during the summer of 2017 showed enormous interest in discovering how German companies have embraced today\u2019s shift towards Industry 4.0. <a  href=\"http:\/\/mp.aleph-consult.de\/en\/industrial-revolution-in-germany-and-china\/\" class=\"more-link\">Continue reading<\/a><\/p><\/div><\/div><\/div><\/article><article class=\"listing-item post\"><header><div class=\"entry-meta\"><a> <time class=\"entry-date\">28.06.2017<\/span><\/a><\/div><h2><a class=\"title\" href=\"http:\/\/mp.aleph-consult.de\/en\/trade-fair-lessons\/\">Trade Fair Lessons<\/a><\/h2><\/header><div class=\"row\"><div class=\"col-xs-12 col-md-3 col-xl-3\"><a class=\"image\" href=\"http:\/\/mp.aleph-consult.de\/en\/trade-fair-lessons\/\"><img width=\"150\" height=\"150\" src=\"http:\/\/mp.aleph-consult.de\/wp-content\/uploads\/2017\/06\/IMG_7683-400x300-1-150x150.jpg\" class=\"attachment-thumbnail size-thumbnail wp-post-image\" alt=\"\" loading=\"lazy\" srcset=\"http:\/\/mp.aleph-consult.de\/wp-content\/uploads\/2017\/06\/IMG_7683-400x300-1-150x150.jpg 150w, http:\/\/mp.aleph-consult.de\/wp-content\/uploads\/2017\/06\/IMG_7683-400x300-1-100x100.jpg 100w\" sizes=\"100vw\" \/><\/a> <\/div><div class=\"col-xs-12 col-md-9 col-xl-9\"><div class=\"content\"><p align=\"justify\"><\/p>\r\n<p align=\"justify\">In Mai 2017, a group of 20 executives from China arrived in Germany to take part in the Manager Training Programme. On May 10, they visited the world\u2019s largest packaging sector trade fair, the Interpack in Dusseldorf, a key event for a range of different industries. Participants prepared for the fair, completing a \u201cHow to Do Business\u201d seminar the day before to learn how to take advantage of the exhibition, and establish contact with new business partners. <a  href=\"http:\/\/mp.aleph-consult.de\/en\/trade-fair-lessons\/\" class=\"more-link\">Continue reading<\/a><\/p><\/div><\/div><\/div><\/article><article class=\"listing-item post\"><header><div class=\"entry-meta\"><a> <time class=\"entry-date\">21.04.2017<\/span><\/a><\/div><h2><a class=\"title\" href=\"http:\/\/mp.aleph-consult.de\/en\/18296-2\/\">Setting Up a Subsidiary in Germany<\/a><\/h2><\/header><div class=\"row\"><div class=\"col-xs-12 col-md-3 col-xl-3\"><a class=\"image\" href=\"http:\/\/mp.aleph-consult.de\/en\/18296-2\/\"><img width=\"150\" height=\"150\" src=\"http:\/\/mp.aleph-consult.de\/wp-content\/uploads\/2020\/02\/Yu-Yajun-400x300-1-150x150.jpg\" class=\"attachment-thumbnail size-thumbnail wp-post-image\" alt=\"\" loading=\"lazy\" srcset=\"http:\/\/mp.aleph-consult.de\/wp-content\/uploads\/2020\/02\/Yu-Yajun-400x300-1-150x150.jpg 150w, http:\/\/mp.aleph-consult.de\/wp-content\/uploads\/2020\/02\/Yu-Yajun-400x300-1-100x100.jpg 100w\" sizes=\"100vw\" \/><\/a> <\/div><div class=\"col-xs-12 col-md-9 col-xl-9\"><div class=\"content\"><p>Yu Yajun had one clear goal when she applied to participate in the&nbsp;Manager Training Programme of the Federal Ministry of Economics and Technology&nbsp;(MP). She planned to establish a subsidiary of her firm Amate Technology in Germany. Therefore, she wanted to gather detailed information on the ground regarding the economic climate and investment conditions before taking such a step. <a  href=\"http:\/\/mp.aleph-consult.de\/en\/18296-2\/\" class=\"more-link\">Continue reading<\/a><\/p><\/div><\/div><\/div><\/article><article class=\"listing-item post\"><header><div class=\"entry-meta\"><a> <time class=\"entry-date\">21.04.2017<\/span><\/a><\/div><h2><a class=\"title\" href=\"http:\/\/mp.aleph-consult.de\/en\/a-solid-ride-on-german-chassis\/\">A Solid Ride on German Chassis<\/a><\/h2><\/header><div class=\"row\"><div class=\"col-xs-12 col-md-3 col-xl-3\"><a class=\"image\" href=\"http:\/\/mp.aleph-consult.de\/en\/a-solid-ride-on-german-chassis\/\"><img width=\"150\" height=\"150\" src=\"http:\/\/mp.aleph-consult.de\/wp-content\/uploads\/2020\/02\/Ni1-400x300-1-150x150.jpg\" class=\"attachment-thumbnail size-thumbnail wp-post-image\" alt=\"\" loading=\"lazy\" srcset=\"http:\/\/mp.aleph-consult.de\/wp-content\/uploads\/2020\/02\/Ni1-400x300-1-150x150.jpg 150w, http:\/\/mp.aleph-consult.de\/wp-content\/uploads\/2020\/02\/Ni1-400x300-1-100x100.jpg 100w\" sizes=\"100vw\" \/><\/a> <\/div><div class=\"col-xs-12 col-md-9 col-xl-9\"><div class=\"content\"><p><strong><\/strong>Mingguang.&nbsp;As a business owner\u2019s daughter, Ni Hongyan did not initially plan to work in the family firm. She became a teacher instead. In mid-2012 though, she decided to switch careers and join the board of the company owned by her family where, as a manager from the new generation, she was desperately needed to help move the company forward. <a  href=\"http:\/\/mp.aleph-consult.de\/en\/a-solid-ride-on-german-chassis\/\" class=\"more-link\">Continue reading<\/a><\/p><\/div><\/div><\/div><\/article><\/div><div class=\"navigation pagination\" style=\"width: 100%;\"><nav class=\"display-posts-pagination nav-links\" role=\"navigation\"><h2 class=\"screen-reader-text\">Navigation<\/h2><div class=\"nav-links\"><span aria-current=\"page\" class=\"page-numbers current\">1<\/span>\n<a class=\"page-numbers\" href=\"http:\/\/mp.aleph-consult.de\/en\/wp-json\/wp\/v2\/pages\/22063\/?dps_paged=2\">2<\/a>\n<a class=\"page-numbers\" href=\"http:\/\/mp.aleph-consult.de\/en\/wp-json\/wp\/v2\/pages\/22063\/?dps_paged=3\">3<\/a>\n<a class=\"next page-numbers\" href=\"http:\/\/mp.aleph-consult.de\/en\/wp-json\/wp\/v2\/pages\/22063\/?dps_paged=2\">\u2192<\/a><\/div><\/nav><\/div>\n","protected":false},"excerpt":{"rendered":"","protected":false},"author":1,"featured_media":0,"parent":22056,"menu_order":0,"comment_status":"closed","ping_status":"closed","template":"","meta":{"ngg_post_thumbnail":0,"_EventAllDay":false,"_EventTimezone":"","_EventStartDate":"","_EventEndDate":"","_EventStartDateUTC":"","_EventEndDateUTC":"","_EventShowMap":false,"_EventShowMapLink":false,"_EventURL":"","_EventCost":"","_EventCostDescription":"","_EventCurrencySymbol":"","_EventCurrencyPosition":"","_EventDateTimeSeparator":"","_EventTimeRangeSeparator":"","_EventOrganizerID":[],"_EventVenueID":0,"_OrganizerEmail":"","_OrganizerPhone":"","_OrganizerWebsite":"","_VenueAddress":"","_VenueCity":"","_VenueCountry":"","_VenueProvince":"","_VenueZip":"","_VenuePhone":"","_VenueURL":"","_VenueStateProvince":"","_VenueLat":"","_VenueLng":""},"folder":[59],"_links":{"self":[{"href":"http:\/\/mp.aleph-consult.de\/en\/wp-json\/wp\/v2\/pages\/22063"}],"collection":[{"href":"http:\/\/mp.aleph-consult.de\/en\/wp-json\/wp\/v2\/pages"}],"about":[{"href":"http:\/\/mp.aleph-consult.de\/en\/wp-json\/wp\/v2\/types\/page"}],"author":[{"embeddable":true,"href":"http:\/\/mp.aleph-consult.de\/en\/wp-json\/wp\/v2\/users\/1"}],"replies":[{"embeddable":true,"href":"http:\/\/mp.aleph-consult.de\/en\/wp-json\/wp\/v2\/comments?post=22063"}],"version-history":[{"count":4,"href":"http:\/\/mp.aleph-consult.de\/en\/wp-json\/wp\/v2\/pages\/22063\/revisions"}],"predecessor-version":[{"id":22215,"href":"http:\/\/mp.aleph-consult.de\/en\/wp-json\/wp\/v2\/pages\/22063\/revisions\/22215"}],"up":[{"embeddable":true,"href":"http:\/\/mp.aleph-consult.de\/en\/wp-json\/wp\/v2\/pages\/22056"}],"wp:attachment":[{"href":"http:\/\/mp.aleph-consult.de\/en\/wp-json\/wp\/v2\/media?parent=22063"}],"wp:term":[{"taxonomy":"folder","embeddable":true,"href":"http:\/\/mp.aleph-consult.de\/en\/wp-json\/wp\/v2\/folder?post=22063"}],"curies":[{"name":"wp","href":"https:\/\/api.w.org\/{rel}","templated":true}]}}